{"id":8366,"date":"2025-10-27T18:16:42","date_gmt":"2025-10-27T18:16:42","guid":{"rendered":"https:\/\/boldgroup.agency\/?page_id=8366"},"modified":"2025-10-27T18:27:36","modified_gmt":"2025-10-27T18:27:36","slug":"strava","status":"publish","type":"page","link":"https:\/\/boldgroup.agency\/sl\/strava\/","title":{"rendered":"Strava"},"content":{"rendered":"\n<div class=\"wp-block-group is-layout-constrained wp-block-group-is-layout-constrained\"><div class=\"wp-block-group__inner-container\">\n<div class=\"wp-block-group strava-kv is-layout-constrained wp-block-group-is-layout-constrained\"><div class=\"wp-block-group__inner-container\">\n<div class=\"wp-block-group agile-video-kv is-layout-constrained wp-block-group-is-layout-constrained\"><div class=\"wp-block-group__inner-container\">\n<figure class=\"wp-block-image size-full desktop-only\"><img decoding=\"async\" loading=\"lazy\" width=\"1920\" height=\"930\" src=\"https:\/\/boldgroup.agency\/wp-content\/uploads\/2025\/10\/strava-bold-desktop-1.jpg\" alt=\"\" class=\"wp-image-8367\" title=\"\" srcset=\"https:\/\/boldgroup.agency\/wp-content\/uploads\/2025\/10\/strava-bold-desktop-1.jpg 1920w, https:\/\/boldgroup.agency\/wp-content\/uploads\/2025\/10\/strava-bold-desktop-1-500x242.jpg 500w, https:\/\/boldgroup.agency\/wp-content\/uploads\/2025\/10\/strava-bold-desktop-1-1024x496.jpg 1024w, https:\/\/boldgroup.agency\/wp-content\/uploads\/2025\/10\/strava-bold-desktop-1-768x372.jpg 768w, https:\/\/boldgroup.agency\/wp-content\/uploads\/2025\/10\/strava-bold-desktop-1-1536x744.jpg 1536w\" sizes=\"(max-width: 1920px) 100vw, 1920px\" \/><\/figure>\n\n\n\n<figure class=\"wp-block-image size-large mobile-only\"><img decoding=\"async\" loading=\"lazy\" width=\"683\" height=\"1024\" src=\"https:\/\/boldgroup.agency\/wp-content\/uploads\/2025\/10\/strava-bold-mobile-1-683x1024.jpg\" alt=\"\" class=\"wp-image-8370\" title=\"\" srcset=\"https:\/\/boldgroup.agency\/wp-content\/uploads\/2025\/10\/strava-bold-mobile-1-683x1024.jpg 683w, https:\/\/boldgroup.agency\/wp-content\/uploads\/2025\/10\/strava-bold-mobile-1-333x500.jpg 333w, https:\/\/boldgroup.agency\/wp-content\/uploads\/2025\/10\/strava-bold-mobile-1-768x1152.jpg 768w, https:\/\/boldgroup.agency\/wp-content\/uploads\/2025\/10\/strava-bold-mobile-1.jpg 800w\" sizes=\"(max-width: 683px) 100vw, 683px\" \/><\/figure>\n<\/div><\/div>\n<\/div><\/div>\n\n\n\n<div class=\"wp-block-group container is-layout-constrained wp-block-group-is-layout-constrained\"><div class=\"wp-block-group__inner-container\">\n<div class=\"wp-block-columns statistics is-layout-flex wp-container-15 wp-block-columns-is-layout-flex\">\n<div class=\"wp-block-column is-vertically-aligned-center is-layout-flow wp-block-column-is-layout-flow\" style=\"flex-basis:28%\">\n<div class=\"wp-block-columns are-vertically-aligned-center is-not-stacked-on-mobile is-layout-flex wp-container-5 wp-block-columns-is-layout-flex\">\n<div class=\"wp-block-column is-vertically-aligned-center statistics-image is-layout-flow wp-block-column-is-layout-flow\" style=\"flex-basis:100px\">\n<figure class=\"wp-block-image size-full\"><img decoding=\"async\" src=\"https:\/\/boldgroup.agency\/wp-content\/uploads\/2025\/10\/strava-icon-1.svg\" alt=\"\" class=\"wp-image-8375\"\/><\/figure>\n<\/div>\n\n\n\n<div class=\"wp-block-column is-vertically-aligned-center is-layout-flow wp-block-column-is-layout-flow\">\n<p><strong>150<\/strong> milijonov uporabnikov<\/p>\n<\/div>\n<\/div>\n<\/div>\n\n\n\n<div class=\"wp-block-column is-vertically-aligned-center is-layout-flow wp-block-column-is-layout-flow\" style=\"flex-basis:28%\">\n<div class=\"wp-block-columns are-vertically-aligned-center is-not-stacked-on-mobile is-layout-flex wp-container-9 wp-block-columns-is-layout-flex\">\n<div class=\"wp-block-column is-vertically-aligned-center statistics-image is-layout-flow wp-block-column-is-layout-flow\" style=\"flex-basis:100px\">\n<figure class=\"wp-block-image size-full\"><img decoding=\"async\" src=\"https:\/\/boldgroup.agency\/wp-content\/uploads\/2025\/10\/strava-icon-2.svg\" alt=\"\" class=\"wp-image-8378\"\/><\/figure>\n<\/div>\n\n\n\n<div class=\"wp-block-column is-vertically-aligned-center is-layout-flow wp-block-column-is-layout-flow\">\n<p><strong>2x vi\u0161ji<\/strong><br>priklic znamke<\/p>\n<\/div>\n<\/div>\n<\/div>\n\n\n\n<div class=\"wp-block-column is-vertically-aligned-center is-layout-flow wp-block-column-is-layout-flow\" style=\"flex-basis:44%\">\n<div class=\"wp-block-columns are-vertically-aligned-center is-not-stacked-on-mobile is-layout-flex wp-container-13 wp-block-columns-is-layout-flex\">\n<div class=\"wp-block-column is-vertically-aligned-center statistics-image is-layout-flow wp-block-column-is-layout-flow\" style=\"flex-basis:100px\">\n<figure class=\"wp-block-image size-full\"><img decoding=\"async\" src=\"https:\/\/boldgroup.agency\/wp-content\/uploads\/2025\/10\/strava-icon-3.svg\" alt=\"\" class=\"wp-image-8382\"\/><\/figure>\n<\/div>\n\n\n\n<div class=\"wp-block-column is-vertically-aligned-center is-layout-flow wp-block-column-is-layout-flow\">\n<p>Stravo pozna in tudi uporablja <strong>ve\u010dina rekreativcev in profesionalcev.<\/strong><\/p>\n<\/div>\n<\/div>\n<\/div>\n<\/div>\n\n\n\n<div class=\"wp-block-columns col-gap is-layout-flex wp-container-18 wp-block-columns-is-layout-flex\">\n<div class=\"wp-block-column is-layout-flow wp-block-column-is-layout-flow\">\n<figure class=\"wp-block-image size-full\"><img decoding=\"async\" loading=\"lazy\" width=\"689\" height=\"444\" src=\"https:\/\/boldgroup.agency\/wp-content\/uploads\/2025\/10\/strava-slika-bold-1.jpg\" alt=\"\" class=\"wp-image-8385\" srcset=\"https:\/\/boldgroup.agency\/wp-content\/uploads\/2025\/10\/strava-slika-bold-1.jpg 689w, https:\/\/boldgroup.agency\/wp-content\/uploads\/2025\/10\/strava-slika-bold-1-500x322.jpg 500w\" sizes=\"(max-width: 689px) 100vw, 689px\" \/><\/figure>\n<\/div>\n\n\n\n<div class=\"wp-block-column is-layout-flow wp-block-column-is-layout-flow\">\n<h3 class=\"wp-block-heading\">Smo prva agencija v Sloveniji, ki sodeluje z aplikacijo Strava.<\/h3>\n\n\n\n<p>Pomagamo vam, da pridete v stik z ljudmi<br>v njihovih <strong>trenutkih motivacije, ponosa in osebnih zmag<\/strong>, namesto med pasivnim brskanjem po zaslonu.<\/p>\n<\/div>\n<\/div>\n\n\n\n<div class=\"wp-block-columns strava-checks is-layout-flex wp-container-22 wp-block-columns-is-layout-flex\">\n<div class=\"wp-block-column is-vertically-aligned-top strava-checks-item is-layout-flow wp-block-column-is-layout-flow\"><div class=\"wp-block-image\">\n<figure class=\"aligncenter size-full\"><img decoding=\"async\" src=\"https:\/\/boldgroup.agency\/wp-content\/uploads\/2025\/10\/check-icon.svg\" alt=\"\" class=\"wp-image-8388\"\/><\/figure><\/div>\n\n\n<p class=\"has-text-align-center\">\u0160port in rekreacija izjemno povezujeta ljudi. Sploh Slovence. Z neko obliko aktivnosti se nas redno ukvarja kar 61 % odraslih.<\/p>\n<\/div>\n\n\n\n<div class=\"wp-block-column is-vertically-aligned-top strava-checks-item is-layout-flow wp-block-column-is-layout-flow\"><div class=\"wp-block-image\">\n<figure class=\"aligncenter size-full\"><img decoding=\"async\" src=\"https:\/\/boldgroup.agency\/wp-content\/uploads\/2025\/10\/check-icon-1.svg\" alt=\"\" class=\"wp-image-8391\"\/><\/figure><\/div>\n\n\n<p class=\"has-text-align-center\">Svojim naro\u010dnikom bomo<br>omogo\u010dali neposreden dostop do najnovej\u0161ih informacij, vpogledov<br>in strategij za slovenski trg<br>in regijo Adriatik.<\/p>\n<\/div>\n\n\n\n<div class=\"wp-block-column is-vertically-aligned-top strava-checks-item is-layout-flow wp-block-column-is-layout-flow\"><div class=\"wp-block-image\">\n<figure class=\"aligncenter size-full\"><img decoding=\"async\" src=\"https:\/\/boldgroup.agency\/wp-content\/uploads\/2025\/10\/check-icon-2.svg\" alt=\"\" class=\"wp-image-8394\"\/><\/figure><\/div>\n\n\n<p class=\"has-text-align-center\">Na\u0161a vloga je jasna \u2013<br>naro\u010dnikom pomagamo razumeti, kako Strava deluje in kako jo lahko vklju\u010dijo v gradnjo svoje blagovne<br>znamke, hkrati pa poskrbimo tudi za izvedbo u\u010dinkovitih kampanj, ki so prilagojene ciljni skupini.<\/p>\n<\/div>\n<\/div>\n\n\n\n<div class=\"wp-block-group strava-steps is-layout-constrained wp-block-group-is-layout-constrained\"><div class=\"wp-block-group__inner-container\">\n<div class=\"wp-block-group is-layout-constrained wp-block-group-is-layout-constrained\"><div class=\"wp-block-group__inner-container\">\n<h2 class=\"wp-block-heading has-text-align-center\">Do akcije v treh korakih<\/h2>\n\n\n\n<p class=\"has-text-align-center\">Razumemo, da vsak projekt potrebuje re\u0161itev po meri.<br>Na\u0161a agilna ekipa z vami aktivno sodeluje vse od uvodnega sestanka do implementacije.<\/p>\n<\/div><\/div>\n\n\n\n<div class=\"wp-block-columns strava-steps-list is-layout-flex wp-container-36 wp-block-columns-is-layout-flex\">\n<div class=\"wp-block-column is-layout-flow wp-block-column-is-layout-flow\">\n<div class=\"wp-block-columns are-vertically-aligned-center is-not-stacked-on-mobile strava-steps-item is-layout-flex wp-container-26 wp-block-columns-is-layout-flex\">\n<div class=\"wp-block-column is-vertically-aligned-center strava-steps-num is-layout-flow wp-block-column-is-layout-flow\" style=\"flex-basis:70px\">\n<p>1<\/p>\n<\/div>\n\n\n\n<div class=\"wp-block-column is-vertically-aligned-center strava-steps-text is-layout-flow wp-block-column-is-layout-flow\">\n<p>SPOZNAVANJE<br>IN USKLADITEV<\/p>\n<\/div>\n<\/div>\n<\/div>\n\n\n\n<div class=\"wp-block-column is-layout-flow wp-block-column-is-layout-flow\">\n<div class=\"wp-block-columns are-vertically-aligned-center is-not-stacked-on-mobile strava-steps-item is-layout-flex wp-container-30 wp-block-columns-is-layout-flex\">\n<div class=\"wp-block-column is-vertically-aligned-center strava-steps-num is-layout-flow wp-block-column-is-layout-flow\" style=\"flex-basis:70px\">\n<p>2<\/p>\n<\/div>\n\n\n\n<div class=\"wp-block-column is-vertically-aligned-center strava-steps-text is-layout-flow wp-block-column-is-layout-flow\">\n<p>PERSONALIZIRANA PONUDBA<\/p>\n<\/div>\n<\/div>\n<\/div>\n\n\n\n<div class=\"wp-block-column is-layout-flow wp-block-column-is-layout-flow\">\n<div class=\"wp-block-columns are-vertically-aligned-center is-not-stacked-on-mobile strava-steps-item is-layout-flex wp-container-34 wp-block-columns-is-layout-flex\">\n<div class=\"wp-block-column is-vertically-aligned-center strava-steps-num is-layout-flow wp-block-column-is-layout-flow\" style=\"flex-basis:70px\">\n<p>3<\/p>\n<\/div>\n\n\n\n<div class=\"wp-block-column is-vertically-aligned-center strava-steps-text is-layout-flow wp-block-column-is-layout-flow\">\n<p>USPE\u0160NA AKTIVACIJA IN PODPORA<\/p>\n<\/div>\n<\/div>\n<\/div>\n<\/div>\n\n\n\n<div class=\"wp-block-buttons strava-btn is-content-justification-center is-layout-flex wp-container-37 wp-block-buttons-is-layout-flex\">\n<div class=\"wp-block-button\"><a class=\"wp-block-button__link wp-element-button\" href=\"\/sl\/kontakt\/\">Kontaktirajte nas<\/a><\/div>\n<\/div>\n<\/div><\/div>\n\n\n\n<div class=\"wp-block-columns col-gap is-layout-flex wp-container-41 wp-block-columns-is-layout-flex\">\n<div class=\"wp-block-column is-layout-flow wp-block-column-is-layout-flow\">\n<h3 class=\"wp-block-heading\">Prenesite vodi\u010d po Stravi<\/h3>\n\n\n\n<p>Spoznajte ve\u010d o mo\u017enostih interakcije s svojo ciljno skupino in \u0161portnimi ter rekreacijskimi navdu\u0161enci.<\/p>\n<\/div>\n\n\n\n<div class=\"wp-block-column is-layout-flow wp-block-column-is-layout-flow\">\n<figure class=\"wp-block-image size-full\"><img decoding=\"async\" loading=\"lazy\" width=\"693\" height=\"474\" src=\"https:\/\/boldgroup.agency\/wp-content\/uploads\/2025\/10\/strava-vodic.png\" alt=\"\" class=\"wp-image-8397\" srcset=\"https:\/\/boldgroup.agency\/wp-content\/uploads\/2025\/10\/strava-vodic.png 693w, https:\/\/boldgroup.agency\/wp-content\/uploads\/2025\/10\/strava-vodic-500x342.png 500w\" sizes=\"(max-width: 693px) 100vw, 693px\" \/><\/figure>\n<\/div>\n<\/div>\n\n\n\n<div id=\"contact\" class=\"wp-block-group strave-contact is-layout-constrained wp-block-group-is-layout-constrained\"><div class=\"wp-block-group__inner-container\">\n<p class=\"strava-contact-text\">Vpi\u0161ite svoje podatke v spodnje polje in prenesite Strava vodi\u010d.<\/p>\n\n\n\n<div class=\"wpcf7 no-js\" id=\"wpcf7-f6795-o1\" lang=\"sl-SI\" dir=\"ltr\">\n<div class=\"screen-reader-response\"><p role=\"status\" aria-live=\"polite\" aria-atomic=\"true\"><\/p> <ul><\/ul><\/div>\n<form action=\"\/sl\/wp-json\/wp\/v2\/pages\/8366#wpcf7-f6795-o1\" method=\"post\" class=\"wpcf7-form init cf7mls-no-scroll cf7mls-auto-return-first-step cf7mls-no-moving-animation\" aria-label=\"Contact form\" novalidate=\"novalidate\" data-status=\"init\">\n<div style=\"display: none;\">\n<input type=\"hidden\" name=\"_wpcf7\" value=\"6795\" \/>\n<input type=\"hidden\" name=\"_wpcf7_version\" value=\"5.8\" \/>\n<input type=\"hidden\" name=\"_wpcf7_locale\" value=\"sl_SI\" \/>\n<input type=\"hidden\" name=\"_wpcf7_unit_tag\" value=\"wpcf7-f6795-o1\" \/>\n<input type=\"hidden\" name=\"_wpcf7_container_post\" value=\"0\" \/>\n<input type=\"hidden\" name=\"_wpcf7_posted_data_hash\" value=\"\" \/>\n<input type=\"hidden\" name=\"_wpcf7_recaptcha_response\" value=\"\" \/>\n<\/div>\n<div class=\"form7-row\">\n\t<div class=\"form7-col form7-col-12\">\n\t\t<p><label><span class=\"wpcf7-form-control-wrap\" data-name=\"your-name\"><input size=\"40\" class=\"wpcf7-form-control wpcf7-text wpcf7-validates-as-required\" aria-required=\"true\" aria-invalid=\"false\" placeholder=\"Ime\" value=\"\" type=\"text\" name=\"your-name\" \/><\/span> <\/label>\n\t\t<\/p>\n\t<\/div>\n<\/div>\n<div class=\"form7-row\">\n\t<div class=\"form7-col form7-col-12\">\n\t\t<p><label><span class=\"wpcf7-form-control-wrap\" data-name=\"your-surname\"><input size=\"40\" class=\"wpcf7-form-control wpcf7-text wpcf7-validates-as-required\" aria-required=\"true\" aria-invalid=\"false\" placeholder=\"Priimek\" value=\"\" type=\"text\" name=\"your-surname\" \/><\/span><\/label>\n\t\t<\/p>\n\t<\/div>\n<\/div>\n<div class=\"form7-row\">\n\t<div class=\"form7-col form7-col-12\">\n\t\t<p><label><span class=\"wpcf7-form-control-wrap\" data-name=\"your-email\"><input size=\"40\" class=\"wpcf7-form-control wpcf7-email wpcf7-validates-as-required wpcf7-text wpcf7-validates-as-email\" aria-required=\"true\" aria-invalid=\"false\" placeholder=\"Email (obvezno)\" value=\"\" type=\"email\" name=\"your-email\" \/><\/span><\/label>\n\t\t<\/p>\n\t<\/div>\n<\/div>\n<div class=\"form7-accept\">\n\t<p><span class=\"wpcf7-form-control-wrap\" data-name=\"acceptance-434\"><span class=\"wpcf7-form-control wpcf7-acceptance\"><span class=\"wpcf7-list-item\"><label><input type=\"checkbox\" name=\"acceptance-434\" value=\"1\" aria-invalid=\"false\" \/><span class=\"wpcf7-list-item-label\">Strinjam sem, da bold.group hrani in obdeluje moje podatke izklju\u010dno za la\u017ejo komunikacijo ter obve\u0161\u010danje o ponudbi. <a href='\/politika-zasebnosti' target='_blank'><span> Preberite politiko zasebnosti.<\/span><\/a><\/span><\/label><\/span><\/span><\/span>\n\t<\/p>\n<\/div>\n<div class=\"form7-submit-wrapper\">\n\t<p><input class=\"wpcf7-form-control wpcf7-submit has-spinner\" type=\"submit\" value=\"Odkleni vodi\u010d\" \/>\n\t<\/p>\n<\/div><input type='hidden' class='wpcf7-pum' value='{\"closepopup\":false,\"closedelay\":0,\"openpopup\":false,\"openpopup_id\":0}' \/><div class=\"wpcf7-response-output\" aria-hidden=\"true\"><\/div>\n<\/form>\n<\/div>\n\n<\/div><\/div>\n<\/div><\/div>\n<\/div><\/div>\n","protected":false},"excerpt":{"rendered":"<p>150 milijonov uporabnikov 2x vi\u0161jipriklic znamke Stravo pozna in tudi uporablja ve\u010dina rekreativcev in profesionalcev. Smo prva agencija v Sloveniji, ki sodeluje z aplikacijo Strava. Pomagamo vam, da pridete v [&hellip;]<\/p>\n","protected":false},"author":1,"featured_media":0,"parent":0,"menu_order":0,"comment_status":"closed","ping_status":"closed","template":"agile-lp-template.php","meta":{"ngg_post_thumbnail":0,"footnotes":""},"acf":[],"yoast_head":"<!-- This site is optimized with the Yoast SEO plugin v20.13 - https:\/\/yoast.com\/wordpress\/plugins\/seo\/ -->\n<title>Strava - Bold group<\/title>\n<meta name=\"robots\" content=\"index, follow, max-snippet:-1, max-image-preview:large, max-video-preview:-1\" \/>\n<link rel=\"canonical\" href=\"https:\/\/boldgroup.agency\/sl\/strava\/\" \/>\n<meta property=\"og:locale\" content=\"sl_SI\" \/>\n<meta property=\"og:type\" content=\"article\" \/>\n<meta property=\"og:title\" content=\"Strava - Bold group\" \/>\n<meta property=\"og:description\" content=\"150 milijonov uporabnikov 2x vi\u0161jipriklic znamke Stravo pozna in tudi uporablja ve\u010dina rekreativcev in profesionalcev. Smo prva agencija v Sloveniji, ki sodeluje z aplikacijo Strava. Pomagamo vam, da pridete v [&hellip;]\" \/>\n<meta property=\"og:url\" content=\"https:\/\/boldgroup.agency\/sl\/strava\/\" \/>\n<meta property=\"og:site_name\" content=\"Bold group\" \/>\n<meta property=\"article:modified_time\" content=\"2025-10-27T18:27:36+00:00\" \/>\n<meta property=\"og:image\" content=\"https:\/\/boldgroup.agency\/wp-content\/uploads\/2025\/10\/strava-bold-desktop-1.jpg\" \/>\n<meta name=\"twitter:card\" content=\"summary_large_image\" \/>\n<meta name=\"twitter:label1\" content=\"Est. reading time\" \/>\n\t<meta name=\"twitter:data1\" content=\"3 minute\" \/>\n<script type=\"application\/ld+json\" class=\"yoast-schema-graph\">{\"@context\":\"https:\/\/schema.org\",\"@graph\":[{\"@type\":\"WebPage\",\"@id\":\"https:\/\/boldgroup.agency\/sl\/strava\/\",\"url\":\"https:\/\/boldgroup.agency\/sl\/strava\/\",\"name\":\"Strava - Bold group\",\"isPartOf\":{\"@id\":\"https:\/\/boldgroup.agency\/#website\"},\"datePublished\":\"2025-10-27T18:16:42+00:00\",\"dateModified\":\"2025-10-27T18:27:36+00:00\",\"inLanguage\":\"sl-SI\",\"potentialAction\":[{\"@type\":\"ReadAction\",\"target\":[\"https:\/\/boldgroup.agency\/sl\/strava\/\"]}]},{\"@type\":\"WebSite\",\"@id\":\"https:\/\/boldgroup.agency\/#website\",\"url\":\"https:\/\/boldgroup.agency\/\",\"name\":\"Bold group\",\"description\":\"Skupaj razvijamo drzne ideje, ki oblikujejo nov 360\u00ba svet.\",\"potentialAction\":[{\"@type\":\"SearchAction\",\"target\":{\"@type\":\"EntryPoint\",\"urlTemplate\":\"https:\/\/boldgroup.agency\/?s={search_term_string}\"},\"query-input\":\"required name=search_term_string\"}],\"inLanguage\":\"sl-SI\"}]}<\/script>\n<!-- \/ Yoast SEO plugin. -->","yoast_head_json":{"title":"Strava - Bold group","robots":{"index":"index","follow":"follow","max-snippet":"max-snippet:-1","max-image-preview":"max-image-preview:large","max-video-preview":"max-video-preview:-1"},"canonical":"https:\/\/boldgroup.agency\/sl\/strava\/","og_locale":"sl_SI","og_type":"article","og_title":"Strava - Bold group","og_description":"150 milijonov uporabnikov 2x vi\u0161jipriklic znamke Stravo pozna in tudi uporablja ve\u010dina rekreativcev in profesionalcev. Smo prva agencija v Sloveniji, ki sodeluje z aplikacijo Strava. Pomagamo vam, da pridete v [&hellip;]","og_url":"https:\/\/boldgroup.agency\/sl\/strava\/","og_site_name":"Bold group","article_modified_time":"2025-10-27T18:27:36+00:00","og_image":[{"url":"https:\/\/boldgroup.agency\/wp-content\/uploads\/2025\/10\/strava-bold-desktop-1.jpg"}],"twitter_card":"summary_large_image","twitter_misc":{"Est. reading time":"3 minute"},"schema":{"@context":"https:\/\/schema.org","@graph":[{"@type":"WebPage","@id":"https:\/\/boldgroup.agency\/sl\/strava\/","url":"https:\/\/boldgroup.agency\/sl\/strava\/","name":"Strava - Bold group","isPartOf":{"@id":"https:\/\/boldgroup.agency\/#website"},"datePublished":"2025-10-27T18:16:42+00:00","dateModified":"2025-10-27T18:27:36+00:00","inLanguage":"sl-SI","potentialAction":[{"@type":"ReadAction","target":["https:\/\/boldgroup.agency\/sl\/strava\/"]}]},{"@type":"WebSite","@id":"https:\/\/boldgroup.agency\/#website","url":"https:\/\/boldgroup.agency\/","name":"Bold group","description":"Skupaj razvijamo drzne ideje, ki oblikujejo nov 360\u00ba svet.","potentialAction":[{"@type":"SearchAction","target":{"@type":"EntryPoint","urlTemplate":"https:\/\/boldgroup.agency\/?s={search_term_string}"},"query-input":"required name=search_term_string"}],"inLanguage":"sl-SI"}]}},"_links":{"self":[{"href":"https:\/\/boldgroup.agency\/sl\/wp-json\/wp\/v2\/pages\/8366"}],"collection":[{"href":"https:\/\/boldgroup.agency\/sl\/wp-json\/wp\/v2\/pages"}],"about":[{"href":"https:\/\/boldgroup.agency\/sl\/wp-json\/wp\/v2\/types\/page"}],"author":[{"embeddable":true,"href":"https:\/\/boldgroup.agency\/sl\/wp-json\/wp\/v2\/users\/1"}],"replies":[{"embeddable":true,"href":"https:\/\/boldgroup.agency\/sl\/wp-json\/wp\/v2\/comments?post=8366"}],"version-history":[{"count":4,"href":"https:\/\/boldgroup.agency\/sl\/wp-json\/wp\/v2\/pages\/8366\/revisions"}],"predecessor-version":[{"id":8403,"href":"https:\/\/boldgroup.agency\/sl\/wp-json\/wp\/v2\/pages\/8366\/revisions\/8403"}],"wp:attachment":[{"href":"https:\/\/boldgroup.agency\/sl\/wp-json\/wp\/v2\/media?parent=8366"}],"curies":[{"name":"wp","href":"https:\/\/api.w.org\/{rel}","templated":true}]}}