{"id":5477,"date":"2023-10-17T07:08:13","date_gmt":"2023-10-17T07:08:13","guid":{"rendered":"https:\/\/boldgroup.agency\/?page_id=5477"},"modified":"2025-08-14T11:19:12","modified_gmt":"2025-08-14T11:19:12","slug":"gradiva-in-predloge","status":"publish","type":"page","link":"https:\/\/boldgroup.agency\/sl\/gradiva-in-predloge\/","title":{"rendered":"Gradiva in Predloge"},"content":{"rendered":"\n<div class=\"wp-block-group materials is-layout-constrained wp-block-group-is-layout-constrained\"><div class=\"wp-block-group__inner-container\">\n<div class=\"wp-block-group container is-layout-constrained wp-block-group-is-layout-constrained\"><div class=\"wp-block-group__inner-container\">\n<h2 class=\"wp-block-heading\">Gradiva in Predloge<\/h2>\n\n\n\n<p class=\"text-big pad-b-0\"><strong>\u017divijo,<\/strong><\/p>\n\n\n\n<p class=\"text-big\">pred vami je Boldversum. Skriti koti\u010dek znanja in mo\u017enosti sodelovanja Bold.group, ki vam omogo\u010da uresni\u010devanja sanj va\u0161ega podjetja ali blagovne znamke.<\/p>\n\n\n\n<div style=\"height:6rem\" aria-hidden=\"true\" class=\"wp-block-spacer\"><\/div>\n\n\n\n<div class=\"wp-block-group materials-pdf is-layout-constrained wp-block-group-is-layout-constrained\"><div class=\"wp-block-group__inner-container\">\n<h3 class=\"wp-block-heading\">Predstavitve in ideje<\/h3>\n\n\n\n<div class=\"wp-block-columns is-layout-flex wp-container-4 wp-block-columns-is-layout-flex\">\n<div class=\"wp-block-column is-layout-flow wp-block-column-is-layout-flow\" style=\"flex-basis:33.33%\">\n<figure class=\"wp-block-image size-full\"><a href=\"http:\/\/boldgroup.agency\/wp-content\/uploads\/2023\/10\/Bold.group-To-sem-jaz.pdf\" target=\"_blank\" rel=\"noreferrer noopener\"><img decoding=\"async\" loading=\"lazy\" width=\"460\" height=\"300\" src=\"http:\/\/boldgroup.agency\/wp-content\/uploads\/2023\/10\/BG-SPLOSNA.jpg\" alt=\"\" class=\"wp-image-5557\" style=\"aspect-ratio:1.5;object-fit:cover\"\/><\/a><\/figure>\n\n\n\n<h4 class=\"wp-block-heading\"><a href=\"http:\/\/boldgroup.agency\/wp-content\/uploads\/2023\/10\/Bold.group-To-sem-jaz.pdf\" target=\"_blank\" rel=\"noreferrer noopener\">Bold.group &#8211; To sem jaz!<\/a><\/h4>\n<\/div>\n\n\n\n<div class=\"wp-block-column is-layout-flow wp-block-column-is-layout-flow\" style=\"flex-basis:33.33%\">\n<figure class=\"wp-block-image size-full\"><a href=\"http:\/\/boldgroup.agency\/wp-content\/uploads\/2023\/10\/POS-Materiali-To-je-noro.pdf\" target=\"_blank\" rel=\"noreferrer noopener\"><img decoding=\"async\" loading=\"lazy\" width=\"460\" height=\"300\" src=\"http:\/\/boldgroup.agency\/wp-content\/uploads\/2023\/10\/BG-POS-Materiali.jpg\" alt=\"\" class=\"wp-image-5577\" style=\"aspect-ratio:1.5;object-fit:cover\"\/><\/a><\/figure>\n\n\n\n<h4 class=\"wp-block-heading\"><a href=\"http:\/\/boldgroup.agency\/wp-content\/uploads\/2023\/10\/POS-Materiali-To-je-noro.pdf\" target=\"_blank\" rel=\"noreferrer noopener\">POS Materiali &#8211; To je noro!<\/a><\/h4>\n<\/div>\n\n\n\n<div class=\"wp-block-column is-layout-flow wp-block-column-is-layout-flow\" style=\"flex-basis:33.33%\">\n<figure class=\"wp-block-image size-full\"><a href=\"http:\/\/boldgroup.agency\/wp-content\/uploads\/2023\/10\/Predstavitev-dodgodkov-To-je-experience.pdf\" target=\"_blank\" rel=\"noreferrer noopener\"><img decoding=\"async\" loading=\"lazy\" width=\"460\" height=\"300\" src=\"http:\/\/boldgroup.agency\/wp-content\/uploads\/2023\/10\/BG-Predstavitev-dodgodkov-.jpg\" alt=\"\" class=\"wp-image-5580\" style=\"aspect-ratio:1.5;object-fit:cover\"\/><\/a><\/figure>\n\n\n\n<h4 class=\"wp-block-heading\"><a href=\"http:\/\/boldgroup.agency\/wp-content\/uploads\/2023\/10\/Predstavitev-dodgodkov-To-je-experience.pdf\" target=\"_blank\" rel=\"noreferrer noopener\">Predstavitev dogodkov -To je experience!<\/a><\/h4>\n<\/div>\n<\/div>\n\n\n\n<div class=\"wp-block-columns is-layout-flex wp-container-8 wp-block-columns-is-layout-flex\">\n<div class=\"wp-block-column is-layout-flow wp-block-column-is-layout-flow\" style=\"flex-basis:33.33%\">\n<figure class=\"wp-block-image size-full\"><a href=\"http:\/\/boldgroup.agency\/wp-content\/uploads\/2023\/10\/Tiktok-prezentacija-To-je-TikTok.pdf\" target=\"_blank\" rel=\"noreferrer noopener\"><img decoding=\"async\" loading=\"lazy\" width=\"460\" height=\"300\" src=\"https:\/\/boldgroup.agency\/wp-content\/uploads\/2023\/10\/BG-Tiktok-prezentacija.jpg\" alt=\"\" class=\"wp-image-5589\" style=\"aspect-ratio:1.5;object-fit:cover\"\/><\/a><\/figure>\n\n\n\n<h4 class=\"wp-block-heading\"><a href=\"http:\/\/boldgroup.agency\/wp-content\/uploads\/2023\/10\/Tiktok-prezentacija-To-je-TikTok.pdf\" target=\"_blank\" rel=\"noreferrer noopener\">Tiktok prezentacija &#8211; To je TikTok!<\/a><\/h4>\n<\/div>\n\n\n\n<div class=\"wp-block-column is-layout-flow wp-block-column-is-layout-flow\" style=\"flex-basis:33.33%\">\n<figure class=\"wp-block-image size-full\"><a href=\"http:\/\/boldgroup.agency\/wp-content\/uploads\/2023\/10\/Turizem-prezentacija-To-je-Waw.pdf\" target=\"_blank\" rel=\"noreferrer noopener\"><img decoding=\"async\" loading=\"lazy\" width=\"460\" height=\"300\" src=\"http:\/\/boldgroup.agency\/wp-content\/uploads\/2023\/10\/BG-Turizem-prezentacija.jpg\" alt=\"\" class=\"wp-image-5592\" style=\"aspect-ratio:1.5;object-fit:cover\"\/><\/a><\/figure>\n\n\n\n<h4 class=\"wp-block-heading\"><a href=\"http:\/\/boldgroup.agency\/wp-content\/uploads\/2023\/10\/Turizem-prezentacija-To-je-Waw.pdf\" target=\"_blank\" rel=\"noreferrer noopener\">Turizem prezentacija &#8211; To je Waw!<\/a><\/h4>\n<\/div>\n\n\n\n<div class=\"wp-block-column is-layout-flow wp-block-column-is-layout-flow\" style=\"flex-basis:33.33%\">\n<figure class=\"wp-block-image size-full\"><a href=\"http:\/\/boldgroup.agency\/wp-content\/uploads\/2025\/08\/Boldgroup_x_Strava.pdf\" target=\"_blank\" rel=\"noreferrer noopener\"><img decoding=\"async\" loading=\"lazy\" width=\"460\" height=\"300\" src=\"https:\/\/boldgroup.agency\/wp-content\/uploads\/2025\/08\/BGxSTRAVA.jpg\" alt=\"\" class=\"wp-image-8353\" style=\"aspect-ratio:1.5;object-fit:cover\"\/><\/a><\/figure>\n\n\n\n<h4 class=\"wp-block-heading\"><a href=\"http:\/\/boldgroup.agency\/wp-content\/uploads\/2025\/08\/Boldgroup_x_Strava.pdf\" target=\"_blank\" rel=\"noreferrer noopener\">Strava &#8211; To je prihodnost<\/a><\/h4>\n<\/div>\n<\/div>\n<\/div><\/div>\n\n\n\n<div style=\"height:5rem\" aria-hidden=\"true\" class=\"wp-block-spacer\"><\/div>\n\n\n\n<div class=\"wp-block-group materials-border is-layout-constrained wp-block-group-is-layout-constrained\"><div class=\"wp-block-group__inner-container\">\n<h3 class=\"wp-block-heading\">Bold predloge<\/h3>\n\n\n\n<div class=\"wp-block-columns is-layout-flex wp-container-13 wp-block-columns-is-layout-flex\">\n<div class=\"wp-block-column is-layout-flow wp-block-column-is-layout-flow\">\n<figure class=\"wp-block-image size-full\"><a href=\"https:\/\/miro.com\/miroverse\/personal-linkedin-strategy-template\/\" target=\"_blank\" rel=\"noreferrer noopener\"><img decoding=\"async\" loading=\"lazy\" width=\"460\" height=\"300\" src=\"http:\/\/boldgroup.agency\/wp-content\/uploads\/2023\/10\/BG-MIRO-linkedin-predloga.jpg\" alt=\"\" class=\"wp-image-5601\" style=\"aspect-ratio:1.5;object-fit:cover\"\/><\/a><\/figure>\n\n\n\n<h4 class=\"wp-block-heading\"><a href=\"https:\/\/miro.com\/miroverse\/personal-linkedin-strategy-template\/\" target=\"_blank\" rel=\"noreferrer noopener\">Miro LinkedIn predloga<\/a><\/h4>\n<\/div>\n\n\n\n<div class=\"wp-block-column is-layout-flow wp-block-column-is-layout-flow\">\n<figure class=\"wp-block-image size-full\"><a href=\"https:\/\/miro.com\/miroverse\/b2b-discovery-workshop-template\/\" target=\"_blank\" rel=\"noreferrer noopener\"><img decoding=\"async\" loading=\"lazy\" width=\"460\" height=\"300\" src=\"http:\/\/boldgroup.agency\/wp-content\/uploads\/2023\/10\/BG-MIRO-discovery-delavnica-1.jpg\" alt=\"\" class=\"wp-image-5700\" style=\"aspect-ratio:1.5;object-fit:cover\"\/><\/a><\/figure>\n\n\n\n<h4 class=\"wp-block-heading\"><a href=\"https:\/\/miro.com\/miroverse\/b2b-discovery-workshop-template\/\" target=\"_blank\" rel=\"noreferrer noopener\">Miro Discovery delavnica<\/a><\/h4>\n<\/div>\n\n\n\n<div class=\"wp-block-column is-layout-flow wp-block-column-is-layout-flow\">\n<figure class=\"wp-block-image size-full\"><a href=\"http:\/\/boldgroup.agency\/wp-content\/uploads\/2023\/10\/TIKTOK_prirocnik_SLO-.pdf\" target=\"_blank\" rel=\"noreferrer noopener\"><img decoding=\"async\" loading=\"lazy\" width=\"460\" height=\"300\" src=\"http:\/\/boldgroup.agency\/wp-content\/uploads\/2023\/10\/BG-TikTok-prirocnik.jpg\" alt=\"\" class=\"wp-image-5608\" style=\"aspect-ratio:1.5;object-fit:cover\"\/><\/a><\/figure>\n\n\n\n<h4 class=\"wp-block-heading\"><a href=\"http:\/\/boldgroup.agency\/wp-content\/uploads\/2023\/10\/TIKTOK_prirocnik_SLO-.pdf\" target=\"_blank\" rel=\"noreferrer noopener\">TIKTOK priro\u010dnik (2022)<\/a> <\/h4>\n<\/div>\n<\/div>\n<\/div><\/div>\n\n\n\n<div style=\"height:6rem\" aria-hidden=\"true\" class=\"wp-block-spacer\"><\/div>\n\n\n\n<div class=\"wp-block-group materials-videos materials-border is-layout-constrained wp-block-group-is-layout-constrained\"><div class=\"wp-block-group__inner-container\">\n<h3 class=\"wp-block-heading\">Webinarji<\/h3>\n\n\n\n<div class=\"wp-block-columns is-layout-flex wp-container-16 wp-block-columns-is-layout-flex\">\n<div class=\"wp-block-column is-layout-flow wp-block-column-is-layout-flow\" style=\"flex-basis:33.33%\">\n<figure class=\"wp-block-image size-full\"><a href=\"https:\/\/event.webinarjam.com\/go\/replay\/2\/6rmggs0ipigi6\" target=\"_blank\" rel=\"noreferrer noopener\"><img decoding=\"async\" loading=\"lazy\" width=\"460\" height=\"300\" src=\"http:\/\/boldgroup.agency\/wp-content\/uploads\/2024\/04\/boldgroup_kreativni-webinar_oglas-460x300-1.png\" alt=\"\" class=\"wp-image-7052\" style=\"aspect-ratio:1.5;object-fit:cover\"\/><\/a><\/figure>\n\n\n\n<h4 class=\"wp-block-heading\"><a href=\"https:\/\/event.webinarjam.com\/login\/l5lmmcmi4iniksn\" target=\"_blank\" rel=\"noreferrer noopener\">Brezpla\u010den webinar o dru\u017ebeni odgovornosti in trajnosti za podjetja<\/a><\/h4>\n<\/div>\n<\/div>\n<\/div><\/div>\n\n\n\n<div style=\"height:5rem\" aria-hidden=\"true\" class=\"wp-block-spacer\"><\/div>\n<\/div><\/div>\n<\/div><\/div>\n\n\n\n<div style=\"height:6.2rem\" aria-hidden=\"true\" class=\"wp-block-spacer\"><\/div>\n\n\n\n<div class=\"wp-block-group materials-pop-up is-layout-constrained wp-block-group-is-layout-constrained\"><div class=\"wp-block-group__inner-container\">\n<div class=\"wp-block-group materials-pop-up-inner is-layout-constrained wp-block-group-is-layout-constrained\"><div class=\"wp-block-group__inner-container\">\n<h3 class=\"wp-block-heading\">\u017divijo in dobrodo\u0161li!<\/h3>\n\n\n\n<p>Samo \u0161e en korak vas lo\u010di do Boldversum-a.<\/p>\n\n\n\n<div class=\"wpcf7 no-js\" id=\"wpcf7-f5498-o1\" lang=\"sl-SI\" dir=\"ltr\">\n<div class=\"screen-reader-response\"><p role=\"status\" aria-live=\"polite\" aria-atomic=\"true\"><\/p> <ul><\/ul><\/div>\n<form action=\"\/sl\/wp-json\/wp\/v2\/pages\/5477#wpcf7-f5498-o1\" method=\"post\" class=\"wpcf7-form init cf7mls-no-scroll cf7mls-auto-return-first-step cf7mls-no-moving-animation\" aria-label=\"Contact form\" novalidate=\"novalidate\" data-status=\"init\">\n<div style=\"display: none;\">\n<input type=\"hidden\" name=\"_wpcf7\" value=\"5498\" \/>\n<input type=\"hidden\" name=\"_wpcf7_version\" value=\"5.8\" \/>\n<input type=\"hidden\" name=\"_wpcf7_locale\" value=\"sl_SI\" \/>\n<input type=\"hidden\" name=\"_wpcf7_unit_tag\" value=\"wpcf7-f5498-o1\" \/>\n<input type=\"hidden\" name=\"_wpcf7_container_post\" value=\"0\" \/>\n<input type=\"hidden\" name=\"_wpcf7_posted_data_hash\" value=\"\" \/>\n<input type=\"hidden\" name=\"_wpcf7_recaptcha_response\" value=\"\" \/>\n<\/div>\n<p><label><br \/>\n<span class=\"wpcf7-form-control-wrap\" data-name=\"your-name\"><input size=\"40\" class=\"wpcf7-form-control wpcf7-text wpcf7-validates-as-required\" autocomplete=\"name\" aria-required=\"true\" aria-invalid=\"false\" placeholder=\"Ime in priimek\" value=\"\" type=\"text\" name=\"your-name\" \/><\/span> <\/label>\n<\/p>\n<p><label><br \/>\n<span class=\"wpcf7-form-control-wrap\" data-name=\"your-email\"><input size=\"40\" class=\"wpcf7-form-control wpcf7-email wpcf7-validates-as-required wpcf7-text wpcf7-validates-as-email\" autocomplete=\"email\" aria-required=\"true\" aria-invalid=\"false\" placeholder=\"E-mail\" value=\"\" type=\"email\" name=\"your-email\" \/><\/span> <\/label>\n<\/p>\n<p><label><br \/>\n<span class=\"wpcf7-form-control-wrap\" data-name=\"your-company\"><input size=\"40\" class=\"wpcf7-form-control wpcf7-text wpcf7-validates-as-required\" aria-required=\"true\" aria-invalid=\"false\" placeholder=\"Podjetje\" value=\"\" type=\"text\" name=\"your-company\" \/><\/span> <\/label>\n<\/p>\n<div class=\"form-accept\">\n\t<p><span class=\"wpcf7-form-control-wrap\" data-name=\"acceptance-449\"><span class=\"wpcf7-form-control wpcf7-acceptance\"><span class=\"wpcf7-list-item\"><label><input type=\"checkbox\" name=\"acceptance-449\" value=\"1\" aria-invalid=\"false\" \/><span class=\"wpcf7-list-item-label\">Strinjam sem, da bold.group hrani in obdeluje moje podatke izklju\u010dno za la\u017ejo\n    komunikacijo ter obve\u0161\u010danje o ponudbi. <a href=\"\/sl\/politika-zasebnosti\" target=\"_blank\"><span> Preberite politiko\n            zasebnosti.<\/span><\/a><\/span><\/label><\/span><\/span><\/span>\n\t<\/p>\n<\/div>\n<p><input class=\"wpcf7-form-control wpcf7-submit has-spinner\" type=\"submit\" value=\"Po\u0161lji\" \/>\n<\/p><input type='hidden' class='wpcf7-pum' value='{\"closepopup\":false,\"closedelay\":0,\"openpopup\":false,\"openpopup_id\":0}' \/><div class=\"wpcf7-response-output\" aria-hidden=\"true\"><\/div>\n<\/form>\n<\/div>\n\n<\/div><\/div>\n<\/div><\/div>\n","protected":false},"excerpt":{"rendered":"<p>Gradiva in Predloge \u017divijo, pred vami je Boldversum. Skriti koti\u010dek znanja in mo\u017enosti sodelovanja Bold.group, ki vam omogo\u010da uresni\u010devanja sanj va\u0161ega podjetja ali blagovne znamke. Predstavitve in ideje Bold.group &#8211; [&hellip;]<\/p>\n","protected":false},"author":6,"featured_media":0,"parent":0,"menu_order":0,"comment_status":"closed","ping_status":"closed","template":"","meta":{"ngg_post_thumbnail":0,"footnotes":""},"acf":[],"yoast_head":"<!-- This site is optimized with the Yoast SEO plugin v20.13 - https:\/\/yoast.com\/wordpress\/plugins\/seo\/ -->\n<title>Gradiva in Predloge - Bold group<\/title>\n<meta name=\"robots\" content=\"index, follow, max-snippet:-1, max-image-preview:large, max-video-preview:-1\" \/>\n<link rel=\"canonical\" href=\"https:\/\/boldgroup.agency\/sl\/gradiva-in-predloge\/\" \/>\n<meta property=\"og:locale\" content=\"sl_SI\" \/>\n<meta property=\"og:type\" content=\"article\" \/>\n<meta property=\"og:title\" content=\"Gradiva in Predloge - Bold group\" \/>\n<meta property=\"og:description\" content=\"Gradiva in Predloge \u017divijo, pred vami je Boldversum. Skriti koti\u010dek znanja in mo\u017enosti sodelovanja Bold.group, ki vam omogo\u010da uresni\u010devanja sanj va\u0161ega podjetja ali blagovne znamke. Predstavitve in ideje Bold.group &#8211; [&hellip;]\" \/>\n<meta property=\"og:url\" content=\"https:\/\/boldgroup.agency\/sl\/gradiva-in-predloge\/\" \/>\n<meta property=\"og:site_name\" content=\"Bold group\" \/>\n<meta property=\"article:modified_time\" content=\"2025-08-14T11:19:12+00:00\" \/>\n<meta property=\"og:image\" content=\"http:\/\/boldgroup.agency\/wp-content\/uploads\/2023\/10\/BG-SPLOSNA.jpg\" \/>\n<meta name=\"twitter:card\" content=\"summary_large_image\" \/>\n<meta name=\"twitter:label1\" content=\"Est. reading time\" \/>\n\t<meta name=\"twitter:data1\" content=\"3 minute\" \/>\n<script type=\"application\/ld+json\" class=\"yoast-schema-graph\">{\"@context\":\"https:\/\/schema.org\",\"@graph\":[{\"@type\":\"WebPage\",\"@id\":\"https:\/\/boldgroup.agency\/sl\/gradiva-in-predloge\/\",\"url\":\"https:\/\/boldgroup.agency\/sl\/gradiva-in-predloge\/\",\"name\":\"Gradiva in Predloge - Bold group\",\"isPartOf\":{\"@id\":\"https:\/\/boldgroup.agency\/#website\"},\"datePublished\":\"2023-10-17T07:08:13+00:00\",\"dateModified\":\"2025-08-14T11:19:12+00:00\",\"inLanguage\":\"sl-SI\",\"potentialAction\":[{\"@type\":\"ReadAction\",\"target\":[\"https:\/\/boldgroup.agency\/sl\/gradiva-in-predloge\/\"]}]},{\"@type\":\"WebSite\",\"@id\":\"https:\/\/boldgroup.agency\/#website\",\"url\":\"https:\/\/boldgroup.agency\/\",\"name\":\"Bold group\",\"description\":\"Skupaj razvijamo drzne ideje, ki oblikujejo nov 360\u00ba svet.\",\"potentialAction\":[{\"@type\":\"SearchAction\",\"target\":{\"@type\":\"EntryPoint\",\"urlTemplate\":\"https:\/\/boldgroup.agency\/?s={search_term_string}\"},\"query-input\":\"required name=search_term_string\"}],\"inLanguage\":\"sl-SI\"}]}<\/script>\n<!-- \/ Yoast SEO plugin. -->","yoast_head_json":{"title":"Gradiva in Predloge - Bold group","robots":{"index":"index","follow":"follow","max-snippet":"max-snippet:-1","max-image-preview":"max-image-preview:large","max-video-preview":"max-video-preview:-1"},"canonical":"https:\/\/boldgroup.agency\/sl\/gradiva-in-predloge\/","og_locale":"sl_SI","og_type":"article","og_title":"Gradiva in Predloge - Bold group","og_description":"Gradiva in Predloge \u017divijo, pred vami je Boldversum. Skriti koti\u010dek znanja in mo\u017enosti sodelovanja Bold.group, ki vam omogo\u010da uresni\u010devanja sanj va\u0161ega podjetja ali blagovne znamke. Predstavitve in ideje Bold.group &#8211; [&hellip;]","og_url":"https:\/\/boldgroup.agency\/sl\/gradiva-in-predloge\/","og_site_name":"Bold group","article_modified_time":"2025-08-14T11:19:12+00:00","og_image":[{"url":"http:\/\/boldgroup.agency\/wp-content\/uploads\/2023\/10\/BG-SPLOSNA.jpg"}],"twitter_card":"summary_large_image","twitter_misc":{"Est. reading time":"3 minute"},"schema":{"@context":"https:\/\/schema.org","@graph":[{"@type":"WebPage","@id":"https:\/\/boldgroup.agency\/sl\/gradiva-in-predloge\/","url":"https:\/\/boldgroup.agency\/sl\/gradiva-in-predloge\/","name":"Gradiva in Predloge - Bold group","isPartOf":{"@id":"https:\/\/boldgroup.agency\/#website"},"datePublished":"2023-10-17T07:08:13+00:00","dateModified":"2025-08-14T11:19:12+00:00","inLanguage":"sl-SI","potentialAction":[{"@type":"ReadAction","target":["https:\/\/boldgroup.agency\/sl\/gradiva-in-predloge\/"]}]},{"@type":"WebSite","@id":"https:\/\/boldgroup.agency\/#website","url":"https:\/\/boldgroup.agency\/","name":"Bold group","description":"Skupaj razvijamo drzne ideje, ki oblikujejo nov 360\u00ba svet.","potentialAction":[{"@type":"SearchAction","target":{"@type":"EntryPoint","urlTemplate":"https:\/\/boldgroup.agency\/?s={search_term_string}"},"query-input":"required name=search_term_string"}],"inLanguage":"sl-SI"}]}},"_links":{"self":[{"href":"https:\/\/boldgroup.agency\/sl\/wp-json\/wp\/v2\/pages\/5477"}],"collection":[{"href":"https:\/\/boldgroup.agency\/sl\/wp-json\/wp\/v2\/pages"}],"about":[{"href":"https:\/\/boldgroup.agency\/sl\/wp-json\/wp\/v2\/types\/page"}],"author":[{"embeddable":true,"href":"https:\/\/boldgroup.agency\/sl\/wp-json\/wp\/v2\/users\/6"}],"replies":[{"embeddable":true,"href":"https:\/\/boldgroup.agency\/sl\/wp-json\/wp\/v2\/comments?post=5477"}],"version-history":[{"count":76,"href":"https:\/\/boldgroup.agency\/sl\/wp-json\/wp\/v2\/pages\/5477\/revisions"}],"predecessor-version":[{"id":8356,"href":"https:\/\/boldgroup.agency\/sl\/wp-json\/wp\/v2\/pages\/5477\/revisions\/8356"}],"wp:attachment":[{"href":"https:\/\/boldgroup.agency\/sl\/wp-json\/wp\/v2\/media?parent=5477"}],"curies":[{"name":"wp","href":"https:\/\/api.w.org\/{rel}","templated":true}]}}