{"id":408,"date":"2022-03-21T14:29:16","date_gmt":"2022-03-21T14:29:16","guid":{"rendered":"http:\/\/boldgroup.agency\/?page_id=408"},"modified":"2022-04-08T08:14:30","modified_gmt":"2022-04-08T08:14:30","slug":"prijavi-se-na-prakso","status":"publish","type":"page","link":"https:\/\/boldgroup.agency\/sl\/prijavi-se-na-prakso\/","title":{"rendered":"Prijavi se na prakso"},"content":{"rendered":"\n<div class=\"wp-block-cover banner banner-subpage\" style=\"min-height:40rem\"><span aria-hidden=\"true\" class=\"has-background-dim-0 wp-block-cover__gradient-background has-background-dim\"><\/span><img decoding=\"async\" loading=\"lazy\" width=\"1879\" height=\"775\" class=\"wp-block-cover__image-background wp-image-337\" alt=\"\" src=\"http:\/\/boldgroup.agency\/wp-content\/uploads\/2022\/03\/delo-kv.jpg\" data-object-fit=\"cover\"\/><div class=\"wp-block-cover__inner-container is-layout-flow wp-block-cover-is-layout-flow\">\n<p class=\"has-text-align-center has-large-font-size\"><\/p>\n<\/div><\/div>\n\n\n\n<div class=\"wp-block-group about-desc container is-layout-flow wp-block-group-is-layout-flow\"><div class=\"wp-block-group__inner-container\">\n<h2 class=\"wp-block-heading\">\u0160tudentska praksa<\/h2>\n\n\n\n<p>Si \u017eeli\u0161 tekom \u0161tudija pridobiti ustrezne izku\u0161nje na podro\u010dju marketinga, pa ne ve\u0161 kje za\u010deti? Z veseljem te sprejmemo v na\u0161 razvojni program tekom katerega se bo\u0161 spoznal\/-a z agencijskim delom in si nabral novo znanje.<\/p>\n\n\n\n<p><\/p>\n\n\n\n<p><\/p>\n\n\n\n<h2 class=\"wp-block-heading\">Pridobi izku\u0161nje na \u017eelenem podro\u010dju<\/h2>\n\n\n\n<p>Izbere\u0161 si lahko katerokoli od spodnjih podro\u010djih, ki te zanima in na katerih bi rad pridobil novo znanje in izku\u0161nje. V kolikor tvojega \u017eeljenega podro\u010dja ni na spodnjem seznamu, ne skrbi. Po\u0161lji nam prijavo in \u010dimbolje opi\u0161i, katerega znanja si najbolj \u017eeli\u0161 in posku\u0161ali bomo pripraviti pravi program zate.<\/p>\n\n\n\n<section class=\"wp-block-group work-offer work-offer-jobs is-layout-flow wp-block-group-is-layout-flow\"><div class=\"wp-block-group__inner-container\">\n<h2 class=\"wp-block-heading\">Kaj ponujamo?<\/h2>\n\n\n\n<p class=\"text-big\">Dobro po\u010dutje na\u0161e ekipe nam je na prvem mestu, zato zagotavljamo prijetno delovno okolje, kjer lahko razvijate svoje drzne ideje, redne nagrade in neomejeno dru\u017eenje z ostalimi \u010dlani ekipe.<\/p>\n\n\n\n<div class=\"wp-block-group work-offer-row is-layout-flow wp-block-group-is-layout-flow\"><div class=\"wp-block-group__inner-container\">\n<div class=\"wp-block-columns is-layout-flex wp-container-6 wp-block-columns-is-layout-flex\">\n<div class=\"wp-block-column is-layout-flow wp-block-column-is-layout-flow\">\n<figure class=\"wp-block-image size-full\"><img decoding=\"async\" loading=\"lazy\" width=\"252\" height=\"316\" src=\"http:\/\/boldgroup.agency\/wp-content\/uploads\/2022\/03\/kobu-agency-7okkFhxrxNw-unsplash.jpg\" alt=\"\" class=\"wp-image-370\"\/><\/figure>\n\n\n\n<h4 class=\"wp-block-heading\">Spletne strani in programiranje<\/h4>\n<\/div>\n\n\n\n<div class=\"wp-block-column is-layout-flow wp-block-column-is-layout-flow\">\n<figure class=\"wp-block-image size-full\"><img decoding=\"async\" loading=\"lazy\" width=\"252\" height=\"314\" src=\"http:\/\/boldgroup.agency\/wp-content\/uploads\/2022\/03\/5.jpg\" alt=\"\" class=\"wp-image-389\"\/><\/figure>\n\n\n\n<h4 class=\"wp-block-heading\">Vsebinski marketing in dru\u017ebena omre\u017eja<\/h4>\n<\/div>\n\n\n\n<div class=\"wp-block-column is-layout-flow wp-block-column-is-layout-flow\">\n<figure class=\"wp-block-image size-full\"><img decoding=\"async\" loading=\"lazy\" width=\"252\" height=\"314\" src=\"http:\/\/boldgroup.agency\/wp-content\/uploads\/2022\/03\/6.jpg\" alt=\"\" class=\"wp-image-390\"\/><\/figure>\n\n\n\n<h4 class=\"wp-block-heading\">TikTok<\/h4>\n<\/div>\n\n\n\n<div class=\"wp-block-column is-layout-flow wp-block-column-is-layout-flow\">\n<figure class=\"wp-block-image size-full\"><img decoding=\"async\" loading=\"lazy\" width=\"252\" height=\"314\" src=\"http:\/\/boldgroup.agency\/wp-content\/uploads\/2022\/03\/7.jpg\" alt=\"\" class=\"wp-image-391\"\/><\/figure>\n\n\n\n<h4 class=\"wp-block-heading\">Spletno ogla\u0161evanje in performance marketing<\/h4>\n<\/div>\n<\/div>\n\n\n\n<div class=\"wp-block-columns is-layout-flex wp-container-11 wp-block-columns-is-layout-flex\">\n<div class=\"wp-block-column is-layout-flow wp-block-column-is-layout-flow\">\n<figure class=\"wp-block-image size-full\"><img decoding=\"async\" loading=\"lazy\" width=\"252\" height=\"314\" src=\"http:\/\/boldgroup.agency\/wp-content\/uploads\/2022\/03\/4.jpg\" alt=\"\" class=\"wp-image-388\"\/><\/figure>\n\n\n\n<h4 class=\"wp-block-heading\">Email marketing<\/h4>\n<\/div>\n\n\n\n<div class=\"wp-block-column is-layout-flow wp-block-column-is-layout-flow\">\n<figure class=\"wp-block-image size-full\"><img decoding=\"async\" loading=\"lazy\" width=\"252\" height=\"314\" src=\"http:\/\/boldgroup.agency\/wp-content\/uploads\/2022\/03\/3.jpg\" alt=\"\" class=\"wp-image-387\"\/><\/figure>\n\n\n\n<h4 class=\"wp-block-heading\">Dogodki<\/h4>\n<\/div>\n\n\n\n<div class=\"wp-block-column is-layout-flow wp-block-column-is-layout-flow\">\n<figure class=\"wp-block-image size-full\"><img decoding=\"async\" loading=\"lazy\" width=\"252\" height=\"314\" src=\"http:\/\/boldgroup.agency\/wp-content\/uploads\/2022\/03\/2.jpg\" alt=\"\" class=\"wp-image-386\"\/><\/figure>\n\n\n\n<h4 class=\"wp-block-heading\">Oblikovanje<\/h4>\n<\/div>\n\n\n\n<div class=\"wp-block-column is-layout-flow wp-block-column-is-layout-flow\">\n<figure class=\"wp-block-image size-full\"><img decoding=\"async\" loading=\"lazy\" width=\"252\" height=\"314\" src=\"http:\/\/boldgroup.agency\/wp-content\/uploads\/2022\/03\/1.jpg\" alt=\"\" class=\"wp-image-385\"\/><\/figure>\n\n\n\n<h4 class=\"wp-block-heading\">Ostalo<\/h4>\n<\/div>\n<\/div>\n<\/div><\/div>\n<\/div><\/section>\n\n\n\n<h2 class=\"wp-block-heading\">Prijavi se na prakso<\/h2>\n<\/div><\/div>\n\n\n\n<div class=\"wp-block-group contact-form container is-layout-flow wp-block-group-is-layout-flow\"><div class=\"wp-block-group__inner-container\">\n<div class=\"wpcf7 no-js\" id=\"wpcf7-f406-o1\" lang=\"sl-SI\" dir=\"ltr\">\n<div class=\"screen-reader-response\"><p role=\"status\" aria-live=\"polite\" aria-atomic=\"true\"><\/p> <ul><\/ul><\/div>\n<form action=\"\/sl\/wp-json\/wp\/v2\/pages\/408#wpcf7-f406-o1\" method=\"post\" class=\"wpcf7-form init cf7mls-no-scroll cf7mls-auto-return-first-step cf7mls-no-moving-animation\" aria-label=\"Contact form\" enctype=\"multipart\/form-data\" novalidate=\"novalidate\" data-status=\"init\">\n<div style=\"display: none;\">\n<input type=\"hidden\" name=\"_wpcf7\" value=\"406\" \/>\n<input type=\"hidden\" name=\"_wpcf7_version\" value=\"5.8\" \/>\n<input type=\"hidden\" name=\"_wpcf7_locale\" value=\"sl_SI\" \/>\n<input type=\"hidden\" name=\"_wpcf7_unit_tag\" value=\"wpcf7-f406-o1\" \/>\n<input type=\"hidden\" name=\"_wpcf7_container_post\" value=\"0\" \/>\n<input type=\"hidden\" name=\"_wpcf7_posted_data_hash\" value=\"\" \/>\n<input type=\"hidden\" name=\"_wpcf7_recaptcha_response\" value=\"\" \/>\n<\/div>\n<div class=\"form7-row\">\n\t<div class=\"form7-col\">\n\t\t<p><label><span class=\"wpcf7-form-control-wrap\" data-name=\"your-name\"><input size=\"40\" class=\"wpcf7-form-control wpcf7-text wpcf7-validates-as-required\" aria-required=\"true\" aria-invalid=\"false\" placeholder=\"Ime in priimek\" value=\"\" type=\"text\" name=\"your-name\" \/><\/span> <\/label>\n\t\t<\/p>\n\t<\/div>\n\t<div class=\"form7-col\">\n\t\t<p><label><br \/>\n<span class=\"wpcf7-form-control-wrap\" data-name=\"your-email\"><input size=\"40\" class=\"wpcf7-form-control wpcf7-email wpcf7-validates-as-required wpcf7-text wpcf7-validates-as-email\" aria-required=\"true\" aria-invalid=\"false\" placeholder=\"Email\" value=\"\" type=\"email\" name=\"your-email\" \/><\/span> <\/label>\n\t\t<\/p>\n\t<\/div>\n<\/div>\n<div class=\"form7-row\">\n\t<div class=\"form7-col form7-col-12\">\n\t\t<p><label> <span class=\"wpcf7-form-control-wrap\" data-name=\"your-message\"><textarea cols=\"40\" rows=\"10\" class=\"wpcf7-form-control wpcf7-textarea\" aria-invalid=\"false\" placeholder=\"Povej nekaj o sebi\" name=\"your-message\"><\/textarea><\/span> <\/label>\n\t\t<\/p>\n\t<\/div>\n<\/div>\n<div class=\"form7-upload-wrapper\">\n\t<p><label class=\"form-7-upload\"><span class=\"wpcf7-form-control-wrap\" data-name=\"your-file-1\"><input size=\"40\" class=\"wpcf7-form-control wpcf7-file\" accept=\".pdf,.txt,.doc,.docx\" aria-invalid=\"false\" type=\"file\" name=\"your-file-1\" \/><\/span><br \/>\n<span class=\"form-7-upload-text\"> Dodaj CV<br \/>\n<\/span><\/label><br \/>\n<label class=\"form-7-upload\"><span class=\"wpcf7-form-control-wrap\" data-name=\"your-file-3\"><input size=\"40\" class=\"wpcf7-form-control wpcf7-file\" accept=\".pdf,.txt,.doc,.docx\" aria-invalid=\"false\" type=\"file\" name=\"your-file-3\" \/><\/span><br \/>\n<span class=\"form-7-upload-text\"> Dodaj motivacijsko pismo<br \/>\n<\/span><\/label><br \/>\n<label class=\"form-7-upload\"><span class=\"wpcf7-form-control-wrap\" data-name=\"your-file-2\"><input size=\"40\" class=\"wpcf7-form-control wpcf7-file\" accept=\".pdf,.txt,.doc,.docx\" aria-invalid=\"false\" type=\"file\" name=\"your-file-2\" \/><\/span><br \/>\n<span class=\"form-7-upload-text\"> Dodaj druge vrste dokumenta (npr. porfolio...)<br \/>\n<\/span><\/label>\n\t<\/p>\n<\/div>\n<div class=\"form7-accept\">\n\t<p><span class=\"wpcf7-form-control-wrap\" data-name=\"acceptance-449\"><span class=\"wpcf7-form-control wpcf7-acceptance optional\"><span class=\"wpcf7-list-item\"><label><input type=\"checkbox\" name=\"acceptance-449\" value=\"1\" aria-invalid=\"false\" \/><span class=\"wpcf7-list-item-label\">Strinjam sem, da bold.group hrani in obdeluje moje podatke izklju\u010dno za la\u017ejo\n    komunikacijo ter obve\u0161\u010danje o ponudbi. <a href=\"\/sl\/politika-zasebnosti\" target=\"_blank\"><span> Preberite politiko\n            zasebnosti.<\/span><\/a><\/span><\/label><\/span><\/span><\/span>\n\t<\/p>\n<\/div>\n<div class=\"form7-submit-wrapper\">\n\t<p><input class=\"wpcf7-form-control wpcf7-submit has-spinner\" type=\"submit\" value=\"Po\u0161lji\" \/>\n\t<\/p>\n<\/div><input type='hidden' class='wpcf7-pum' value='{\"closepopup\":false,\"closedelay\":0,\"openpopup\":false,\"openpopup_id\":0}' \/><div class=\"wpcf7-response-output\" aria-hidden=\"true\"><\/div>\n<\/form>\n<\/div>\n\n<\/div><\/div>\n","protected":false},"excerpt":{"rendered":"<p>\u0160tudentska praksa Si \u017eeli\u0161 tekom \u0161tudija pridobiti ustrezne izku\u0161nje na podro\u010dju marketinga, pa ne ve\u0161 kje za\u010deti? Z veseljem te sprejmemo v na\u0161 razvojni program tekom katerega se bo\u0161 spoznal\/-a [&hellip;]<\/p>\n","protected":false},"author":1,"featured_media":0,"parent":0,"menu_order":0,"comment_status":"closed","ping_status":"closed","template":"","meta":{"ngg_post_thumbnail":0,"footnotes":""},"acf":[],"yoast_head":"<!-- This site is optimized with the Yoast SEO plugin v20.13 - https:\/\/yoast.com\/wordpress\/plugins\/seo\/ -->\n<title>Prijavi se na prakso - Bold group<\/title>\n<meta name=\"robots\" content=\"index, follow, max-snippet:-1, max-image-preview:large, max-video-preview:-1\" \/>\n<link rel=\"canonical\" href=\"https:\/\/boldgroup.agency\/sl\/prijavi-se-na-prakso\/\" \/>\n<meta property=\"og:locale\" content=\"sl_SI\" \/>\n<meta property=\"og:type\" content=\"article\" \/>\n<meta property=\"og:title\" content=\"Prijavi se na prakso - Bold group\" \/>\n<meta property=\"og:description\" content=\"\u0160tudentska praksa Si \u017eeli\u0161 tekom \u0161tudija pridobiti ustrezne izku\u0161nje na podro\u010dju marketinga, pa ne ve\u0161 kje za\u010deti? Z veseljem te sprejmemo v na\u0161 razvojni program tekom katerega se bo\u0161 spoznal\/-a [&hellip;]\" \/>\n<meta property=\"og:url\" content=\"https:\/\/boldgroup.agency\/sl\/prijavi-se-na-prakso\/\" \/>\n<meta property=\"og:site_name\" content=\"Bold group\" \/>\n<meta property=\"article:modified_time\" content=\"2022-04-08T08:14:30+00:00\" \/>\n<meta property=\"og:image\" content=\"http:\/\/boldgroup.agency\/wp-content\/uploads\/2022\/03\/delo-kv.jpg\" \/>\n<meta name=\"twitter:card\" content=\"summary_large_image\" \/>\n<meta name=\"twitter:label1\" content=\"Est. reading time\" \/>\n\t<meta name=\"twitter:data1\" content=\"3 minute\" \/>\n<script type=\"application\/ld+json\" class=\"yoast-schema-graph\">{\"@context\":\"https:\/\/schema.org\",\"@graph\":[{\"@type\":\"WebPage\",\"@id\":\"https:\/\/boldgroup.agency\/sl\/prijavi-se-na-prakso\/\",\"url\":\"https:\/\/boldgroup.agency\/sl\/prijavi-se-na-prakso\/\",\"name\":\"Prijavi se na prakso - Bold group\",\"isPartOf\":{\"@id\":\"https:\/\/boldgroup.agency\/#website\"},\"datePublished\":\"2022-03-21T14:29:16+00:00\",\"dateModified\":\"2022-04-08T08:14:30+00:00\",\"inLanguage\":\"sl-SI\",\"potentialAction\":[{\"@type\":\"ReadAction\",\"target\":[\"https:\/\/boldgroup.agency\/sl\/prijavi-se-na-prakso\/\"]}]},{\"@type\":\"WebSite\",\"@id\":\"https:\/\/boldgroup.agency\/#website\",\"url\":\"https:\/\/boldgroup.agency\/\",\"name\":\"Bold group\",\"description\":\"Skupaj razvijamo drzne ideje, ki oblikujejo nov 360\u00ba svet.\",\"potentialAction\":[{\"@type\":\"SearchAction\",\"target\":{\"@type\":\"EntryPoint\",\"urlTemplate\":\"https:\/\/boldgroup.agency\/?s={search_term_string}\"},\"query-input\":\"required name=search_term_string\"}],\"inLanguage\":\"sl-SI\"}]}<\/script>\n<!-- \/ Yoast SEO plugin. -->","yoast_head_json":{"title":"Prijavi se na prakso - Bold group","robots":{"index":"index","follow":"follow","max-snippet":"max-snippet:-1","max-image-preview":"max-image-preview:large","max-video-preview":"max-video-preview:-1"},"canonical":"https:\/\/boldgroup.agency\/sl\/prijavi-se-na-prakso\/","og_locale":"sl_SI","og_type":"article","og_title":"Prijavi se na prakso - Bold group","og_description":"\u0160tudentska praksa Si \u017eeli\u0161 tekom \u0161tudija pridobiti ustrezne izku\u0161nje na podro\u010dju marketinga, pa ne ve\u0161 kje za\u010deti? Z veseljem te sprejmemo v na\u0161 razvojni program tekom katerega se bo\u0161 spoznal\/-a [&hellip;]","og_url":"https:\/\/boldgroup.agency\/sl\/prijavi-se-na-prakso\/","og_site_name":"Bold group","article_modified_time":"2022-04-08T08:14:30+00:00","og_image":[{"url":"http:\/\/boldgroup.agency\/wp-content\/uploads\/2022\/03\/delo-kv.jpg"}],"twitter_card":"summary_large_image","twitter_misc":{"Est. reading time":"3 minute"},"schema":{"@context":"https:\/\/schema.org","@graph":[{"@type":"WebPage","@id":"https:\/\/boldgroup.agency\/sl\/prijavi-se-na-prakso\/","url":"https:\/\/boldgroup.agency\/sl\/prijavi-se-na-prakso\/","name":"Prijavi se na prakso - Bold group","isPartOf":{"@id":"https:\/\/boldgroup.agency\/#website"},"datePublished":"2022-03-21T14:29:16+00:00","dateModified":"2022-04-08T08:14:30+00:00","inLanguage":"sl-SI","potentialAction":[{"@type":"ReadAction","target":["https:\/\/boldgroup.agency\/sl\/prijavi-se-na-prakso\/"]}]},{"@type":"WebSite","@id":"https:\/\/boldgroup.agency\/#website","url":"https:\/\/boldgroup.agency\/","name":"Bold group","description":"Skupaj razvijamo drzne ideje, ki oblikujejo nov 360\u00ba svet.","potentialAction":[{"@type":"SearchAction","target":{"@type":"EntryPoint","urlTemplate":"https:\/\/boldgroup.agency\/?s={search_term_string}"},"query-input":"required name=search_term_string"}],"inLanguage":"sl-SI"}]}},"_links":{"self":[{"href":"https:\/\/boldgroup.agency\/sl\/wp-json\/wp\/v2\/pages\/408"}],"collection":[{"href":"https:\/\/boldgroup.agency\/sl\/wp-json\/wp\/v2\/pages"}],"about":[{"href":"https:\/\/boldgroup.agency\/sl\/wp-json\/wp\/v2\/types\/page"}],"author":[{"embeddable":true,"href":"https:\/\/boldgroup.agency\/sl\/wp-json\/wp\/v2\/users\/1"}],"replies":[{"embeddable":true,"href":"https:\/\/boldgroup.agency\/sl\/wp-json\/wp\/v2\/comments?post=408"}],"version-history":[{"count":0,"href":"https:\/\/boldgroup.agency\/sl\/wp-json\/wp\/v2\/pages\/408\/revisions"}],"wp:attachment":[{"href":"https:\/\/boldgroup.agency\/sl\/wp-json\/wp\/v2\/media?parent=408"}],"curies":[{"name":"wp","href":"https:\/\/api.w.org\/{rel}","templated":true}]}}