{"id":333,"date":"2022-03-18T11:41:10","date_gmt":"2022-03-18T11:41:10","guid":{"rendered":"http:\/\/boldgroup.agency\/?page_id=333"},"modified":"2024-01-17T10:45:48","modified_gmt":"2024-01-17T10:45:48","slug":"delovna-mesta","status":"publish","type":"page","link":"https:\/\/boldgroup.agency\/sl\/delovna-mesta\/","title":{"rendered":"Delovna mesta"},"content":{"rendered":"\n<div class=\"wp-block-group is-layout-flow wp-block-group-is-layout-flow\"><div class=\"wp-block-group__inner-container\">\n<p class=\"text-big\">Pridru\u017ei se ekipi drznih strokovnjakov, ki vedno razmi\u0161ljamo izven okvirjev, se stalno izobra\u017eujemo in v prijetni atmosferi skupaj dosegamo neprestavljive cilje.<\/p>\n\n\n\n<h2 class=\"wp-block-heading\">Kdo <strong>je za nas bold?<\/strong><\/h2>\n\n\n\n<p class=\"text-big\">Samozavesten posameznik, ki je vedno pripravljen tvegati in razmi\u0161ljati izven okvirjev. Kreativec, ki ni nastopa\u010d, a vedno, ko stopi v prostor, ljudje za\u010dutijo njegovo prisotnost. Je skromen, a predrzen, je lumpa\u010d, a olikan, je James Bond z licenco za humor, a ni seksist. Zna se prilagajati in poslu\u0161ati, govorijo pa njegova dejanja. Zbudi se ob prvem zvonenju budilke in je vedno to\u010den. Vzame \u017eogo v zadnji sekundi tekme in prevzame odgovornost ne glede na kon\u010dni izkupi\u010dek ter stoji za svojo odlo\u010ditvijo. Je la\u010den novega znanja in z veseljem deli \u017ee pridobljene izku\u0161nje z drugimi.<\/p>\n<\/div><\/div>\n\n\n\n<p>Se najde\u0161 v zgornjem opisu?<strong> Preveri vsa odprta delovna mesta.<\/strong><\/p>\n\n\n\n<!-- Here will show posts from custom post type Delovna mesta -->\n<div class=\"workList\"><\/div>\n\n\n\n<div class=\"wp-block-group work-boxed is-layout-flow wp-block-group-is-layout-flow\"><div class=\"wp-block-group__inner-container\">\n<div class=\"wp-block-group work-boxed-row is-layout-flow wp-block-group-is-layout-flow\"><div class=\"wp-block-group__inner-container\">\n<h2 class=\"wp-block-heading\">Ne vidi\u0161 svojega sanjskega mesta?<\/h2>\n\n\n\n<p class=\"text-big\">Vedno smo v iskanju novih talentov! Tudi, \u010de delovno mesto trenutno ni odprto, nam lahko po\u0161lje\u0161 prijavo z \u017eivljenjepisom in kontaktirali te bomo.<\/p>\n\n\n\n<p class=\"link link-light\"><a href=\"https:\/\/boldgroup.agency\/sl\/prijava-na-delo\/\">Po\u0161lji svoj \u017eivljenjepis.<\/a><\/p>\n<\/div><\/div>\n\n\n\n<div class=\"wp-block-group work-boxed-row is-layout-flow wp-block-group-is-layout-flow\"><div class=\"wp-block-group__inner-container\">\n<h2 class=\"wp-block-heading\">Freelancer?<\/h2>\n\n\n\n<p class=\"text-big\">Pogosto pri nekaterih projektih sodelujemo tudi zunanjimi sodelavci, manj\u0161imi ekipami ali buti\u010dnimi agencijami. V kolikor te zanima sodelovanje, nam po\u0161lji prijavo in shranili te bomo v na\u0161o bazo.<\/p>\n\n\n\n<p class=\"link link-light\"><a href=\"https:\/\/boldgroup.agency\/sl\/projektno-sodelovanje\/\">Po\u0161lji nam sporo\u010dilo.<\/a><\/p>\n<\/div><\/div>\n\n\n\n<div class=\"wp-block-group work-boxed-row is-layout-flow wp-block-group-is-layout-flow\"><div class=\"wp-block-group__inner-container\">\n<h2 class=\"wp-block-heading\">\u0160tudent?<\/h2>\n\n\n\n<p class=\"text-big\">Si \u017eeli\u0161 tekom \u0161tudija pridobiti ustrezne izku\u0161nje na podro\u010dju marketinga, pa ne ve\u0161 kje za\u010deti? Z veseljem te sprejmemo v na\u0161 razvojni program tekom katerega se bo\u0161 spoznal\/-a z agencijskim delom in si nabral\/-a novo znanje.<\/p>\n\n\n\n<p class=\"link link-light\"><a href=\"https:\/\/boldgroup.agency\/sl\/prijavi-se-na-prakso\/\">Prijavi se.<\/a><\/p>\n<\/div><\/div>\n<\/div><\/div>\n\n\n\n<section class=\"wp-block-group work-offer is-layout-flow wp-block-group-is-layout-flow\"><div class=\"wp-block-group__inner-container\">\n<h2 class=\"wp-block-heading\"><strong>Kaj <\/strong>ponujamo?<\/h2>\n\n\n\n<p class=\"text-big\">Dobro po\u010dutje na\u0161e ekipe nam je na prvem mestu, zato zagotavljamo prijetno delovno okolje, kjer lahko razvijate svoje drzne ideje, redne nagrade in neomejeno dru\u017eenje z ostalimi \u010dlani ekipe.<\/p>\n\n\n\n<div class=\"wp-block-group work-offer-row is-layout-flow wp-block-group-is-layout-flow\"><div class=\"wp-block-group__inner-container\">\n<div class=\"wp-block-columns is-layout-flex wp-container-10 wp-block-columns-is-layout-flex\">\n<div class=\"wp-block-column is-layout-flow wp-block-column-is-layout-flow\">\n<figure class=\"wp-block-image size-full\"><img decoding=\"async\" loading=\"lazy\" width=\"252\" height=\"316\" src=\"http:\/\/boldgroup.agency\/wp-content\/uploads\/2022\/03\/kobu-agency-7okkFhxrxNw-unsplash.jpg\" alt=\"\" class=\"wp-image-370\"\/><\/figure>\n\n\n\n<h4 class=\"wp-block-heading\">Karierni razvoj in mentorstvo<\/h4>\n\n\n\n<p class=\"desktop-only\">\u017delimo, da se razvija\u0161 tudi kot posameznik, zato ti nudimo stalno mentorstvo, z rednimi \u010detrtletnimi razgovori pa ti pomagamo rasti.<\/p>\n<\/div>\n\n\n\n<div class=\"wp-block-column is-layout-flow wp-block-column-is-layout-flow\">\n<figure class=\"wp-block-image size-full\"><img decoding=\"async\" loading=\"lazy\" width=\"252\" height=\"314\" src=\"http:\/\/boldgroup.agency\/wp-content\/uploads\/2022\/03\/5.jpg\" alt=\"\" class=\"wp-image-389\"\/><\/figure>\n\n\n\n<h4 class=\"wp-block-heading\">Agilni projekti<\/h4>\n\n\n\n<p class=\"desktop-only\">Z drznim pristopom oblikujemo agilne ekipe za naro\u010dnike iz najrazli\u010dnej\u0161ih industrij.<\/p>\n<\/div>\n\n\n\n<div class=\"wp-block-column is-layout-flow wp-block-column-is-layout-flow\">\n<figure class=\"wp-block-image size-full\"><img decoding=\"async\" loading=\"lazy\" width=\"252\" height=\"314\" src=\"http:\/\/boldgroup.agency\/wp-content\/uploads\/2022\/03\/6.jpg\" alt=\"\" class=\"wp-image-390\"\/><\/figure>\n\n\n\n<h4 class=\"wp-block-heading\">Prora\u010dun za izobra\u017eevanje<\/h4>\n\n\n\n<p class=\"desktop-only\">Vemo, da se u\u010denje nikoli ne kon\u010da. Zato ti nudimo poseben prora\u010dun za izobra\u017eevanja, ki so tebi pisana na ko\u017eo.<\/p>\n<\/div>\n\n\n\n<div class=\"wp-block-column is-layout-flow wp-block-column-is-layout-flow\">\n<figure class=\"wp-block-image size-full\"><img decoding=\"async\" loading=\"lazy\" width=\"252\" height=\"314\" src=\"http:\/\/boldgroup.agency\/wp-content\/uploads\/2022\/03\/7.jpg\" alt=\"\" class=\"wp-image-391\"\/><\/figure>\n\n\n\n<h4 class=\"wp-block-heading\">Obisk zanimivih konferenc<\/h4>\n\n\n\n<p class=\"desktop-only\">Mre\u017eenje je klju\u010dni element na\u0161ega uspeha in z veseljem s celotno ekipo raziskujemo nove ideje in znanja.<\/p>\n<\/div>\n<\/div>\n\n\n\n<div class=\"wp-block-columns is-layout-flex wp-container-15 wp-block-columns-is-layout-flex\">\n<div class=\"wp-block-column is-layout-flow wp-block-column-is-layout-flow\">\n<figure class=\"wp-block-image size-full\"><img decoding=\"async\" loading=\"lazy\" width=\"252\" height=\"314\" src=\"http:\/\/boldgroup.agency\/wp-content\/uploads\/2022\/03\/4.jpg\" alt=\"\" class=\"wp-image-388\"\/><\/figure>\n\n\n\n<h4 class=\"wp-block-heading\">Delo od doma<\/h4>\n\n\n\n<p class=\"desktop-only\">Vsak posameznik najbolje deluje v svojem okolju, zato ponujamo mo\u017enost dela od doma dva dni v tednu.<\/p>\n<\/div>\n\n\n\n<div class=\"wp-block-column is-layout-flow wp-block-column-is-layout-flow\">\n<figure class=\"wp-block-image size-full\"><img decoding=\"async\" loading=\"lazy\" width=\"252\" height=\"314\" src=\"http:\/\/boldgroup.agency\/wp-content\/uploads\/2022\/03\/3.jpg\" alt=\"\" class=\"wp-image-387\"\/><\/figure>\n\n\n\n<h4 class=\"wp-block-heading\">Interna izobra\u017eevanja<\/h4>\n\n\n\n<p class=\"desktop-only\">Sharing is caring, ne? \u010clani na\u0161e ekipe ve\u010dkrat pripravijo izobra\u017eevanje in svoje pridobljeno znanje delijo s celotno ekipo.<\/p>\n<\/div>\n\n\n\n<div class=\"wp-block-column is-layout-flow wp-block-column-is-layout-flow\">\n<figure class=\"wp-block-image size-full\"><img decoding=\"async\" loading=\"lazy\" width=\"252\" height=\"314\" src=\"http:\/\/boldgroup.agency\/wp-content\/uploads\/2022\/03\/2.jpg\" alt=\"\" class=\"wp-image-386\"\/><\/figure>\n\n\n\n<h4 class=\"wp-block-heading\">Teambuildingi<\/h4>\n\n\n\n<p class=\"desktop-only\">Ni agencijskega lajfa brez dru\u017eenja, imamo prav? Ve\u010dkrat zdru\u017eimo prijetno s koristnim, pa naj bo to v obliki \u0161porta, turizma ali kulture.<\/p>\n<\/div>\n\n\n\n<div class=\"wp-block-column is-layout-flow wp-block-column-is-layout-flow\">\n<figure class=\"wp-block-image size-full\"><img decoding=\"async\" loading=\"lazy\" width=\"252\" height=\"314\" src=\"http:\/\/boldgroup.agency\/wp-content\/uploads\/2022\/03\/1.jpg\" alt=\"\" class=\"wp-image-385\"\/><\/figure>\n\n\n\n<h4 class=\"wp-block-heading\">Pasja dru\u017eba<\/h4>\n\n\n\n<p class=\"desktop-only\">Obo\u017eujemo pasje prijatelje, zato so ve\u010d kot dobrodo\u0161li v na\u0161ih pisarnah, da nam nudijo mentalno podporo v stresnih situacijah.<\/p>\n<\/div>\n<\/div>\n<\/div><\/div>\n<\/div><\/section>\n\n\n\n<div class=\"wp-block-group work-values is-layout-flow wp-block-group-is-layout-flow\"><div class=\"wp-block-group__inner-container\">\n<h2 class=\"wp-block-heading\">Na\u0161e <strong>vrednote<\/strong><\/h2>\n\n\n\n<p class=\"text-big\">Verjamemo, da so vrednote temelj dobrih odnosov in uspeha<\/p>\n<\/div><\/div>\n\n\n\n<div class=\"wp-block-columns is-layout-flex wp-container-21 wp-block-columns-is-layout-flex\">\n<div class=\"wp-block-column is-layout-flow wp-block-column-is-layout-flow\">\n<ul class=\"list-items list-items-50\">\n<li>Spo\u0161tljivost<\/li>\n\n\n\n<li>Strast do marketinga<\/li>\n\n\n\n<li>Trdo delo<\/li>\n\n\n\n<li>Timsko delo<\/li>\n\n\n\n<li>Transparentnost<\/li>\n\n\n\n<li>Osebni in karierni razvoj<\/li>\n\n\n\n<li>Zanesljivost<\/li>\n\n\n\n<li>Pozitivnost in igrivost<\/li>\n<\/ul>\n<\/div>\n\n\n\n<div class=\"wp-block-column is-layout-flow wp-block-column-is-layout-flow\"><\/div>\n<\/div>\n","protected":false},"excerpt":{"rendered":"<p>Pridru\u017ei se ekipi drznih strokovnjakov, ki vedno razmi\u0161ljamo izven okvirjev, se stalno izobra\u017eujemo in v prijetni atmosferi skupaj dosegamo neprestavljive cilje. Kdo je za nas bold? Samozavesten posameznik, ki je [&hellip;]<\/p>\n","protected":false},"author":1,"featured_media":0,"parent":0,"menu_order":0,"comment_status":"closed","ping_status":"closed","template":"work-template.php","meta":{"ngg_post_thumbnail":0,"footnotes":""},"acf":[],"yoast_head":"<!-- This site is optimized with the Yoast SEO plugin v20.13 - https:\/\/yoast.com\/wordpress\/plugins\/seo\/ -->\n<title>Delovna mesta - Bold group<\/title>\n<meta name=\"robots\" content=\"index, follow, max-snippet:-1, max-image-preview:large, max-video-preview:-1\" \/>\n<link rel=\"canonical\" href=\"https:\/\/boldgroup.agency\/sl\/delovna-mesta\/\" \/>\n<meta property=\"og:locale\" content=\"sl_SI\" \/>\n<meta property=\"og:type\" content=\"article\" \/>\n<meta property=\"og:title\" content=\"Delovna mesta - Bold group\" \/>\n<meta property=\"og:description\" content=\"Pridru\u017ei se ekipi drznih strokovnjakov, ki vedno razmi\u0161ljamo izven okvirjev, se stalno izobra\u017eujemo in v prijetni atmosferi skupaj dosegamo neprestavljive cilje. Kdo je za nas bold? Samozavesten posameznik, ki je [&hellip;]\" \/>\n<meta property=\"og:url\" content=\"https:\/\/boldgroup.agency\/sl\/delovna-mesta\/\" \/>\n<meta property=\"og:site_name\" content=\"Bold group\" \/>\n<meta property=\"article:modified_time\" content=\"2024-01-17T10:45:48+00:00\" \/>\n<meta name=\"twitter:card\" content=\"summary_large_image\" \/>\n<meta name=\"twitter:label1\" content=\"Est. reading time\" \/>\n\t<meta name=\"twitter:data1\" content=\"2 minuti\" \/>\n<script type=\"application\/ld+json\" class=\"yoast-schema-graph\">{\"@context\":\"https:\/\/schema.org\",\"@graph\":[{\"@type\":\"WebPage\",\"@id\":\"https:\/\/boldgroup.agency\/sl\/delovna-mesta\/\",\"url\":\"https:\/\/boldgroup.agency\/sl\/delovna-mesta\/\",\"name\":\"Delovna mesta - Bold group\",\"isPartOf\":{\"@id\":\"https:\/\/boldgroup.agency\/#website\"},\"datePublished\":\"2022-03-18T11:41:10+00:00\",\"dateModified\":\"2024-01-17T10:45:48+00:00\",\"inLanguage\":\"sl-SI\",\"potentialAction\":[{\"@type\":\"ReadAction\",\"target\":[\"https:\/\/boldgroup.agency\/sl\/delovna-mesta\/\"]}]},{\"@type\":\"WebSite\",\"@id\":\"https:\/\/boldgroup.agency\/#website\",\"url\":\"https:\/\/boldgroup.agency\/\",\"name\":\"Bold group\",\"description\":\"Skupaj razvijamo drzne ideje, ki oblikujejo nov 360\u00ba svet.\",\"potentialAction\":[{\"@type\":\"SearchAction\",\"target\":{\"@type\":\"EntryPoint\",\"urlTemplate\":\"https:\/\/boldgroup.agency\/?s={search_term_string}\"},\"query-input\":\"required name=search_term_string\"}],\"inLanguage\":\"sl-SI\"}]}<\/script>\n<!-- \/ Yoast SEO plugin. -->","yoast_head_json":{"title":"Delovna mesta - Bold group","robots":{"index":"index","follow":"follow","max-snippet":"max-snippet:-1","max-image-preview":"max-image-preview:large","max-video-preview":"max-video-preview:-1"},"canonical":"https:\/\/boldgroup.agency\/sl\/delovna-mesta\/","og_locale":"sl_SI","og_type":"article","og_title":"Delovna mesta - Bold group","og_description":"Pridru\u017ei se ekipi drznih strokovnjakov, ki vedno razmi\u0161ljamo izven okvirjev, se stalno izobra\u017eujemo in v prijetni atmosferi skupaj dosegamo neprestavljive cilje. Kdo je za nas bold? Samozavesten posameznik, ki je [&hellip;]","og_url":"https:\/\/boldgroup.agency\/sl\/delovna-mesta\/","og_site_name":"Bold group","article_modified_time":"2024-01-17T10:45:48+00:00","twitter_card":"summary_large_image","twitter_misc":{"Est. reading time":"2 minuti"},"schema":{"@context":"https:\/\/schema.org","@graph":[{"@type":"WebPage","@id":"https:\/\/boldgroup.agency\/sl\/delovna-mesta\/","url":"https:\/\/boldgroup.agency\/sl\/delovna-mesta\/","name":"Delovna mesta - Bold group","isPartOf":{"@id":"https:\/\/boldgroup.agency\/#website"},"datePublished":"2022-03-18T11:41:10+00:00","dateModified":"2024-01-17T10:45:48+00:00","inLanguage":"sl-SI","potentialAction":[{"@type":"ReadAction","target":["https:\/\/boldgroup.agency\/sl\/delovna-mesta\/"]}]},{"@type":"WebSite","@id":"https:\/\/boldgroup.agency\/#website","url":"https:\/\/boldgroup.agency\/","name":"Bold group","description":"Skupaj razvijamo drzne ideje, ki oblikujejo nov 360\u00ba svet.","potentialAction":[{"@type":"SearchAction","target":{"@type":"EntryPoint","urlTemplate":"https:\/\/boldgroup.agency\/?s={search_term_string}"},"query-input":"required name=search_term_string"}],"inLanguage":"sl-SI"}]}},"_links":{"self":[{"href":"https:\/\/boldgroup.agency\/sl\/wp-json\/wp\/v2\/pages\/333"}],"collection":[{"href":"https:\/\/boldgroup.agency\/sl\/wp-json\/wp\/v2\/pages"}],"about":[{"href":"https:\/\/boldgroup.agency\/sl\/wp-json\/wp\/v2\/types\/page"}],"author":[{"embeddable":true,"href":"https:\/\/boldgroup.agency\/sl\/wp-json\/wp\/v2\/users\/1"}],"replies":[{"embeddable":true,"href":"https:\/\/boldgroup.agency\/sl\/wp-json\/wp\/v2\/comments?post=333"}],"version-history":[{"count":3,"href":"https:\/\/boldgroup.agency\/sl\/wp-json\/wp\/v2\/pages\/333\/revisions"}],"predecessor-version":[{"id":6396,"href":"https:\/\/boldgroup.agency\/sl\/wp-json\/wp\/v2\/pages\/333\/revisions\/6396"}],"wp:attachment":[{"href":"https:\/\/boldgroup.agency\/sl\/wp-json\/wp\/v2\/media?parent=333"}],"curies":[{"name":"wp","href":"https:\/\/api.w.org\/{rel}","templated":true}]}}