{"id":313,"date":"2022-03-16T14:26:59","date_gmt":"2022-03-16T14:26:59","guid":{"rendered":"http:\/\/boldgroup.agency\/?page_id=313"},"modified":"2023-02-09T11:17:22","modified_gmt":"2023-02-09T11:17:22","slug":"o-nas","status":"publish","type":"page","link":"https:\/\/boldgroup.agency\/sl\/o-nas\/","title":{"rendered":"O nas"},"content":{"rendered":"\n<div class=\"wp-block-group is-layout-flow wp-block-group-is-layout-flow\"><div class=\"wp-block-group__inner-container\">\n<p class=\"text-big\">Smo podalj\u0161ana roka va\u0161e marketin\u0161ke ekipe, s katero \u0161e tako zapleteni izzivi postanejo mala malica. <strong>Skupaj razvijamo drzne ideje<\/strong>, ki oblikujejo nov 360\u00ba svet.<\/p>\n\n\n\n<p><\/p>\n\n\n\n<p><\/p>\n\n\n\n<h2 class=\"wp-block-heading\">Na\u0161a zgodovina<\/h2>\n<\/div><\/div>\n\n\n\n<section class=\"wp-block-group timeline is-layout-flow wp-block-group-is-layout-flow\"><div class=\"wp-block-group__inner-container\">\n<div class=\"wp-block-columns timeline-row is-layout-flex wp-container-3 wp-block-columns-is-layout-flex\">\n<div class=\"wp-block-column timeline-col timeline-left is-layout-flow wp-block-column-is-layout-flow\">\n<h3 class=\"has-text-align-right wp-block-heading\">AM Agencija odpre svoja vrata<\/h3>\n\n\n\n<p class=\"has-text-align-right\">Slovenskemu trgu se predstavi AM Agencija, nova agencija za organizacijo dogodkov in promocij.<\/p>\n\n\n\n<p class=\"timeline-year\">2016<\/p>\n<\/div>\n<\/div>\n\n\n\n<div class=\"wp-block-columns timeline-row timeline-row-right is-layout-flex wp-container-5 wp-block-columns-is-layout-flex\">\n<div class=\"wp-block-column timeline-col timeline-right is-layout-flow wp-block-column-is-layout-flow\">\n<h3 class=\"wp-block-heading\">Regijsko pozicioniranje<\/h3>\n\n\n\n<p>AM Agencija se \u017ee v drugem letu pozicionira kot ena najmo\u010dnej\u0161ih agencij za organizacijo dogodkov in si zgradi zavidljiv portfolio naro\u010dnikov.<\/p>\n\n\n\n<p class=\"timeline-year\">2017<\/p>\n<\/div>\n<\/div>\n\n\n\n<div class=\"wp-block-columns timeline-row is-layout-flex wp-container-7 wp-block-columns-is-layout-flex\">\n<div class=\"wp-block-column timeline-col timeline-left is-layout-flow wp-block-column-is-layout-flow\">\n<h3 class=\"has-text-align-right wp-block-heading\">Odprtje buti\u010dne digitalne agencije Brandground<\/h3>\n\n\n\n<p class=\"has-text-align-right\">Kot stranski projekt se rodi Brandground, buti\u010dna agencija in predhodnica beglobal agencije.<\/p>\n\n\n\n<p class=\"timeline-year\">2018<\/p>\n<\/div>\n<\/div>\n\n\n\n<div class=\"wp-block-columns timeline-row timeline-row-right is-layout-flex wp-container-9 wp-block-columns-is-layout-flex\">\n<div class=\"wp-block-column timeline-col timeline-right is-layout-flow wp-block-column-is-layout-flow\">\n<h3 class=\"wp-block-heading\">Brandground postane beglobal<\/h3>\n\n\n\n<p>Po prvih uspe\u0161nih projektih se zdru\u017eijo mo\u010di obeh agencij in Brandground postane beglobal.<\/p>\n\n\n\n<p class=\"timeline-year\">2019<\/p>\n<\/div>\n<\/div>\n\n\n\n<div class=\"wp-block-columns timeline-row is-layout-flex wp-container-11 wp-block-columns-is-layout-flex\">\n<div class=\"wp-block-column timeline-col timeline-left is-layout-flow wp-block-column-is-layout-flow\">\n<h3 class=\"has-text-align-right wp-block-heading\">100% izpad dohodkov<\/h3>\n\n\n\n<p class=\"has-text-align-right\">Marca to leto AM Agencijo doleti popoln izpad dogodkov, kar nas prisili v razmi\u0161ljanje izven okvirjev.<\/p>\n\n\n\n<p class=\"timeline-year\">2020<\/p>\n<\/div>\n<\/div>\n\n\n\n<div class=\"wp-block-columns timeline-row timeline-row-right is-layout-flex wp-container-13 wp-block-columns-is-layout-flex\">\n<div class=\"wp-block-column timeline-col timeline-right is-layout-flow wp-block-column-is-layout-flow\">\n<h3 class=\"wp-block-heading\">Vedno tesnej\u0161e sodelovanje obeh agencij<\/h3>\n\n\n\n<p>Digitalni marketing v \u010dasu korona krize postaja vse bolj pomembnej\u0161i in postane del vse ve\u010d skupnih projektov, zaradi \u010desar se pojavlja vedno ve\u010d sinergij.<\/p>\n\n\n\n<p class=\"timeline-year\">2021<\/p>\n<\/div>\n<\/div>\n\n\n\n<div class=\"wp-block-columns timeline-row is-layout-flex wp-container-15 wp-block-columns-is-layout-flex\">\n<div class=\"wp-block-column timeline-col timeline-left is-layout-flow wp-block-column-is-layout-flow\">\n<h3 class=\"has-text-align-right wp-block-heading\">Nastanek BOLD skupine<\/h3>\n\n\n\n<p class=\"has-text-align-right\">AM Agencija in beglobal agencija se zdru\u017eita pod skupnim imenom bold.group z \u017eeljo postati ena izmed najbolj\u0161ih agencij v regiji in \u0161ir\u0161e.<\/p>\n\n\n\n<p class=\"timeline-year\">2022<\/p>\n<\/div>\n<\/div>\n\n\n\n<div class=\"wp-block-group timeline-end is-layout-flow wp-block-group-is-layout-flow\"><div class=\"wp-block-group__inner-container\">\n<figure class=\"wp-block-image size-full dark-theme-element\"><img decoding=\"async\" src=\"http:\/\/boldgroup.agency\/wp-content\/uploads\/2022\/03\/bold-icon.svg\" alt=\"\" class=\"wp-image-819\"\/><\/figure>\n\n\n\n<figure class=\"wp-block-image size-full light-theme-element\"><img decoding=\"async\" src=\"http:\/\/boldgroup.agency\/wp-content\/uploads\/2022\/03\/logo-black.svg\" alt=\"\" class=\"wp-image-580\"\/><\/figure>\n\n\n\n<figure class=\"wp-block-image size-full timeline-end-underline\"><img decoding=\"async\" src=\"http:\/\/boldgroup.agency\/wp-content\/uploads\/2022\/03\/underline-bold.svg\" alt=\"\" class=\"wp-image-462\"\/><\/figure>\n<\/div><\/div>\n<\/div><\/section>\n\n\n\n<div class=\"wp-block-group our-values is-layout-flow wp-block-group-is-layout-flow\"><div class=\"wp-block-group__inner-container\">\n<h2 class=\"wp-block-heading\">Na\u0161e vrednote<\/h2>\n\n\n\n<div class=\"wp-block-columns our-values-row is-layout-flex wp-container-21 wp-block-columns-is-layout-flex\">\n<div class=\"wp-block-column is-layout-flow wp-block-column-is-layout-flow\">\n<h4 class=\"wp-block-heading\">Odgovornost<\/h4>\n\n\n\n<p>Sprejemamo odgovornost za dosledno izvajanje dogovorov do partnerjev, zaposlenih in lastnikov; kar obljubimo, tudi naredimo.<\/p>\n<\/div>\n\n\n\n<div class=\"wp-block-column is-layout-flow wp-block-column-is-layout-flow\">\n<h4 class=\"wp-block-heading\">Odli\u010dnost<\/h4>\n\n\n\n<p>Zadovoljni smo z ni\u010d manj kot z najbolj\u0161im, pri vsem, kar po\u010dnemo.<\/p>\n<\/div>\n\n\n\n<div class=\"wp-block-column is-layout-flow wp-block-column-is-layout-flow\">\n<h4 class=\"wp-block-heading\">Fleksibilnost<\/h4>\n\n\n\n<p>Pripravljeni smo se prilagajati prihodnjim spremembam, trendom in potrebam, i\u0161\u010demo prilo\u017enosti in premi\u0161ljeno tvegamo, smo odkriti, pripravljeni za vse\u017eivljenjsko u\u010denje.<\/p>\n<\/div>\n<\/div>\n\n\n\n<div class=\"wp-block-columns our-values-row is-layout-flex wp-container-25 wp-block-columns-is-layout-flex\">\n<div class=\"wp-block-column is-layout-flow wp-block-column-is-layout-flow\">\n<h4 class=\"wp-block-heading\">U\u010dinkovitost<\/h4>\n\n\n\n<p>Iznajdljivo upravljamo z viri, osredoto\u010deni smo na dejavnosti, ki ustvarjajo vrednost, enostavno in u\u010dinkovito opravljamo naloge, dosegamo rezultate s primernimi stro\u0161ki, hitrostjo in kakovostjo.<\/p>\n<\/div>\n\n\n\n<div class=\"wp-block-column is-layout-flow wp-block-column-is-layout-flow\">\n<h4 class=\"wp-block-heading\">Integriteta<\/h4>\n\n\n\n<p>Smo po\u0161teni in zanesljivi, pozorno poslu\u0161amo in primerno komuniciramo, smo zgled drugim, zaupamo drugim ter gradimo odnose polne zaupanja.<\/p>\n<\/div>\n\n\n\n<div class=\"wp-block-column is-layout-flow wp-block-column-is-layout-flow\">\n<h4 class=\"wp-block-heading\">Ambicioznost<\/h4>\n\n\n\n<p>Dovolimo si drznost, ki spodbuja razvoj trga, inovativnost, zastavljanje prebojnih ciljev, narekovanje novih trendov in pogumno premika meje mogo\u010dega.<\/p>\n<\/div>\n<\/div>\n\n\n\n<div class=\"wp-block-group is-layout-flow wp-block-group-is-layout-flow\"><div class=\"wp-block-group__inner-container\"><\/div><\/div>\n<\/div><\/div>\n\n\n\n<div class=\"wp-block-group more-boxes is-layout-flow wp-block-group-is-layout-flow\"><div class=\"wp-block-group__inner-container\">\n<div class=\"wp-block-columns more-boxes-row is-layout-flex wp-container-32 wp-block-columns-is-layout-flex\">\n<div class=\"wp-block-column more-boxes-col is-layout-flow wp-block-column-is-layout-flow\">\n<h2 class=\"wp-block-heading\">Ekipa<\/h2>\n\n\n\n<p>Ponosni smo, da na\u0161o ekipo sestavljajo najrazli\u010dnej\u0161i talenti, ki vedno razmi\u0161ljajo izven okvirjev. Vsak posameznik je specializiran na svojem podro\u010dju, skupaj pa sestavljajo celoto, ki je kos \u0161e tako velikim izzivom. Spoznajte posameznike, ki stojijo za drznimi projekti.<\/p>\n\n\n\n<div class=\"wp-block-group section-link is-layout-flow wp-block-group-is-layout-flow\"><div class=\"wp-block-group__inner-container\">\n<a href=\"\/sl\/ekipa\"><i class=\"las la-arrow-right bold-arrow\"><\/i><span>Oglejte si celotno ekipo<\/span><\/a>\n<\/div><\/div>\n<\/div>\n\n\n\n<div class=\"wp-block-column more-boxes-col is-layout-flow wp-block-column-is-layout-flow\">\n<h2 class=\"wp-block-heading\">Zaposlitev<\/h2>\n\n\n\n<p>Vedno smo na lovu za novimi drznimi posamezniki, ki bodo izven okvirjen gradili na videz nemogo\u010de ideje. Obo\u017eujemo nekonvecionalnost, zdravo mero trme in disciplino, ki skupaj s kan\u010dkom kreativnosti in timskim delom pripeljejo do rezultatov.<\/p>\n\n\n\n<div class=\"wp-block-group section-link is-layout-flow wp-block-group-is-layout-flow\"><div class=\"wp-block-group__inner-container\">\n<a href=\"\/sl\/delovna-mesta\"><i class=\"las la-arrow-right bold-arrow\"><\/i><span>Oglejte si mo\u017enosti zaposlitve<\/span><\/a>\n<\/div><\/div>\n<\/div>\n<\/div>\n<\/div><\/div>\n\n\n\n<p><\/p>\n","protected":false},"excerpt":{"rendered":"<p>Smo podalj\u0161ana roka va\u0161e marketin\u0161ke ekipe, s katero \u0161e tako zapleteni izzivi postanejo mala malica. Skupaj razvijamo drzne ideje, ki oblikujejo nov 360\u00ba svet. Na\u0161a zgodovina AM Agencija odpre svoja [&hellip;]<\/p>\n","protected":false},"author":1,"featured_media":0,"parent":0,"menu_order":0,"comment_status":"closed","ping_status":"closed","template":"about-us.php","meta":{"ngg_post_thumbnail":0,"footnotes":""},"acf":[],"yoast_head":"<!-- This site is optimized with the Yoast SEO plugin v20.13 - https:\/\/yoast.com\/wordpress\/plugins\/seo\/ -->\n<title>O nas - Bold group<\/title>\n<meta name=\"robots\" content=\"index, follow, max-snippet:-1, max-image-preview:large, max-video-preview:-1\" \/>\n<link rel=\"canonical\" href=\"https:\/\/boldgroup.agency\/sl\/o-nas\/\" \/>\n<meta property=\"og:locale\" content=\"sl_SI\" \/>\n<meta property=\"og:type\" content=\"article\" \/>\n<meta property=\"og:title\" content=\"O nas - Bold group\" \/>\n<meta property=\"og:description\" content=\"Smo podalj\u0161ana roka va\u0161e marketin\u0161ke ekipe, s katero \u0161e tako zapleteni izzivi postanejo mala malica. Skupaj razvijamo drzne ideje, ki oblikujejo nov 360\u00ba svet. Na\u0161a zgodovina AM Agencija odpre svoja [&hellip;]\" \/>\n<meta property=\"og:url\" content=\"https:\/\/boldgroup.agency\/sl\/o-nas\/\" \/>\n<meta property=\"og:site_name\" content=\"Bold group\" \/>\n<meta property=\"article:modified_time\" content=\"2023-02-09T11:17:22+00:00\" \/>\n<meta property=\"og:image\" content=\"http:\/\/boldgroup.agency\/wp-content\/uploads\/2022\/03\/bold-icon.svg\" \/>\n<meta name=\"twitter:card\" content=\"summary_large_image\" \/>\n<meta name=\"twitter:label1\" content=\"Est. reading time\" \/>\n\t<meta name=\"twitter:data1\" content=\"3 minute\" \/>\n<script type=\"application\/ld+json\" class=\"yoast-schema-graph\">{\"@context\":\"https:\/\/schema.org\",\"@graph\":[{\"@type\":\"WebPage\",\"@id\":\"https:\/\/boldgroup.agency\/sl\/o-nas\/\",\"url\":\"https:\/\/boldgroup.agency\/sl\/o-nas\/\",\"name\":\"O nas - Bold group\",\"isPartOf\":{\"@id\":\"https:\/\/boldgroup.agency\/#website\"},\"datePublished\":\"2022-03-16T14:26:59+00:00\",\"dateModified\":\"2023-02-09T11:17:22+00:00\",\"inLanguage\":\"sl-SI\",\"potentialAction\":[{\"@type\":\"ReadAction\",\"target\":[\"https:\/\/boldgroup.agency\/sl\/o-nas\/\"]}]},{\"@type\":\"WebSite\",\"@id\":\"https:\/\/boldgroup.agency\/#website\",\"url\":\"https:\/\/boldgroup.agency\/\",\"name\":\"Bold group\",\"description\":\"Skupaj razvijamo drzne ideje, ki oblikujejo nov 360\u00ba svet.\",\"potentialAction\":[{\"@type\":\"SearchAction\",\"target\":{\"@type\":\"EntryPoint\",\"urlTemplate\":\"https:\/\/boldgroup.agency\/?s={search_term_string}\"},\"query-input\":\"required name=search_term_string\"}],\"inLanguage\":\"sl-SI\"}]}<\/script>\n<!-- \/ Yoast SEO plugin. -->","yoast_head_json":{"title":"O nas - Bold group","robots":{"index":"index","follow":"follow","max-snippet":"max-snippet:-1","max-image-preview":"max-image-preview:large","max-video-preview":"max-video-preview:-1"},"canonical":"https:\/\/boldgroup.agency\/sl\/o-nas\/","og_locale":"sl_SI","og_type":"article","og_title":"O nas - Bold group","og_description":"Smo podalj\u0161ana roka va\u0161e marketin\u0161ke ekipe, s katero \u0161e tako zapleteni izzivi postanejo mala malica. Skupaj razvijamo drzne ideje, ki oblikujejo nov 360\u00ba svet. Na\u0161a zgodovina AM Agencija odpre svoja [&hellip;]","og_url":"https:\/\/boldgroup.agency\/sl\/o-nas\/","og_site_name":"Bold group","article_modified_time":"2023-02-09T11:17:22+00:00","og_image":[{"url":"http:\/\/boldgroup.agency\/wp-content\/uploads\/2022\/03\/bold-icon.svg"}],"twitter_card":"summary_large_image","twitter_misc":{"Est. reading time":"3 minute"},"schema":{"@context":"https:\/\/schema.org","@graph":[{"@type":"WebPage","@id":"https:\/\/boldgroup.agency\/sl\/o-nas\/","url":"https:\/\/boldgroup.agency\/sl\/o-nas\/","name":"O nas - Bold group","isPartOf":{"@id":"https:\/\/boldgroup.agency\/#website"},"datePublished":"2022-03-16T14:26:59+00:00","dateModified":"2023-02-09T11:17:22+00:00","inLanguage":"sl-SI","potentialAction":[{"@type":"ReadAction","target":["https:\/\/boldgroup.agency\/sl\/o-nas\/"]}]},{"@type":"WebSite","@id":"https:\/\/boldgroup.agency\/#website","url":"https:\/\/boldgroup.agency\/","name":"Bold group","description":"Skupaj razvijamo drzne ideje, ki oblikujejo nov 360\u00ba svet.","potentialAction":[{"@type":"SearchAction","target":{"@type":"EntryPoint","urlTemplate":"https:\/\/boldgroup.agency\/?s={search_term_string}"},"query-input":"required name=search_term_string"}],"inLanguage":"sl-SI"}]}},"_links":{"self":[{"href":"https:\/\/boldgroup.agency\/sl\/wp-json\/wp\/v2\/pages\/313"}],"collection":[{"href":"https:\/\/boldgroup.agency\/sl\/wp-json\/wp\/v2\/pages"}],"about":[{"href":"https:\/\/boldgroup.agency\/sl\/wp-json\/wp\/v2\/types\/page"}],"author":[{"embeddable":true,"href":"https:\/\/boldgroup.agency\/sl\/wp-json\/wp\/v2\/users\/1"}],"replies":[{"embeddable":true,"href":"https:\/\/boldgroup.agency\/sl\/wp-json\/wp\/v2\/comments?post=313"}],"version-history":[{"count":0,"href":"https:\/\/boldgroup.agency\/sl\/wp-json\/wp\/v2\/pages\/313\/revisions"}],"wp:attachment":[{"href":"https:\/\/boldgroup.agency\/sl\/wp-json\/wp\/v2\/media?parent=313"}],"curies":[{"name":"wp","href":"https:\/\/api.w.org\/{rel}","templated":true}]}}