{"id":3,"date":"2022-03-01T07:55:15","date_gmt":"2022-03-01T07:55:15","guid":{"rendered":"http:\/\/boldgroup.agency\/?page_id=3"},"modified":"2024-09-30T06:32:04","modified_gmt":"2024-09-30T06:32:04","slug":"politika-zasebnosti","status":"publish","type":"page","link":"https:\/\/boldgroup.agency\/sl\/politika-zasebnosti\/","title":{"rendered":"Politika zasebnosti"},"content":{"rendered":"\n<h3 class=\"wp-block-heading\">Splo\u0161no:<\/h3>\n\n\n\n<p>Lastnik (upravljavec podatkov) spletnega mesta je podjetje:<\/p>\n\n\n\n<p>BOLD AM Agencija d.o.o.<\/p>\n\n\n\n<p>Litostrojska cesta 58c,<\/p>\n\n\n\n<p>1000 Ljubljana<br>Slovenija<\/p>\n\n\n\n<p>BOLD beglobal d.o.o. se zavezuje, da bodo \u0161\u010ditili va\u0161o zasebnost in razvijal tehnologijo, ki vam omogo\u010da varno spletno izku\u0161njo.<\/p>\n\n\n\n<p>Ta izjava o zasebnosti velja za spletno mesto BOLD beglobal d.o.o. Z uporabo spletnega mesta www.boldgroup.si sogla\u0161ate z na\u010dini uporabe podatkov, ki so opisani v tej izjavi.<\/p>\n\n\n\n<p><\/p>\n\n\n\n<h3 class=\"wp-block-heading\">Zbiranje osebnih podatkov&nbsp;<\/h3>\n\n\n\n<p>BOLD beglobal d.o.o. &nbsp;zbira na spletnem mestu naslednje podatke o vas:<\/p>\n\n\n\n<ul class=\"list-items list-items-100\">\n<li>Ime in Priimek<\/li>\n\n\n\n<li>E-mail<\/li>\n\n\n\n<li>telefonska \u0161tevilka<\/li>\n\n\n\n<li>ostale podatke vne\u0161ene v obrazec<\/li>\n<\/ul>\n\n\n\n<p><\/p>\n\n\n\n<p>Spletna stran BOLD beglobal D.O.O. lahko samodejno zbira tudi nekatere podatke o strojni in programski opremi va\u0161ega ra\u010dunalnika. Med te podatke sodijo:<\/p>\n\n\n\n<ul class=\"list-items list-items-100\">\n<li>Naslov IP.<\/li>\n\n\n\n<li>vrsta brskalnika,<\/li>\n\n\n\n<li>imena domen,<\/li>\n\n\n\n<li>\u010das dostopanja,<\/li>\n\n\n\n<li>naslovi spletnih mest, ki ste jih obiskali na na\u0161i spletni strani.<\/li>\n<\/ul>\n\n\n\n<p><\/p>\n\n\n\n<p>BOLD beglobal d.o.o. te informacije uporabljajo izklju\u010dno za izra\u010dun splo\u0161ne statistike o uporabi spletnega mesta.<\/p>\n\n\n\n<p><\/p>\n\n\n\n<h3 class=\"wp-block-heading\">Uporaba osebnih podatkov<\/h3>\n\n\n\n<p>BOLD beglobal d.o.o. zbira podatke na spletni strani z namenom zagotoviti pravilno delovanje spletnega mesta ter nudenje zahtevanih storitev. BOLD beglobal d.o.o. lahko uporabi va\u0161e podatke tudi za naslednje namene:<\/p>\n\n\n\n<ul class=\"list-items list-items-100\">\n<li>Internih tr\u017enih raziskav,<\/li>\n\n\n\n<li>obve\u0161\u010danja strank o novostih na spletni strani,<\/li>\n\n\n\n<li>obve\u0161\u010danja strank o novostih, ki se ti\u010dejo izdelkov ali storitev, ki jih BOLD beglobal d.o.o.&nbsp; nudi<\/li>\n\n\n\n<li>Varovanje osebnih podatkov<\/li>\n<\/ul>\n\n\n\n<p><\/p>\n\n\n\n<p>beglobal se zavezuje, da bodo va\u0161e osebne podatke varovali v skladu z Zakonom o varstvu zasebnih podatkov. Va\u0161i podatki se bodo uporabljali samo za interne namene in ne bodo posredovani tretjim osebam.<\/p>\n\n\n\n<p><\/p>\n\n\n\n<h3 class=\"wp-block-heading\">Uporaba pi\u0161kotkov (ang. Cookies)<\/h3>\n\n\n\n<p>Pi\u0161kotki so besedilne datoteke, ki jih na va\u0161 ra\u010dunalnik nalo\u017ei spletni stre\u017enik. Pi\u0161kotki ne vsebujejo nobenih podatkov s katerimi bi lahko ugotovili va\u0161o identiteto. S pomo\u010djo pi\u0161kotkov stre\u017enik ve, da ste se vrnili na spletno stran, kar lahko s pridom izkoristimo za prilagoditev spletnega mesta uporabniku.<\/p>\n\n\n\n<p>Ve\u010dina brskalnikov pi\u0161kotke samodejno sprejema, \u010de jih ne \u017eelite sprejemati ali pa \u017eelite, da ste obve\u0161\u010deni preden se pi\u0161kotek nalo\u017ei na va\u0161 ra\u010dunalnik lahko to dolo\u010dite v nastavitvah brskalnika.<\/p>\n\n\n\n<p><\/p>\n","protected":false},"excerpt":{"rendered":"<p>Splo\u0161no: Lastnik (upravljavec podatkov) spletnega mesta je podjetje: BOLD AM Agencija d.o.o. Litostrojska cesta 58c, 1000 LjubljanaSlovenija BOLD beglobal d.o.o. se zavezuje, da bodo \u0161\u010ditili va\u0161o zasebnost in razvijal tehnologijo, [&hellip;]<\/p>\n","protected":false},"author":1,"featured_media":0,"parent":0,"menu_order":0,"comment_status":"closed","ping_status":"closed","template":"simple-page-template.php","meta":{"ngg_post_thumbnail":0,"footnotes":""},"acf":[],"yoast_head":"<!-- This site is optimized with the Yoast SEO plugin v20.13 - https:\/\/yoast.com\/wordpress\/plugins\/seo\/ -->\n<title>Politika zasebnosti - Bold group<\/title>\n<meta name=\"robots\" content=\"index, follow, max-snippet:-1, max-image-preview:large, max-video-preview:-1\" \/>\n<link rel=\"canonical\" href=\"https:\/\/boldgroup.agency\/sl\/politika-zasebnosti\/\" \/>\n<meta property=\"og:locale\" content=\"sl_SI\" \/>\n<meta property=\"og:type\" content=\"article\" \/>\n<meta property=\"og:title\" content=\"Politika zasebnosti - Bold group\" \/>\n<meta property=\"og:description\" content=\"Splo\u0161no: Lastnik (upravljavec podatkov) spletnega mesta je podjetje: BOLD AM Agencija d.o.o. Litostrojska cesta 58c, 1000 LjubljanaSlovenija BOLD beglobal d.o.o. se zavezuje, da bodo \u0161\u010ditili va\u0161o zasebnost in razvijal tehnologijo, [&hellip;]\" \/>\n<meta property=\"og:url\" content=\"https:\/\/boldgroup.agency\/sl\/politika-zasebnosti\/\" \/>\n<meta property=\"og:site_name\" content=\"Bold group\" \/>\n<meta property=\"article:modified_time\" content=\"2024-09-30T06:32:04+00:00\" \/>\n<meta name=\"twitter:card\" content=\"summary_large_image\" \/>\n<meta name=\"twitter:label1\" content=\"Est. reading time\" \/>\n\t<meta name=\"twitter:data1\" content=\"2 minuti\" \/>\n<script type=\"application\/ld+json\" class=\"yoast-schema-graph\">{\"@context\":\"https:\/\/schema.org\",\"@graph\":[{\"@type\":\"WebPage\",\"@id\":\"https:\/\/boldgroup.agency\/sl\/politika-zasebnosti\/\",\"url\":\"https:\/\/boldgroup.agency\/sl\/politika-zasebnosti\/\",\"name\":\"Politika zasebnosti - Bold group\",\"isPartOf\":{\"@id\":\"https:\/\/boldgroup.agency\/#website\"},\"datePublished\":\"2022-03-01T07:55:15+00:00\",\"dateModified\":\"2024-09-30T06:32:04+00:00\",\"inLanguage\":\"sl-SI\",\"potentialAction\":[{\"@type\":\"ReadAction\",\"target\":[\"https:\/\/boldgroup.agency\/sl\/politika-zasebnosti\/\"]}]},{\"@type\":\"WebSite\",\"@id\":\"https:\/\/boldgroup.agency\/#website\",\"url\":\"https:\/\/boldgroup.agency\/\",\"name\":\"Bold group\",\"description\":\"Skupaj razvijamo drzne ideje, ki oblikujejo nov 360\u00ba svet.\",\"potentialAction\":[{\"@type\":\"SearchAction\",\"target\":{\"@type\":\"EntryPoint\",\"urlTemplate\":\"https:\/\/boldgroup.agency\/?s={search_term_string}\"},\"query-input\":\"required name=search_term_string\"}],\"inLanguage\":\"sl-SI\"}]}<\/script>\n<!-- \/ Yoast SEO plugin. -->","yoast_head_json":{"title":"Politika zasebnosti - Bold group","robots":{"index":"index","follow":"follow","max-snippet":"max-snippet:-1","max-image-preview":"max-image-preview:large","max-video-preview":"max-video-preview:-1"},"canonical":"https:\/\/boldgroup.agency\/sl\/politika-zasebnosti\/","og_locale":"sl_SI","og_type":"article","og_title":"Politika zasebnosti - Bold group","og_description":"Splo\u0161no: Lastnik (upravljavec podatkov) spletnega mesta je podjetje: BOLD AM Agencija d.o.o. Litostrojska cesta 58c, 1000 LjubljanaSlovenija BOLD beglobal d.o.o. se zavezuje, da bodo \u0161\u010ditili va\u0161o zasebnost in razvijal tehnologijo, [&hellip;]","og_url":"https:\/\/boldgroup.agency\/sl\/politika-zasebnosti\/","og_site_name":"Bold group","article_modified_time":"2024-09-30T06:32:04+00:00","twitter_card":"summary_large_image","twitter_misc":{"Est. reading time":"2 minuti"},"schema":{"@context":"https:\/\/schema.org","@graph":[{"@type":"WebPage","@id":"https:\/\/boldgroup.agency\/sl\/politika-zasebnosti\/","url":"https:\/\/boldgroup.agency\/sl\/politika-zasebnosti\/","name":"Politika zasebnosti - Bold group","isPartOf":{"@id":"https:\/\/boldgroup.agency\/#website"},"datePublished":"2022-03-01T07:55:15+00:00","dateModified":"2024-09-30T06:32:04+00:00","inLanguage":"sl-SI","potentialAction":[{"@type":"ReadAction","target":["https:\/\/boldgroup.agency\/sl\/politika-zasebnosti\/"]}]},{"@type":"WebSite","@id":"https:\/\/boldgroup.agency\/#website","url":"https:\/\/boldgroup.agency\/","name":"Bold group","description":"Skupaj razvijamo drzne ideje, ki oblikujejo nov 360\u00ba svet.","potentialAction":[{"@type":"SearchAction","target":{"@type":"EntryPoint","urlTemplate":"https:\/\/boldgroup.agency\/?s={search_term_string}"},"query-input":"required name=search_term_string"}],"inLanguage":"sl-SI"}]}},"_links":{"self":[{"href":"https:\/\/boldgroup.agency\/sl\/wp-json\/wp\/v2\/pages\/3"}],"collection":[{"href":"https:\/\/boldgroup.agency\/sl\/wp-json\/wp\/v2\/pages"}],"about":[{"href":"https:\/\/boldgroup.agency\/sl\/wp-json\/wp\/v2\/types\/page"}],"author":[{"embeddable":true,"href":"https:\/\/boldgroup.agency\/sl\/wp-json\/wp\/v2\/users\/1"}],"replies":[{"embeddable":true,"href":"https:\/\/boldgroup.agency\/sl\/wp-json\/wp\/v2\/comments?post=3"}],"version-history":[{"count":2,"href":"https:\/\/boldgroup.agency\/sl\/wp-json\/wp\/v2\/pages\/3\/revisions"}],"predecessor-version":[{"id":7539,"href":"https:\/\/boldgroup.agency\/sl\/wp-json\/wp\/v2\/pages\/3\/revisions\/7539"}],"wp:attachment":[{"href":"https:\/\/boldgroup.agency\/sl\/wp-json\/wp\/v2\/media?parent=3"}],"curies":[{"name":"wp","href":"https:\/\/api.w.org\/{rel}","templated":true}]}}