{"id":100,"date":"2022-03-04T12:00:00","date_gmt":"2022-03-04T12:00:00","guid":{"rendered":"http:\/\/boldgroup.agency\/?page_id=100"},"modified":"2025-10-21T16:36:19","modified_gmt":"2025-10-21T16:36:19","slug":"ekipa","status":"publish","type":"page","link":"https:\/\/boldgroup.agency\/sl\/ekipa\/","title":{"rendered":"Ekipa"},"content":{"rendered":"\n<div class=\"wp-block-cover banner banner-subpage\"><span aria-hidden=\"true\" class=\"wp-block-cover__background has-background-dim-0 has-background-dim\"><\/span><img decoding=\"async\" loading=\"lazy\" width=\"1879\" height=\"818\" class=\"wp-block-cover__image-background wp-image-648\" alt=\"\" src=\"http:\/\/boldgroup.agency\/wp-content\/uploads\/2022\/03\/about-kv.jpg\" data-object-fit=\"cover\"\/><div class=\"wp-block-cover__inner-container is-layout-flow wp-block-cover-is-layout-flow\">\n<p class=\"has-text-align-center has-large-font-size\"><\/p>\n<\/div><\/div>\n\n\n\n<div class=\"wp-block-group about-desc container is-layout-flow wp-block-group-is-layout-flow\"><div class=\"wp-block-group__inner-container\">\n<h2 class=\"wp-block-heading\">Ekipa<\/h2>\n\n\n\n<p class=\"text-big\">Ponosni smo, da na\u0161o ekipo sestavljajo najrazli\u010dnej\u0161i talenti, ki vedno razmi\u0161ljajo izven okvirjev. Vsak posameznik je specializiran na svojem podro\u010dju, skupaj pa sestavljajo celoto, ki je kos \u0161e tako velikim izzivom. Spoznajte posameznike, ki stojijo za drznimi projekti.<\/p>\n<\/div><\/div>\n\n\n\n<div class=\"wp-block-group is-layout-flow wp-block-group-is-layout-flow\"><div class=\"wp-block-group__inner-container\">\n<div class=\"wp-block-columns cards-row is-layout-flex wp-container-10 wp-block-columns-is-layout-flex\">\n<div class=\"wp-block-column cards-title is-layout-flow wp-block-column-is-layout-flow\" style=\"flex-basis:20%\">\n<h3 class=\"wp-block-heading\">Vodstvo<\/h3>\n\n\n\n<i class=\"las la-arrow-right bold-arrow\"> <\/i>\n<\/div>\n\n\n\n<div class=\"wp-block-column cards is-layout-flow wp-block-column-is-layout-flow\">\n<div class=\"wp-block-group is-layout-flow wp-block-group-is-layout-flow\"><div class=\"wp-block-group__inner-container\">\n<div class=\"wp-block-columns is-not-stacked-on-mobile is-layout-flex wp-container-7 wp-block-columns-is-layout-flex\">\n<div class=\"wp-block-column is-layout-flow wp-block-column-is-layout-flow\" style=\"flex-basis:23%\">\n<figure class=\"wp-block-image size-full\"><img decoding=\"async\" loading=\"lazy\" width=\"350\" height=\"438\" src=\"http:\/\/boldgroup.agency\/wp-content\/uploads\/2022\/03\/Rok-Zajc.jpg\" alt=\"\" class=\"wp-image-243\"\/><figcaption class=\"wp-element-caption\">Rok <strong>Zajc<\/strong><\/figcaption><\/figure>\n\n\n\n<h5 class=\"wp-block-heading\">Partner in direktor<\/h5>\n<\/div>\n\n\n\n<div class=\"wp-block-column is-layout-flow wp-block-column-is-layout-flow\" style=\"flex-basis:23%\">\n<figure class=\"wp-block-image size-full\"><img decoding=\"async\" loading=\"lazy\" width=\"350\" height=\"437\" src=\"http:\/\/boldgroup.agency\/wp-content\/uploads\/2022\/03\/Aljaz-Peklaj.jpg\" alt=\"\" class=\"wp-image-250\"\/><figcaption class=\"wp-element-caption\">Alja\u017e <strong>Peklaj<\/strong><\/figcaption><\/figure>\n\n\n\n<h5 class=\"wp-block-heading\">Partner in strate\u0161ki direktor<\/h5>\n<\/div>\n\n\n\n<div class=\"wp-block-column is-layout-flow wp-block-column-is-layout-flow\" style=\"flex-basis:23%\">\n<figure class=\"wp-block-image size-full\"><img decoding=\"async\" loading=\"lazy\" width=\"350\" height=\"438\" src=\"http:\/\/boldgroup.agency\/wp-content\/uploads\/2022\/03\/Gregor-Bobovnik.jpg\" alt=\"\" class=\"wp-image-258\"\/><figcaption class=\"wp-element-caption\">Gregor <strong>Bobovnik<\/strong><\/figcaption><\/figure>\n\n\n\n<h5 class=\"wp-block-heading\">Partner in operativni direktor<\/h5>\n<\/div>\n<\/div>\n<\/div><\/div>\n<\/div>\n<\/div>\n<\/div><\/div>\n\n\n\n<div class=\"wp-block-group is-layout-flow wp-block-group-is-layout-flow\"><div class=\"wp-block-group__inner-container\">\n<div class=\"wp-block-columns cards-row is-layout-flex wp-container-19 wp-block-columns-is-layout-flex\">\n<div class=\"wp-block-column cards-title is-layout-flow wp-block-column-is-layout-flow\" style=\"flex-basis:20%\">\n<figure class=\"wp-block-image size-full cards-logo light-theme-element\"><img decoding=\"async\" src=\"http:\/\/boldgroup.agency\/wp-content\/uploads\/2022\/03\/bold-d-black.svg\" alt=\"\" class=\"wp-image-702\"\/><\/figure>\n\n\n\n<figure class=\"wp-block-image size-full cards-logo dark-theme-element\"><img decoding=\"async\" src=\"http:\/\/boldgroup.agency\/wp-content\/uploads\/2022\/03\/logo-agency.svg\" alt=\"\" class=\"wp-image-637\"\/><\/figure>\n\n\n\n<h3 class=\"wp-block-heading\">Strate\u0161ko svetovanje<\/h3>\n\n\n\n<i class=\"las la-arrow-right bold-arrow\"> <\/i>\n<\/div>\n\n\n\n<div class=\"wp-block-column cards is-layout-flow wp-block-column-is-layout-flow\">\n<div class=\"wp-block-group is-layout-flow wp-block-group-is-layout-flow\"><div class=\"wp-block-group__inner-container\">\n<div class=\"wp-block-columns is-layout-flex wp-container-16 wp-block-columns-is-layout-flex\">\n<div class=\"wp-block-column is-layout-flow wp-block-column-is-layout-flow\" style=\"flex-basis:23%\">\n<figure class=\"wp-block-image size-full\"><img decoding=\"async\" loading=\"lazy\" width=\"350\" height=\"438\" src=\"http:\/\/boldgroup.agency\/wp-content\/uploads\/2022\/03\/Karmen-Govejsek.jpg\" alt=\"\" class=\"wp-image-264\"\/><figcaption class=\"wp-element-caption\">Karmen <strong>Govej\u0161ek<\/strong><\/figcaption><\/figure>\n\n\n\n<h5 class=\"wp-block-heading\">Vodja pisarne<\/h5>\n<\/div>\n\n\n\n<div class=\"wp-block-column is-layout-flow wp-block-column-is-layout-flow\" style=\"flex-basis:23%\">\n<figure class=\"wp-block-image size-full\"><img decoding=\"async\" loading=\"lazy\" width=\"350\" height=\"438\" src=\"https:\/\/boldgroup.agency\/wp-content\/uploads\/2024\/03\/Ines_Polajzer_Vodja_projektov.webp\" alt=\"\" class=\"wp-image-7008\"\/><figcaption class=\"wp-element-caption\">Ines <strong>Polaj\u017eer<\/strong><\/figcaption><\/figure>\n\n\n\n<h5 class=\"wp-block-heading\">Vodja projektov<\/h5>\n<\/div>\n\n\n\n<div class=\"wp-block-column is-layout-flow wp-block-column-is-layout-flow\" style=\"flex-basis:23%\">\n<figure class=\"wp-block-image size-full\"><img decoding=\"async\" loading=\"lazy\" width=\"350\" height=\"438\" src=\"https:\/\/boldgroup.agency\/wp-content\/uploads\/2024\/03\/Petja-Oplotnik_vodja-projetkov.webp\" alt=\"\" class=\"wp-image-7003\"\/><figcaption class=\"wp-element-caption\">Petja <strong>Oplotnik<\/strong><\/figcaption><\/figure>\n\n\n\n<h5 class=\"wp-block-heading\">Vodja projektov<\/h5>\n<\/div>\n<\/div>\n<\/div><\/div>\n<\/div>\n<\/div>\n<\/div><\/div>\n\n\n\n<div class=\"wp-block-group hide-for-now is-layout-flow wp-block-group-is-layout-flow\"><div class=\"wp-block-group__inner-container\">\n<div class=\"wp-block-columns cards-row is-layout-flex wp-container-27 wp-block-columns-is-layout-flex\">\n<div class=\"wp-block-column cards-title is-layout-flow wp-block-column-is-layout-flow\" style=\"flex-basis:20%\">\n<figure class=\"wp-block-image size-full cards-logo light-theme-element\"><img decoding=\"async\" src=\"http:\/\/boldgroup.agency\/wp-content\/uploads\/2022\/03\/bold-e-black.svg\" alt=\"\" class=\"wp-image-703\"\/><\/figure>\n\n\n\n<figure class=\"wp-block-image size-full cards-logo dark-theme-element\"><img decoding=\"async\" src=\"http:\/\/boldgroup.agency\/wp-content\/uploads\/2022\/03\/logo-experiance.svg\" alt=\"\" class=\"wp-image-642\"\/><\/figure>\n\n\n\n<h3 class=\"wp-block-heading\">Upravljanje do\u017eivetij<\/h3>\n\n\n\n<i class=\"las la-arrow-right bold-arrow\"> <\/i>\n<\/div>\n\n\n\n<div class=\"wp-block-column cards is-layout-flow wp-block-column-is-layout-flow\">\n<div class=\"wp-block-group is-layout-flow wp-block-group-is-layout-flow\"><div class=\"wp-block-group__inner-container\">\n<div class=\"wp-block-columns is-layout-flex wp-container-24 wp-block-columns-is-layout-flex\">\n<div class=\"wp-block-column is-layout-flow wp-block-column-is-layout-flow\" style=\"flex-basis:23%\">\n<figure class=\"wp-block-image size-full\"><img decoding=\"async\" loading=\"lazy\" width=\"350\" height=\"437\" src=\"http:\/\/boldgroup.agency\/wp-content\/uploads\/2022\/03\/Aljaz-Florjancic.jpg\" alt=\"\" class=\"wp-image-249\"\/><figcaption class=\"wp-element-caption\">Alja\u017e <strong>Florjan\u010di\u010d<\/strong><\/figcaption><\/figure>\n\n\n\n<h5 class=\"wp-block-heading\">Direktor do\u017eivljajskih projektov<\/h5>\n<\/div>\n\n\n\n<div class=\"wp-block-column is-layout-flow wp-block-column-is-layout-flow\" style=\"flex-basis:23%\">\n<figure class=\"wp-block-image size-full cards-link\"><a href=\"http:\/\/boldgroup.agency\/delovna-mesta\/\"><img decoding=\"async\" src=\"http:\/\/boldgroup.agency\/wp-content\/uploads\/2022\/03\/border.svg\" alt=\"\" class=\"wp-image-654\"\/><\/a><figcaption class=\"wp-element-caption\">Se vidi\u0161 <strong>v tej vlogi?<\/strong><\/figcaption><\/figure>\n\n\n\n<h5 class=\"wp-block-heading\">Vodja do\u017eivljajskih projektov<\/h5>\n<\/div>\n<\/div>\n<\/div><\/div>\n<\/div>\n<\/div>\n<\/div><\/div>\n\n\n\n<div class=\"wp-block-group is-layout-flow wp-block-group-is-layout-flow\"><div class=\"wp-block-group__inner-container\">\n<div class=\"wp-block-columns cards-row is-layout-flex wp-container-36 wp-block-columns-is-layout-flex\">\n<div class=\"wp-block-column cards-title is-layout-flow wp-block-column-is-layout-flow\" style=\"flex-basis:20%\">\n<figure class=\"wp-block-image size-full cards-logo light-theme-element\"><img decoding=\"async\" src=\"http:\/\/boldgroup.agency\/wp-content\/uploads\/2022\/03\/bold-c-black.svg\" alt=\"\" class=\"wp-image-701\"\/><\/figure>\n\n\n\n<figure class=\"wp-block-image size-full cards-logo dark-theme-element\"><img decoding=\"async\" src=\"http:\/\/boldgroup.agency\/wp-content\/uploads\/2022\/03\/bold-creative.svg\" alt=\"\" class=\"wp-image-640\"\/><\/figure>\n\n\n\n<h3 class=\"wp-block-heading\">Oblikovanje<\/h3>\n\n\n\n<i class=\"las la-arrow-right bold-arrow\"> <\/i>\n<\/div>\n\n\n\n<div class=\"wp-block-column cards is-layout-flow wp-block-column-is-layout-flow\">\n<div class=\"wp-block-group is-layout-flow wp-block-group-is-layout-flow\"><div class=\"wp-block-group__inner-container\">\n<div class=\"wp-block-columns is-layout-flex wp-container-33 wp-block-columns-is-layout-flex\">\n<div class=\"wp-block-column is-layout-flow wp-block-column-is-layout-flow\" style=\"flex-basis:23%\">\n<figure class=\"wp-block-image size-full\"><img decoding=\"async\" loading=\"lazy\" width=\"350\" height=\"438\" src=\"http:\/\/boldgroup.agency\/wp-content\/uploads\/2022\/03\/Tim-Waschl-Luznar.jpg\" alt=\"\" class=\"wp-image-245\"\/><figcaption class=\"wp-element-caption\">Tim <strong>Waschl Luznar<\/strong><\/figcaption><\/figure>\n\n\n\n<h5 class=\"wp-block-heading\">Art direktor in vodja kreative<\/h5>\n<\/div>\n\n\n\n<div class=\"wp-block-column is-layout-flow wp-block-column-is-layout-flow\" style=\"flex-basis:23%\">\n<figure class=\"wp-block-image size-full\"><img decoding=\"async\" loading=\"lazy\" width=\"350\" height=\"438\" src=\"https:\/\/boldgroup.agency\/wp-content\/uploads\/2024\/03\/Jan-Zurman.webp\" alt=\"\" class=\"wp-image-7015\"\/><figcaption class=\"wp-element-caption\">Jan <strong>\u017durman<\/strong><\/figcaption><\/figure>\n\n\n\n<h5 class=\"wp-block-heading\">Grafi\u010dni oblikovalec<\/h5>\n<\/div>\n\n\n\n<div class=\"wp-block-column is-layout-flow wp-block-column-is-layout-flow\" style=\"flex-basis:23%\">\n<figure class=\"wp-block-image size-full\"><img decoding=\"async\" loading=\"lazy\" width=\"350\" height=\"438\" src=\"http:\/\/boldgroup.agency\/wp-content\/uploads\/2024\/07\/katarina.jpg\" alt=\"\" class=\"wp-image-7225\"\/><figcaption class=\"wp-element-caption\">Katarina <strong>Cerar<\/strong><\/figcaption><\/figure>\n\n\n\n<h5 class=\"wp-block-heading\">Grafi\u010dna in digitalna oblikovalka<\/h5>\n<\/div>\n<\/div>\n<\/div><\/div>\n<\/div>\n<\/div>\n<\/div><\/div>\n\n\n\n<div class=\"wp-block-group is-layout-flow wp-block-group-is-layout-flow\"><div class=\"wp-block-group__inner-container\">\n<div class=\"wp-block-columns cards-row is-layout-flex wp-container-44 wp-block-columns-is-layout-flex\">\n<div class=\"wp-block-column cards-title is-layout-flow wp-block-column-is-layout-flow\" style=\"flex-basis:20%\">\n<figure class=\"wp-block-image size-full cards-logo light-theme-element\"><img decoding=\"async\" src=\"http:\/\/boldgroup.agency\/wp-content\/uploads\/2022\/03\/bold-d-black.svg\" alt=\"\" class=\"wp-image-702\"\/><\/figure>\n\n\n\n<figure class=\"wp-block-image size-full cards-logo dark-theme-element\"><img decoding=\"async\" src=\"http:\/\/boldgroup.agency\/wp-content\/uploads\/2022\/03\/logo-agency.svg\" alt=\"\" class=\"wp-image-637\"\/><\/figure>\n\n\n\n<h3 class=\"wp-block-heading\">Razvoj tr\u017enih znamk<\/h3>\n\n\n\n<i class=\"las la-arrow-right bold-arrow\"> <\/i>\n<\/div>\n\n\n\n<div class=\"wp-block-column cards is-layout-flow wp-block-column-is-layout-flow\">\n<div class=\"wp-block-group is-layout-flow wp-block-group-is-layout-flow\"><div class=\"wp-block-group__inner-container\">\n<div class=\"wp-block-columns is-layout-flex wp-container-41 wp-block-columns-is-layout-flex\">\n<div class=\"wp-block-column is-layout-flow wp-block-column-is-layout-flow\" style=\"flex-basis:23%\">\n<figure class=\"wp-block-image size-full\"><img decoding=\"async\" loading=\"lazy\" width=\"350\" height=\"438\" src=\"http:\/\/boldgroup.agency\/wp-content\/uploads\/2022\/03\/Benjamin-Hrkic.jpg\" alt=\"\" class=\"wp-image-254\"\/><figcaption class=\"wp-element-caption\">Benjamin <strong>Hrki\u010d<\/strong><\/figcaption><\/figure>\n\n\n\n<h5 class=\"wp-block-heading\">Kreativni direktor<\/h5>\n<\/div>\n\n\n\n<div class=\"wp-block-column is-layout-flow wp-block-column-is-layout-flow\" style=\"flex-basis:23%\">\n<figure class=\"wp-block-image size-full\"><img decoding=\"async\" loading=\"lazy\" width=\"350\" height=\"438\" src=\"http:\/\/boldgroup.agency\/wp-content\/uploads\/2022\/10\/sara-ekipa.jpg\" alt=\"\" class=\"wp-image-2030\" srcset=\"https:\/\/boldgroup.agency\/wp-content\/uploads\/2022\/10\/sara-ekipa.jpg 350w, https:\/\/boldgroup.agency\/wp-content\/uploads\/2022\/10\/sara-ekipa-240x300.jpg 240w\" sizes=\"(max-width: 350px) 100vw, 350px\" \/><figcaption class=\"wp-element-caption\">Sara <strong>Mekinc<\/strong><\/figcaption><\/figure>\n\n\n\n<h5 class=\"wp-block-heading\">Direktorica vsebin<\/h5>\n<\/div>\n<\/div>\n<\/div><\/div>\n<\/div>\n<\/div>\n<\/div><\/div>\n\n\n\n<div class=\"wp-block-group is-layout-flow wp-block-group-is-layout-flow\"><div class=\"wp-block-group__inner-container\">\n<div class=\"wp-block-columns cards-row is-layout-flex wp-container-53 wp-block-columns-is-layout-flex\">\n<div class=\"wp-block-column cards-title is-layout-flow wp-block-column-is-layout-flow\" style=\"flex-basis:20%\">\n<figure class=\"wp-block-image size-full cards-logo light-theme-element\"><img decoding=\"async\" src=\"http:\/\/boldgroup.agency\/wp-content\/uploads\/2022\/03\/bold-d-black.svg\" alt=\"\" class=\"wp-image-702\"\/><\/figure>\n\n\n\n<figure class=\"wp-block-image size-full cards-logo dark-theme-element\"><img decoding=\"async\" src=\"http:\/\/boldgroup.agency\/wp-content\/uploads\/2022\/03\/bold-digital.svg\" alt=\"\" class=\"wp-image-641\"\/><\/figure>\n\n\n\n<h3 class=\"wp-block-heading\">Performance marketing<\/h3>\n\n\n\n<i class=\"las la-arrow-right bold-arrow\"> <\/i>\n<\/div>\n\n\n\n<div class=\"wp-block-column cards is-layout-flow wp-block-column-is-layout-flow\">\n<div class=\"wp-block-group is-layout-flow wp-block-group-is-layout-flow\"><div class=\"wp-block-group__inner-container\">\n<div class=\"wp-block-columns is-layout-flex wp-container-50 wp-block-columns-is-layout-flex\">\n<div class=\"wp-block-column is-layout-flow wp-block-column-is-layout-flow\" style=\"flex-basis:23%\">\n<figure class=\"wp-block-image size-full\"><img decoding=\"async\" loading=\"lazy\" width=\"350\" height=\"438\" src=\"http:\/\/boldgroup.agency\/wp-content\/uploads\/2022\/03\/Gala-Vardjan.jpg\" alt=\"\" class=\"wp-image-257\"\/><figcaption class=\"wp-element-caption\">Gala <strong>Vardjan<\/strong><\/figcaption><\/figure>\n\n\n\n<h5 class=\"wp-block-heading\">Specialistka za performance marketing<\/h5>\n<\/div>\n\n\n\n<div class=\"wp-block-column is-layout-flow wp-block-column-is-layout-flow\" style=\"flex-basis:23%\">\n<figure class=\"wp-block-image size-full\"><img decoding=\"async\" loading=\"lazy\" width=\"350\" height=\"438\" src=\"https:\/\/boldgroup.agency\/wp-content\/uploads\/2024\/07\/anja.jpg\" alt=\"\" class=\"wp-image-7161\"\/><figcaption class=\"wp-element-caption\">Anja <strong>Zakov\u0161ek<\/strong><\/figcaption><\/figure>\n\n\n\n<h5 class=\"wp-block-heading\">Specialistka za performance marketing<\/h5>\n<\/div>\n\n\n\n<div class=\"wp-block-column is-layout-flow wp-block-column-is-layout-flow\" style=\"flex-basis:23%\">\n<figure class=\"wp-block-image size-full\"><img decoding=\"async\" loading=\"lazy\" width=\"350\" height=\"438\" src=\"http:\/\/boldgroup.agency\/wp-content\/uploads\/2022\/03\/Aljosa-Rencof.jpg\" alt=\"\" class=\"wp-image-251\"\/><figcaption class=\"wp-element-caption\">Aljo\u0161a <strong>Ren\u010dof<\/strong><\/figcaption><\/figure>\n\n\n\n<h5 class=\"wp-block-heading\">Razvijalec spletnih re\u0161itev<\/h5>\n<\/div>\n<\/div>\n<\/div><\/div>\n<\/div>\n<\/div>\n<\/div><\/div>\n\n\n\n<div class=\"wp-block-group cards-last-item hide-for-now is-layout-flow wp-block-group-is-layout-flow\"><div class=\"wp-block-group__inner-container\">\n<div class=\"wp-block-columns cards-row is-layout-flex wp-container-60 wp-block-columns-is-layout-flex\">\n<div class=\"wp-block-column cards-title is-layout-flow wp-block-column-is-layout-flow\" style=\"flex-basis:20%\">\n<h3 class=\"wp-block-heading\">Podpora<\/h3>\n\n\n\n<i class=\"las la-arrow-right bold-arrow\"> <\/i>\n<\/div>\n\n\n\n<div class=\"wp-block-column cards is-layout-flow wp-block-column-is-layout-flow\">\n<div class=\"wp-block-group is-layout-flow wp-block-group-is-layout-flow\"><div class=\"wp-block-group__inner-container\">\n<div class=\"wp-block-columns is-layout-flex wp-container-57 wp-block-columns-is-layout-flex\">\n<div class=\"wp-block-column is-layout-flow wp-block-column-is-layout-flow\" style=\"flex-basis:23%\">\n<figure class=\"wp-block-image size-full\"><img decoding=\"async\" loading=\"lazy\" width=\"350\" height=\"438\" src=\"http:\/\/boldgroup.agency\/wp-content\/uploads\/2022\/03\/Kala.jpg\" alt=\"\" class=\"wp-image-263\"\/><figcaption class=\"wp-element-caption\">Kala<\/figcaption><\/figure>\n\n\n\n<h5 class=\"wp-block-heading\">Sre\u010d(n)a na vrvici<\/h5>\n<\/div>\n<\/div>\n<\/div><\/div>\n<\/div>\n<\/div>\n<\/div><\/div>\n\n\n\n<style>\n.hide-for-now {display: none !important;}\n<\/style>\n","protected":false},"excerpt":{"rendered":"<p>Ekipa Ponosni smo, da na\u0161o ekipo sestavljajo najrazli\u010dnej\u0161i talenti, ki vedno razmi\u0161ljajo izven okvirjev. Vsak posameznik je specializiran na svojem podro\u010dju, skupaj pa sestavljajo celoto, ki je kos \u0161e tako [&hellip;]<\/p>\n","protected":false},"author":1,"featured_media":0,"parent":0,"menu_order":0,"comment_status":"closed","ping_status":"closed","template":"","meta":{"ngg_post_thumbnail":0,"footnotes":""},"acf":[],"yoast_head":"<!-- This site is optimized with the Yoast SEO plugin v20.13 - https:\/\/yoast.com\/wordpress\/plugins\/seo\/ -->\n<title>Ekipa - Bold group<\/title>\n<meta name=\"robots\" content=\"index, follow, max-snippet:-1, max-image-preview:large, max-video-preview:-1\" \/>\n<link rel=\"canonical\" href=\"https:\/\/boldgroup.agency\/sl\/ekipa\/\" \/>\n<meta property=\"og:locale\" content=\"sl_SI\" \/>\n<meta property=\"og:type\" content=\"article\" \/>\n<meta property=\"og:title\" content=\"Ekipa - Bold group\" \/>\n<meta property=\"og:description\" content=\"Ekipa Ponosni smo, da na\u0161o ekipo sestavljajo najrazli\u010dnej\u0161i talenti, ki vedno razmi\u0161ljajo izven okvirjev. Vsak posameznik je specializiran na svojem podro\u010dju, skupaj pa sestavljajo celoto, ki je kos \u0161e tako [&hellip;]\" \/>\n<meta property=\"og:url\" content=\"https:\/\/boldgroup.agency\/sl\/ekipa\/\" \/>\n<meta property=\"og:site_name\" content=\"Bold group\" \/>\n<meta property=\"article:modified_time\" content=\"2025-10-21T16:36:19+00:00\" \/>\n<meta property=\"og:image\" content=\"http:\/\/boldgroup.agency\/wp-content\/uploads\/2022\/03\/Rok-Zajc.jpg\" \/>\n<meta name=\"twitter:card\" content=\"summary_large_image\" \/>\n<meta name=\"twitter:label1\" content=\"Est. reading time\" \/>\n\t<meta name=\"twitter:data1\" content=\"7 minut\" \/>\n<script type=\"application\/ld+json\" class=\"yoast-schema-graph\">{\"@context\":\"https:\/\/schema.org\",\"@graph\":[{\"@type\":\"WebPage\",\"@id\":\"https:\/\/boldgroup.agency\/sl\/ekipa\/\",\"url\":\"https:\/\/boldgroup.agency\/sl\/ekipa\/\",\"name\":\"Ekipa - Bold group\",\"isPartOf\":{\"@id\":\"https:\/\/boldgroup.agency\/#website\"},\"datePublished\":\"2022-03-04T12:00:00+00:00\",\"dateModified\":\"2025-10-21T16:36:19+00:00\",\"inLanguage\":\"sl-SI\",\"potentialAction\":[{\"@type\":\"ReadAction\",\"target\":[\"https:\/\/boldgroup.agency\/sl\/ekipa\/\"]}]},{\"@type\":\"WebSite\",\"@id\":\"https:\/\/boldgroup.agency\/#website\",\"url\":\"https:\/\/boldgroup.agency\/\",\"name\":\"Bold group\",\"description\":\"Skupaj razvijamo drzne ideje, ki oblikujejo nov 360\u00ba svet.\",\"potentialAction\":[{\"@type\":\"SearchAction\",\"target\":{\"@type\":\"EntryPoint\",\"urlTemplate\":\"https:\/\/boldgroup.agency\/?s={search_term_string}\"},\"query-input\":\"required name=search_term_string\"}],\"inLanguage\":\"sl-SI\"}]}<\/script>\n<!-- \/ Yoast SEO plugin. -->","yoast_head_json":{"title":"Ekipa - Bold group","robots":{"index":"index","follow":"follow","max-snippet":"max-snippet:-1","max-image-preview":"max-image-preview:large","max-video-preview":"max-video-preview:-1"},"canonical":"https:\/\/boldgroup.agency\/sl\/ekipa\/","og_locale":"sl_SI","og_type":"article","og_title":"Ekipa - Bold group","og_description":"Ekipa Ponosni smo, da na\u0161o ekipo sestavljajo najrazli\u010dnej\u0161i talenti, ki vedno razmi\u0161ljajo izven okvirjev. Vsak posameznik je specializiran na svojem podro\u010dju, skupaj pa sestavljajo celoto, ki je kos \u0161e tako [&hellip;]","og_url":"https:\/\/boldgroup.agency\/sl\/ekipa\/","og_site_name":"Bold group","article_modified_time":"2025-10-21T16:36:19+00:00","og_image":[{"url":"http:\/\/boldgroup.agency\/wp-content\/uploads\/2022\/03\/Rok-Zajc.jpg"}],"twitter_card":"summary_large_image","twitter_misc":{"Est. reading time":"7 minut"},"schema":{"@context":"https:\/\/schema.org","@graph":[{"@type":"WebPage","@id":"https:\/\/boldgroup.agency\/sl\/ekipa\/","url":"https:\/\/boldgroup.agency\/sl\/ekipa\/","name":"Ekipa - Bold group","isPartOf":{"@id":"https:\/\/boldgroup.agency\/#website"},"datePublished":"2022-03-04T12:00:00+00:00","dateModified":"2025-10-21T16:36:19+00:00","inLanguage":"sl-SI","potentialAction":[{"@type":"ReadAction","target":["https:\/\/boldgroup.agency\/sl\/ekipa\/"]}]},{"@type":"WebSite","@id":"https:\/\/boldgroup.agency\/#website","url":"https:\/\/boldgroup.agency\/","name":"Bold group","description":"Skupaj razvijamo drzne ideje, ki oblikujejo nov 360\u00ba svet.","potentialAction":[{"@type":"SearchAction","target":{"@type":"EntryPoint","urlTemplate":"https:\/\/boldgroup.agency\/?s={search_term_string}"},"query-input":"required name=search_term_string"}],"inLanguage":"sl-SI"}]}},"_links":{"self":[{"href":"https:\/\/boldgroup.agency\/sl\/wp-json\/wp\/v2\/pages\/100"}],"collection":[{"href":"https:\/\/boldgroup.agency\/sl\/wp-json\/wp\/v2\/pages"}],"about":[{"href":"https:\/\/boldgroup.agency\/sl\/wp-json\/wp\/v2\/types\/page"}],"author":[{"embeddable":true,"href":"https:\/\/boldgroup.agency\/sl\/wp-json\/wp\/v2\/users\/1"}],"replies":[{"embeddable":true,"href":"https:\/\/boldgroup.agency\/sl\/wp-json\/wp\/v2\/comments?post=100"}],"version-history":[{"count":20,"href":"https:\/\/boldgroup.agency\/sl\/wp-json\/wp\/v2\/pages\/100\/revisions"}],"predecessor-version":[{"id":8360,"href":"https:\/\/boldgroup.agency\/sl\/wp-json\/wp\/v2\/pages\/100\/revisions\/8360"}],"wp:attachment":[{"href":"https:\/\/boldgroup.agency\/sl\/wp-json\/wp\/v2\/media?parent=100"}],"curies":[{"name":"wp","href":"https:\/\/api.w.org\/{rel}","templated":true}]}}