{"id":1471,"date":"2022-03-08T08:00:40","date_gmt":"2022-03-08T08:00:40","guid":{"rendered":"http:\/\/boldgroup.agency\/kontakt\/"},"modified":"2024-09-30T06:38:32","modified_gmt":"2024-09-30T06:38:32","slug":"kontakt","status":"publish","type":"page","link":"https:\/\/boldgroup.agency\/hr\/kontakt\/","title":{"rendered":"Kontakt"},"content":{"rendered":"\n<div class=\"wp-block-cover banner banner-subpage\" style=\"min-height:40rem\"><span aria-hidden=\"true\" class=\"wp-block-cover__background has-background-dim-0 has-background-dim\"><\/span><img decoding=\"async\" loading=\"lazy\" width=\"1879\" height=\"818\" class=\"wp-block-cover__image-background wp-image-648\" alt=\"\" src=\"http:\/\/boldgroup.agency\/wp-content\/uploads\/2022\/03\/about-kv.jpg\" data-object-fit=\"cover\"\/><div class=\"wp-block-cover__inner-container is-layout-flow wp-block-cover-is-layout-flow\">\n<p class=\"has-text-align-center has-large-font-size\"><\/p>\n<\/div><\/div>\n\n\n\n<div class=\"wp-block-group about-desc container is-layout-flow wp-block-group-is-layout-flow\"><div class=\"wp-block-group__inner-container\">\n<h2 class=\"wp-block-heading\">Kontakt<\/h2>\n<\/div><\/div>\n\n\n\n<div class=\"wp-block-group contact-form contact-form-main container is-layout-flow wp-block-group-is-layout-flow\"><div class=\"wp-block-group__inner-container\">\n<div class=\"wpcf7 no-js\" id=\"wpcf7-f1473-o1\" lang=\"sl-SI\" dir=\"ltr\">\n<div class=\"screen-reader-response\"><p role=\"status\" aria-live=\"polite\" aria-atomic=\"true\"><\/p> <ul><\/ul><\/div>\n<form action=\"\/hr\/wp-json\/wp\/v2\/pages\/1471#wpcf7-f1473-o1\" method=\"post\" class=\"wpcf7-form init cf7mls-no-scroll cf7mls-no-moving-animation\" aria-label=\"Contact form\" novalidate=\"novalidate\" data-status=\"init\">\n<div style=\"display: none;\">\n<input type=\"hidden\" name=\"_wpcf7\" value=\"1473\" \/>\n<input type=\"hidden\" name=\"_wpcf7_version\" value=\"5.8\" \/>\n<input type=\"hidden\" name=\"_wpcf7_locale\" value=\"sl_SI\" \/>\n<input type=\"hidden\" name=\"_wpcf7_unit_tag\" value=\"wpcf7-f1473-o1\" \/>\n<input type=\"hidden\" name=\"_wpcf7_container_post\" value=\"0\" \/>\n<input type=\"hidden\" name=\"_wpcf7_posted_data_hash\" value=\"\" \/>\n<input type=\"hidden\" name=\"_wpcf7_recaptcha_response\" value=\"\" \/>\n<\/div>\n<div class=\"form7-row\">\n\t<div class=\"form7-col\">\n\t\t<p><label><span class=\"wpcf7-form-control-wrap\" data-name=\"your-name\"><input size=\"40\" class=\"wpcf7-form-control wpcf7-text wpcf7-validates-as-required\" aria-required=\"true\" aria-invalid=\"false\" placeholder=\"Ime i Prezime\" value=\"\" type=\"text\" name=\"your-name\" \/><\/span> <\/label>\n\t\t<\/p>\n\t<\/div>\n\t<div class=\"form7-col\">\n\t\t<p><label><br \/>\n<span class=\"wpcf7-form-control-wrap\" data-name=\"your-email\"><input size=\"40\" class=\"wpcf7-form-control wpcf7-email wpcf7-validates-as-required wpcf7-text wpcf7-validates-as-email\" aria-required=\"true\" aria-invalid=\"false\" placeholder=\"Email\" value=\"\" type=\"email\" name=\"your-email\" \/><\/span> <\/label>\n\t\t<\/p>\n\t<\/div>\n<\/div>\n<div class=\"form7-row\">\n\t<div class=\"form7-col\">\n\t\t<p><label><br \/>\n<span class=\"wpcf7-form-control-wrap\" data-name=\"spletna\"><input size=\"40\" class=\"wpcf7-form-control wpcf7-text\" aria-invalid=\"false\" placeholder=\"Web stranica\" value=\"\" type=\"text\" name=\"spletna\" \/><\/span><br \/>\n<\/label>\n\t\t<\/p>\n\t<\/div>\n\t<div class=\"form7-col\">\n\t\t<p><label><br \/>\n<span class=\"wpcf7-form-control-wrap\" data-name=\"podjetje\"><input size=\"40\" class=\"wpcf7-form-control wpcf7-text\" aria-invalid=\"false\" placeholder=\"Ime poduze\u0107a\" value=\"\" type=\"text\" name=\"podjetje\" \/><\/span><\/label>\n\t\t<\/p>\n\t<\/div>\n<\/div>\n<div class=\"form7-row\">\n\t<div class=\"form7-col form7-col-12\">\n\t\t<p><label class=\"form-7-dropdown\"><br \/>\n<span>Povjerite nam okvirni prora\u010dun<br \/>\n<\/span><br \/>\n<span class=\"wpcf7-form-control-wrap\" data-name=\"menu-91\"><select class=\"wpcf7-form-control wpcf7-select\" aria-invalid=\"false\" name=\"menu-91\"><option value=\"5.000\u20ac - 15.000\u20ac\">5.000\u20ac - 15.000\u20ac<\/option><option value=\"15.000\u20ac - 30.000\u20ac\">15.000\u20ac - 30.000\u20ac<\/option><option value=\"30.000\u20ac - 50.000\u20ac\">30.000\u20ac - 50.000\u20ac<\/option><option value=\"50.000\u20ac - 100.000\u20ac\">50.000\u20ac - 100.000\u20ac<\/option><option value=\"100.000\u20ac\n            +\">100.000\u20ac\n            +<\/option><\/select><\/span><\/label>\n\t\t<\/p>\n\t<\/div>\n<\/div>\n<div class=\"form7-row\">\n\t<div class=\"form7-col form7-col-12\">\n\t\t<p><label> <span class=\"wpcf7-form-control-wrap\" data-name=\"your-message\"><textarea cols=\"40\" rows=\"10\" class=\"wpcf7-form-control wpcf7-textarea\" aria-invalid=\"false\" placeholder=\"Poruka\" name=\"your-message\"><\/textarea><\/span> <\/label>\n\t\t<\/p>\n\t<\/div>\n<\/div>\n<div class=\"form7-accept\">\n\t<p><label><br \/>\n<span class=\"wpcf7-form-control-wrap\" data-name=\"checkbox-286\"><span class=\"wpcf7-form-control wpcf7-checkbox wpcf7-validates-as-required\"><span class=\"wpcf7-list-item first last\"><label><input type=\"checkbox\" name=\"checkbox-286[]\" value=\"Suglasan sam da bold.grupa pohranjuje i obra\u0111uje moje podatke isklju\u010divo zbog lak\u0161e komunikacije te obavje\u0161tavanja o ponudi.\" \/><span class=\"wpcf7-list-item-label\">Suglasan sam da bold.grupa pohranjuje i obra\u0111uje moje podatke isklju\u010divo zbog lak\u0161e komunikacije te obavje\u0161tavanja o ponudi.<\/span><\/label><\/span><\/span><\/span> <a href='\/politika-zasebnosti' target='_blank'><span> Pro\u010ditajte na\u0161u politiku privatnosti.<\/span><\/a><br \/>\n<\/label>\n\t<\/p>\n<\/div>\n<div class=\"form7-submit-wrapper\">\n\t<p><input class=\"wpcf7-form-control wpcf7-submit has-spinner\" type=\"submit\" value=\"Po\u0161lji\" \/>\n\t<\/p>\n<\/div><input type='hidden' class='wpcf7-pum' value='{\"closepopup\":false,\"closedelay\":0,\"openpopup\":false,\"openpopup_id\":0}' \/><div class=\"wpcf7-response-output\" aria-hidden=\"true\"><\/div>\n<\/form>\n<\/div>\n\n<\/div><\/div>\n\n\n\n<section class=\"wp-block-group contact-info is-layout-flow wp-block-group-is-layout-flow\"><div class=\"wp-block-group__inner-container\">\n<div class=\"wp-block-group container is-layout-flow wp-block-group-is-layout-flow\"><div class=\"wp-block-group__inner-container\">\n<div class=\"wp-block-columns is-layout-flex wp-container-6 wp-block-columns-is-layout-flex\">\n<div class=\"wp-block-column is-vertically-aligned-center is-layout-flow wp-block-column-is-layout-flow\" style=\"flex-basis:33.333%\">\n<ul>\n<li><strong>bold<\/strong>.group<\/li>\n\n\n\n<li>Litostrojska cesta 58c<\/li>\n\n\n\n<li>1000 Ljubljana<\/li>\n\n\n\n<li>Slovenija<\/li>\n<\/ul>\n\n\n\n<ul>\n<li><a href=\"mailto:play@boldgroup.si\">play@boldgroup.si<\/a><\/li>\n\n\n\n<li>+38664199633<\/li>\n<\/ul>\n<\/div>\n\n\n\n<div class=\"wp-block-column is-layout-flow wp-block-column-is-layout-flow\" style=\"flex-basis:66.666%\">\n<iframe class=\"contact-map\" src=\"https:\/\/www.google.com\/maps\/embed?pb=!1m18!1m12!1m3!1d2767.5844598603667!2d14.495148511954383!3d46.07932629206605!2m3!1f0!2f0!3f0!3m2!1i1024!2i768!4f13.1!3m3!1m2!1s0x476532cf4c525ac9%3A0x6a8e5ee7e76319e8!2sLitostrojska%20Cesta%2058c%2C%201000%20Ljubljana%2C%20Slovenija!5e0!3m2!1ssl!2sch!4v1727678189676!5m2!1ssl!2sch\" width=\"600\" height=\"450\" style=\"border:0;\" allowfullscreen=\"\" loading=\"lazy\" referrerpolicy=\"no-referrer-when-downgrade\"><\/iframe>\n<\/div>\n<\/div>\n<\/div><\/div>\n<\/div><\/section>\n","protected":false},"excerpt":{"rendered":"<p>Kontakt<\/p>\n","protected":false},"author":1,"featured_media":0,"parent":0,"menu_order":0,"comment_status":"closed","ping_status":"closed","template":"","meta":{"ngg_post_thumbnail":0,"footnotes":""},"acf":[],"yoast_head":"<!-- This site is optimized with the Yoast SEO plugin v20.13 - https:\/\/yoast.com\/wordpress\/plugins\/seo\/ -->\n<title>Kontakt - Bold group HR<\/title>\n<meta name=\"robots\" content=\"index, follow, max-snippet:-1, max-image-preview:large, max-video-preview:-1\" \/>\n<link rel=\"canonical\" href=\"https:\/\/boldgroup.agency\/hr\/kontakt\/\" \/>\n<meta property=\"og:locale\" content=\"hr_HR\" \/>\n<meta property=\"og:type\" content=\"article\" \/>\n<meta property=\"og:title\" content=\"Kontakt - Bold group HR\" \/>\n<meta property=\"og:description\" content=\"Kontakt\" \/>\n<meta property=\"og:url\" content=\"https:\/\/boldgroup.agency\/hr\/kontakt\/\" \/>\n<meta property=\"og:site_name\" content=\"Bold group HR\" \/>\n<meta property=\"article:modified_time\" content=\"2024-09-30T06:38:32+00:00\" \/>\n<meta property=\"og:image\" content=\"http:\/\/boldgroup.agency\/wp-content\/uploads\/2022\/03\/about-kv.jpg\" \/>\n<meta name=\"twitter:card\" content=\"summary_large_image\" \/>\n<meta name=\"twitter:label1\" content=\"Procijenjeno vrijeme \u010ditanja\" \/>\n\t<meta name=\"twitter:data1\" content=\"1 minuta\" \/>\n<script type=\"application\/ld+json\" class=\"yoast-schema-graph\">{\"@context\":\"https:\/\/schema.org\",\"@graph\":[{\"@type\":\"WebPage\",\"@id\":\"https:\/\/boldgroup.agency\/hr\/kontakt\/\",\"url\":\"https:\/\/boldgroup.agency\/hr\/kontakt\/\",\"name\":\"Kontakt - Bold group HR\",\"isPartOf\":{\"@id\":\"https:\/\/boldgroup.agency\/#website\"},\"datePublished\":\"2022-03-08T08:00:40+00:00\",\"dateModified\":\"2024-09-30T06:38:32+00:00\",\"inLanguage\":\"hr\",\"potentialAction\":[{\"@type\":\"ReadAction\",\"target\":[\"https:\/\/boldgroup.agency\/hr\/kontakt\/\"]}]},{\"@type\":\"WebSite\",\"@id\":\"https:\/\/boldgroup.agency\/#website\",\"url\":\"https:\/\/boldgroup.agency\/\",\"name\":\"Bold group HR\",\"description\":\"Skupaj razvijamo drzne ideje, ki oblikujejo nov 360\u00ba svet.\",\"potentialAction\":[{\"@type\":\"SearchAction\",\"target\":{\"@type\":\"EntryPoint\",\"urlTemplate\":\"https:\/\/boldgroup.agency\/?s={search_term_string}\"},\"query-input\":\"required name=search_term_string\"}],\"inLanguage\":\"hr\"}]}<\/script>\n<!-- \/ Yoast SEO plugin. -->","yoast_head_json":{"title":"Kontakt - Bold group HR","robots":{"index":"index","follow":"follow","max-snippet":"max-snippet:-1","max-image-preview":"max-image-preview:large","max-video-preview":"max-video-preview:-1"},"canonical":"https:\/\/boldgroup.agency\/hr\/kontakt\/","og_locale":"hr_HR","og_type":"article","og_title":"Kontakt - Bold group HR","og_description":"Kontakt","og_url":"https:\/\/boldgroup.agency\/hr\/kontakt\/","og_site_name":"Bold group HR","article_modified_time":"2024-09-30T06:38:32+00:00","og_image":[{"url":"http:\/\/boldgroup.agency\/wp-content\/uploads\/2022\/03\/about-kv.jpg"}],"twitter_card":"summary_large_image","twitter_misc":{"Procijenjeno vrijeme \u010ditanja":"1 minuta"},"schema":{"@context":"https:\/\/schema.org","@graph":[{"@type":"WebPage","@id":"https:\/\/boldgroup.agency\/hr\/kontakt\/","url":"https:\/\/boldgroup.agency\/hr\/kontakt\/","name":"Kontakt - Bold group HR","isPartOf":{"@id":"https:\/\/boldgroup.agency\/#website"},"datePublished":"2022-03-08T08:00:40+00:00","dateModified":"2024-09-30T06:38:32+00:00","inLanguage":"hr","potentialAction":[{"@type":"ReadAction","target":["https:\/\/boldgroup.agency\/hr\/kontakt\/"]}]},{"@type":"WebSite","@id":"https:\/\/boldgroup.agency\/#website","url":"https:\/\/boldgroup.agency\/","name":"Bold group HR","description":"Skupaj razvijamo drzne ideje, ki oblikujejo nov 360\u00ba svet.","potentialAction":[{"@type":"SearchAction","target":{"@type":"EntryPoint","urlTemplate":"https:\/\/boldgroup.agency\/?s={search_term_string}"},"query-input":"required name=search_term_string"}],"inLanguage":"hr"}]}},"_links":{"self":[{"href":"https:\/\/boldgroup.agency\/hr\/wp-json\/wp\/v2\/pages\/1471"}],"collection":[{"href":"https:\/\/boldgroup.agency\/hr\/wp-json\/wp\/v2\/pages"}],"about":[{"href":"https:\/\/boldgroup.agency\/hr\/wp-json\/wp\/v2\/types\/page"}],"author":[{"embeddable":true,"href":"https:\/\/boldgroup.agency\/hr\/wp-json\/wp\/v2\/users\/1"}],"replies":[{"embeddable":true,"href":"https:\/\/boldgroup.agency\/hr\/wp-json\/wp\/v2\/comments?post=1471"}],"version-history":[{"count":1,"href":"https:\/\/boldgroup.agency\/hr\/wp-json\/wp\/v2\/pages\/1471\/revisions"}],"predecessor-version":[{"id":7545,"href":"https:\/\/boldgroup.agency\/hr\/wp-json\/wp\/v2\/pages\/1471\/revisions\/7545"}],"wp:attachment":[{"href":"https:\/\/boldgroup.agency\/hr\/wp-json\/wp\/v2\/media?parent=1471"}],"curies":[{"name":"wp","href":"https:\/\/api.w.org\/{rel}","templated":true}]}}