{"id":1469,"date":"2022-03-18T11:41:10","date_gmt":"2022-03-18T11:41:10","guid":{"rendered":"http:\/\/boldgroup.agency\/karijera\/"},"modified":"2022-07-27T10:51:24","modified_gmt":"2022-07-27T10:51:24","slug":"karijera2","status":"publish","type":"page","link":"https:\/\/boldgroup.agency\/hr\/karijera2\/","title":{"rendered":"Karijera"},"content":{"rendered":"\n<div class=\"wp-block-group is-layout-flow wp-block-group-is-layout-flow\"><div class=\"wp-block-group__inner-container\">\n<p class=\"text-big\">Pridru\u017ei se na\u0161em timu hrabrih stru\u010dnjaka u kojem uvijek razmi\u0161ljamo izvan okvira, stalno u\u010dimo i u ugodnoj atmosferi dose\u017eemo nezamislive ciljeve.<\/p>\n\n\n\n<h2 class=\"wp-block-heading\">Tko <strong>je za nas bold?<\/strong> <\/h2>\n\n\n\n<p class=\"text-big\">Samopouzdan pojedinac koji je uvijek spreman riskirati i razmi\u0161ljati izvan okvira. Kreativac koji nije razmetljiv, ali \u010diju prisutnost ljudi osjete \u010dim u\u0111e u prostor. Skroman je, a smion, bitanga, ali gospodin, James Bond s licencom za humor, ali nije seksist. Zna se prilagoditi i slu\u0161ati, o njemu govore njegova djela. Probudi se na prvi zvon budilice i uvijek je to\u010dan. Uzima loptu u zadnjoj sekundi tekme i preuzima odgovornost bez obzira na kona\u010dni ishod te stoji iza svojih odluka. \u017deljan je novih znanja i rado dijeli ve\u0107 ste\u010dena iskustva.<\/p>\n<\/div><\/div>\n\n\n\n<p>Jesi li se prona\u0161ao u ovom opisu? <strong>Provjeri ponudu otvorenih radnih mjesta. <\/strong><\/p>\n\n\n\n<section class=\"wp-block-group workList is-layout-flow wp-block-group-is-layout-flow\"><div class=\"wp-block-group__inner-container\"><\/div><\/section>\n\n\n\n<div class=\"wp-block-group work-boxed is-layout-flow wp-block-group-is-layout-flow\"><div class=\"wp-block-group__inner-container\">\n<div class=\"wp-block-group work-boxed-row is-layout-flow wp-block-group-is-layout-flow\"><div class=\"wp-block-group__inner-container\">\n<h2 class=\"wp-block-heading\">Ne vidi\u0161 svoj posao iz snova? <\/h2>\n\n\n\n<p class=\"text-big\">Stalno smo u potrazi za novim talentima! \u010cak i ako radno mjesto trenutno nije otvoreno, slobodno nam po\u0161alji prijavu sa \u017eivotopisom i kontaktirat \u0107emo te.<\/p>\n\n\n\n<p class=\"link link-light\"><a href=\"https:\/\/boldgroup.agency\/hr\/prijava-za-posao\/\">Po\u0161alji nam svoj \u017eivotopis.<\/a><\/p>\n<\/div><\/div>\n\n\n\n<div class=\"wp-block-group work-boxed-row is-layout-flow wp-block-group-is-layout-flow\"><div class=\"wp-block-group__inner-container\">\n<h2 class=\"wp-block-heading\">Freelancer?<\/h2>\n\n\n\n<p class=\"text-big\">\u010cesto na projektima sura\u0111ujemo s freelancerima, vanjskim suradnicima ili boutique agencijama. Ukoliko te zanima suradnja, po\u0161alji nam prijavu i pohranit \u0107emo te u na\u0161u bazu podataka.<\/p>\n\n\n\n<p class=\"link link-light\"><a href=\"https:\/\/boldgroup.agency\/hr\/suradnja-na-projektima\/\">Po\u0161alji nam poruku<\/a><\/p>\n<\/div><\/div>\n\n\n\n<div class=\"wp-block-group work-boxed-row is-layout-flow wp-block-group-is-layout-flow\"><div class=\"wp-block-group__inner-container\">\n<h2 class=\"wp-block-heading\">Student?<\/h2>\n\n\n\n<p class=\"text-big\">\u017deli\u0161 za vrijeme studija dobiti odgovaraju\u0107e iskustvo iz podru\u010dja marketinga, a ne zna\u0161 gdje zapo\u010deti? Rado \u0107emo te primiti u na\u0161 razvojni program tijekom kojeg \u0107e\u0161 se upoznati s radom u agenciji i ste\u0107i nova znanja.<\/p>\n\n\n\n<p class=\"link link-light\"><a href=\"https:\/\/boldgroup.agency\/hr\/prijava-za-posao\/\">Prijavi se.<\/a><\/p>\n<\/div><\/div>\n<\/div><\/div>\n\n\n\n<section class=\"wp-block-group work-offer is-layout-flow wp-block-group-is-layout-flow\"><div class=\"wp-block-group__inner-container\">\n<h2 class=\"wp-block-heading\">\u0160to<strong> nudimo?<\/strong><\/h2>\n\n\n\n<p class=\"text-big\">Dobrobit na\u0161eg tima nam je prioritet, zato osiguravamo ugodno radno okru\u017eenje u kojem mo\u017eete razvijati svoje hrabre ideje, redovite nagrade i nesmetano dru\u017eenje s ostalim \u010dlanovima tima.<\/p>\n\n\n\n<div class=\"wp-block-group work-offer-row is-layout-flow wp-block-group-is-layout-flow\"><div class=\"wp-block-group__inner-container\">\n<div class=\"wp-block-columns is-layout-flex wp-container-11 wp-block-columns-is-layout-flex\">\n<div class=\"wp-block-column is-layout-flow wp-block-column-is-layout-flow\">\n<figure class=\"wp-block-image size-full\"><img decoding=\"async\" loading=\"lazy\" width=\"252\" height=\"316\" src=\"http:\/\/boldgroup.agency\/wp-content\/uploads\/2022\/03\/kobu-agency-7okkFhxrxNw-unsplash.jpg\" alt=\"\" class=\"wp-image-370\"\/><\/figure>\n\n\n\n<h4 class=\"wp-block-heading\">Razvoj karijere i mentorstvo<\/h4>\n\n\n\n<p class=\"desktop-only\">\u017delimo da se razvija\u0161 i kao pojedinac, stoga ti nudimo stalno mentorstvo, a redovitim kvartalnim razgovorima ti poma\u017eemo rasti.<\/p>\n<\/div>\n\n\n\n<div class=\"wp-block-column is-layout-flow wp-block-column-is-layout-flow\">\n<figure class=\"wp-block-image size-full\"><img decoding=\"async\" loading=\"lazy\" width=\"252\" height=\"314\" src=\"http:\/\/boldgroup.agency\/wp-content\/uploads\/2022\/03\/5.jpg\" alt=\"\" class=\"wp-image-389\"\/><\/figure>\n\n\n\n<h4 class=\"wp-block-heading\">Agilni projekti<\/h4>\n\n\n\n<p class=\"desktop-only\">Hrabrim pristupom oblikujemo agilne timove za klijente najrazli\u010ditijih djelatnosti.<\/p>\n<\/div>\n\n\n\n<div class=\"wp-block-column is-layout-flow wp-block-column-is-layout-flow\">\n<figure class=\"wp-block-image size-full\"><img decoding=\"async\" loading=\"lazy\" width=\"252\" height=\"314\" src=\"http:\/\/boldgroup.agency\/wp-content\/uploads\/2022\/03\/6.jpg\" alt=\"\" class=\"wp-image-390\"\/><\/figure>\n\n\n\n<h4 class=\"wp-block-heading\">Prora\u010dun za edukacije<\/h4>\n\n\n\n<p class=\"desktop-only\">Znamo da u\u010denje nikada ne prestaje. Stoga ti nudimo poseban prora\u010dun za edukacije, koje su kao stvorene za tebe.<\/p>\n<\/div>\n\n\n\n<div class=\"wp-block-column is-layout-flow wp-block-column-is-layout-flow\">\n<figure class=\"wp-block-image size-full\"><img decoding=\"async\" loading=\"lazy\" width=\"252\" height=\"314\" src=\"http:\/\/boldgroup.agency\/wp-content\/uploads\/2022\/03\/7.jpg\" alt=\"\" class=\"wp-image-391\"\/><\/figure>\n\n\n\n<h4 class=\"wp-block-heading\">Prisustvovanje na zanimljivim konferencijama<\/h4>\n\n\n\n<p class=\"desktop-only\">Networking je klju\u010dni element na\u0161ega uspjeha te rado istra\u017eujemo nove ideje i znanja s na\u0161om ekipom.<\/p>\n<\/div>\n<\/div>\n\n\n\n<div class=\"wp-block-columns is-layout-flex wp-container-16 wp-block-columns-is-layout-flex\">\n<div class=\"wp-block-column is-layout-flow wp-block-column-is-layout-flow\">\n<figure class=\"wp-block-image size-full\"><img decoding=\"async\" loading=\"lazy\" width=\"252\" height=\"314\" src=\"http:\/\/boldgroup.agency\/wp-content\/uploads\/2022\/03\/4.jpg\" alt=\"\" class=\"wp-image-388\"\/><\/figure>\n\n\n\n<h4 class=\"wp-block-heading\">Rad od ku\u0107e<\/h4>\n\n\n\n<p class=\"desktop-only\">Svaki pojedinac najbolje radi u svom okru\u017eenju, stoga dva dana u tjednu nudimo mogu\u0107nost rada od ku\u0107e.<\/p>\n<\/div>\n\n\n\n<div class=\"wp-block-column is-layout-flow wp-block-column-is-layout-flow\">\n<figure class=\"wp-block-image size-full\"><img decoding=\"async\" loading=\"lazy\" width=\"252\" height=\"314\" src=\"http:\/\/boldgroup.agency\/wp-content\/uploads\/2022\/03\/3.jpg\" alt=\"\" class=\"wp-image-387\"\/><\/figure>\n\n\n\n<h4 class=\"wp-block-heading\">Interne edukacije<\/h4>\n\n\n\n<p class=\"desktop-only\">Sharing is caring, zar ne? \u010clanovi na\u0161ega tima \u010desto pripremaju edukacije te svoje prikupljeno znanje dijele s cijelim timom.<\/p>\n<\/div>\n\n\n\n<div class=\"wp-block-column is-layout-flow wp-block-column-is-layout-flow\">\n<figure class=\"wp-block-image size-full\"><img decoding=\"async\" loading=\"lazy\" width=\"252\" height=\"314\" src=\"http:\/\/boldgroup.agency\/wp-content\/uploads\/2022\/03\/2.jpg\" alt=\"\" class=\"wp-image-386\"\/><\/figure>\n\n\n\n<h4 class=\"wp-block-heading\">Teambuilding programi<\/h4>\n\n\n\n<p class=\"desktop-only\">Nema agencijskog \u017eivota bez dru\u017eenja, zar ne? \u010cesto kombiniramo ugodno s korisnim u obliku sportskih, turisti\u010dkih ili kulturnih aktivnosti.<\/p>\n<\/div>\n\n\n\n<div class=\"wp-block-column is-layout-flow wp-block-column-is-layout-flow\">\n<figure class=\"wp-block-image size-full\"><img decoding=\"async\" loading=\"lazy\" width=\"252\" height=\"314\" src=\"http:\/\/boldgroup.agency\/wp-content\/uploads\/2022\/03\/1.jpg\" alt=\"\" class=\"wp-image-385\"\/><\/figure>\n\n\n\n<h4 class=\"wp-block-heading\">Pse\u0107a dru\u017eina<\/h4>\n\n\n\n<p class=\"desktop-only\">Obo\u017eavamo na\u0161e pse\u0107e prijatelje, stoga su vi\u0161e nego dobrodo\u0161li u na\u0161im uredima, kako bi vam ponudili mentalnu potporu u stresnim situacijama.<\/p>\n<\/div>\n<\/div>\n<\/div><\/div>\n<\/div><\/section>\n\n\n\n<div class=\"wp-block-group work-values is-layout-flow wp-block-group-is-layout-flow\"><div class=\"wp-block-group__inner-container\">\n<h2 class=\"wp-block-heading\">Na\u0161e <strong>vrijednosti<\/strong><\/h2>\n\n\n\n<p class=\"text-big\">Vjerujemo da su vrijednosti temelj dobrih odnosa i uspjeha<\/p>\n<\/div><\/div>\n\n\n\n<div class=\"wp-block-columns is-layout-flex wp-container-22 wp-block-columns-is-layout-flex\">\n<div class=\"wp-block-column is-layout-flow wp-block-column-is-layout-flow\">\n<ul class=\"list-items list-items-50\"><li>Po\u0161tovanje<\/li><li>Strast prema marketingu<\/li><li>Naporan rad<\/li><li>Timski rad<\/li><li>Transparentnost<\/li><li>Osobni razvoj i razvoj karijere<\/li><li>Pouzdanost<\/li><li>Pozitivnost i razigranost<\/li><\/ul>\n<\/div>\n\n\n\n<div class=\"wp-block-column is-layout-flow wp-block-column-is-layout-flow\"><\/div>\n<\/div>\n","protected":false},"excerpt":{"rendered":"<p>Pridru\u017ei se na\u0161em timu hrabrih stru\u010dnjaka u kojem uvijek razmi\u0161ljamo izvan okvira, stalno u\u010dimo i u ugodnoj atmosferi dose\u017eemo nezamislive ciljeve. Tko je za nas bold? Samopouzdan pojedinac koji je [&hellip;]<\/p>\n","protected":false},"author":1,"featured_media":0,"parent":0,"menu_order":0,"comment_status":"closed","ping_status":"closed","template":"work-template.php","meta":{"ngg_post_thumbnail":0,"footnotes":""},"acf":[],"yoast_head":"<!-- This site is optimized with the Yoast SEO plugin v20.13 - https:\/\/yoast.com\/wordpress\/plugins\/seo\/ -->\n<title>Karijera - Bold group HR<\/title>\n<meta name=\"robots\" content=\"index, follow, max-snippet:-1, max-image-preview:large, max-video-preview:-1\" \/>\n<link rel=\"canonical\" href=\"https:\/\/boldgroup.agency\/hr\/karijera2\/\" \/>\n<meta property=\"og:locale\" content=\"hr_HR\" \/>\n<meta property=\"og:type\" content=\"article\" \/>\n<meta property=\"og:title\" content=\"Karijera - Bold group HR\" \/>\n<meta property=\"og:description\" content=\"Pridru\u017ei se na\u0161em timu hrabrih stru\u010dnjaka u kojem uvijek razmi\u0161ljamo izvan okvira, stalno u\u010dimo i u ugodnoj atmosferi dose\u017eemo nezamislive ciljeve. Tko je za nas bold? Samopouzdan pojedinac koji je [&hellip;]\" \/>\n<meta property=\"og:url\" content=\"https:\/\/boldgroup.agency\/hr\/karijera2\/\" \/>\n<meta property=\"og:site_name\" content=\"Bold group HR\" \/>\n<meta property=\"article:modified_time\" content=\"2022-07-27T10:51:24+00:00\" \/>\n<meta name=\"twitter:card\" content=\"summary_large_image\" \/>\n<meta name=\"twitter:label1\" content=\"Procijenjeno vrijeme \u010ditanja\" \/>\n\t<meta name=\"twitter:data1\" content=\"2 minute\" \/>\n<script type=\"application\/ld+json\" class=\"yoast-schema-graph\">{\"@context\":\"https:\/\/schema.org\",\"@graph\":[{\"@type\":\"WebPage\",\"@id\":\"https:\/\/boldgroup.agency\/hr\/karijera2\/\",\"url\":\"https:\/\/boldgroup.agency\/hr\/karijera2\/\",\"name\":\"Karijera - Bold group HR\",\"isPartOf\":{\"@id\":\"https:\/\/boldgroup.agency\/#website\"},\"datePublished\":\"2022-03-18T11:41:10+00:00\",\"dateModified\":\"2022-07-27T10:51:24+00:00\",\"inLanguage\":\"hr\",\"potentialAction\":[{\"@type\":\"ReadAction\",\"target\":[\"https:\/\/boldgroup.agency\/hr\/karijera2\/\"]}]},{\"@type\":\"WebSite\",\"@id\":\"https:\/\/boldgroup.agency\/#website\",\"url\":\"https:\/\/boldgroup.agency\/\",\"name\":\"Bold group HR\",\"description\":\"Skupaj razvijamo drzne ideje, ki oblikujejo nov 360\u00ba svet.\",\"potentialAction\":[{\"@type\":\"SearchAction\",\"target\":{\"@type\":\"EntryPoint\",\"urlTemplate\":\"https:\/\/boldgroup.agency\/?s={search_term_string}\"},\"query-input\":\"required name=search_term_string\"}],\"inLanguage\":\"hr\"}]}<\/script>\n<!-- \/ Yoast SEO plugin. -->","yoast_head_json":{"title":"Karijera - Bold group HR","robots":{"index":"index","follow":"follow","max-snippet":"max-snippet:-1","max-image-preview":"max-image-preview:large","max-video-preview":"max-video-preview:-1"},"canonical":"https:\/\/boldgroup.agency\/hr\/karijera2\/","og_locale":"hr_HR","og_type":"article","og_title":"Karijera - Bold group HR","og_description":"Pridru\u017ei se na\u0161em timu hrabrih stru\u010dnjaka u kojem uvijek razmi\u0161ljamo izvan okvira, stalno u\u010dimo i u ugodnoj atmosferi dose\u017eemo nezamislive ciljeve. Tko je za nas bold? Samopouzdan pojedinac koji je [&hellip;]","og_url":"https:\/\/boldgroup.agency\/hr\/karijera2\/","og_site_name":"Bold group HR","article_modified_time":"2022-07-27T10:51:24+00:00","twitter_card":"summary_large_image","twitter_misc":{"Procijenjeno vrijeme \u010ditanja":"2 minute"},"schema":{"@context":"https:\/\/schema.org","@graph":[{"@type":"WebPage","@id":"https:\/\/boldgroup.agency\/hr\/karijera2\/","url":"https:\/\/boldgroup.agency\/hr\/karijera2\/","name":"Karijera - Bold group HR","isPartOf":{"@id":"https:\/\/boldgroup.agency\/#website"},"datePublished":"2022-03-18T11:41:10+00:00","dateModified":"2022-07-27T10:51:24+00:00","inLanguage":"hr","potentialAction":[{"@type":"ReadAction","target":["https:\/\/boldgroup.agency\/hr\/karijera2\/"]}]},{"@type":"WebSite","@id":"https:\/\/boldgroup.agency\/#website","url":"https:\/\/boldgroup.agency\/","name":"Bold group HR","description":"Skupaj razvijamo drzne ideje, ki oblikujejo nov 360\u00ba svet.","potentialAction":[{"@type":"SearchAction","target":{"@type":"EntryPoint","urlTemplate":"https:\/\/boldgroup.agency\/?s={search_term_string}"},"query-input":"required name=search_term_string"}],"inLanguage":"hr"}]}},"_links":{"self":[{"href":"https:\/\/boldgroup.agency\/hr\/wp-json\/wp\/v2\/pages\/1469"}],"collection":[{"href":"https:\/\/boldgroup.agency\/hr\/wp-json\/wp\/v2\/pages"}],"about":[{"href":"https:\/\/boldgroup.agency\/hr\/wp-json\/wp\/v2\/types\/page"}],"author":[{"embeddable":true,"href":"https:\/\/boldgroup.agency\/hr\/wp-json\/wp\/v2\/users\/1"}],"replies":[{"embeddable":true,"href":"https:\/\/boldgroup.agency\/hr\/wp-json\/wp\/v2\/comments?post=1469"}],"version-history":[{"count":0,"href":"https:\/\/boldgroup.agency\/hr\/wp-json\/wp\/v2\/pages\/1469\/revisions"}],"wp:attachment":[{"href":"https:\/\/boldgroup.agency\/hr\/wp-json\/wp\/v2\/media?parent=1469"}],"curies":[{"name":"wp","href":"https:\/\/api.w.org\/{rel}","templated":true}]}}