{"id":1465,"date":"2022-03-16T14:26:59","date_gmt":"2022-03-16T14:26:59","guid":{"rendered":"http:\/\/boldgroup.agency\/o-nama\/"},"modified":"2022-07-27T10:50:20","modified_gmt":"2022-07-27T10:50:20","slug":"o-nama","status":"publish","type":"page","link":"https:\/\/boldgroup.agency\/hr\/o-nama\/","title":{"rendered":"O nama"},"content":{"rendered":"\n<div class=\"wp-block-group is-layout-flow wp-block-group-is-layout-flow\"><div class=\"wp-block-group__inner-container\">\n<p class=\"text-big\">Mi smo produ\u017eena ruka va\u0161eg marketin\u0161kog tima, uz koji \u0107e \u010dak i najkompliciraniji problemi postati ma\u010dji ka\u0161alj. Zajedno razvijamo hrabre ideje, koje \u0107e oblikovati novi svijet 360\u00ba.<\/p>\n\n\n\n<p><\/p>\n\n\n\n<p><\/p>\n\n\n\n<h2 class=\"wp-block-heading\">Na\u0161a pri\u010da<\/h2>\n<\/div><\/div>\n\n\n\n<section class=\"wp-block-group timeline is-layout-flow wp-block-group-is-layout-flow\"><div class=\"wp-block-group__inner-container\">\n<div class=\"wp-block-columns timeline-row is-layout-flex wp-container-3 wp-block-columns-is-layout-flex\">\n<div class=\"wp-block-column timeline-col timeline-left is-layout-flow wp-block-column-is-layout-flow\">\n<h3 class=\"has-text-align-right wp-block-heading\">AM agencija otvara svoja vrata promociji<\/h3>\n\n\n\n<p class=\"has-text-align-right\">Slovenskom tr\u017ei\u0161tu se predstavlja AM agencija, nova agencija za organizaciju doga\u0111anja i promocija.<\/p>\n\n\n\n<p class=\"timeline-year\">2016<\/p>\n<\/div>\n<\/div>\n\n\n\n<div class=\"wp-block-columns timeline-row timeline-row-right is-layout-flex wp-container-5 wp-block-columns-is-layout-flex\">\n<div class=\"wp-block-column timeline-col timeline-right is-layout-flow wp-block-column-is-layout-flow\">\n<h3 class=\"wp-block-heading\">Regionalno pozicioniranje<\/h3>\n\n\n\n<p>AM agencija se ve\u0107 u drugoj godini poslovanja pozicionirala kao jedna od najja\u010dih agencija za organizaciju doga\u0111anja te si je izgradila zavidan portfelj klijenata.<\/p>\n\n\n\n<p class=\"timeline-year\">2017<\/p>\n<\/div>\n<\/div>\n\n\n\n<div class=\"wp-block-columns timeline-row is-layout-flex wp-container-7 wp-block-columns-is-layout-flex\">\n<div class=\"wp-block-column timeline-col timeline-left is-layout-flow wp-block-column-is-layout-flow\">\n<h3 class=\"has-text-align-right wp-block-heading\">Otvaranje boutique digitalne agencije Brandground<\/h3>\n\n\n\n<p class=\"has-text-align-right\">Brandground, boutique agencija i prethodnik beglobala nastao je kao sporedni projekt.<\/p>\n\n\n\n<p class=\"timeline-year\">2018<\/p>\n<\/div>\n<\/div>\n\n\n\n<div class=\"wp-block-columns timeline-row timeline-row-right is-layout-flex wp-container-9 wp-block-columns-is-layout-flex\">\n<div class=\"wp-block-column timeline-col timeline-right is-layout-flow wp-block-column-is-layout-flow\">\n<h3 class=\"wp-block-heading\">Brandground postaje beglobal.<\/h3>\n\n\n\n<p>Nakon prvih uspje\u0161nih projekata, udru\u017eile su se snage obiju agencija i Brandground postaje beglobal.<\/p>\n\n\n\n<p class=\"timeline-year\">2019<\/p>\n<\/div>\n<\/div>\n\n\n\n<div class=\"wp-block-columns timeline-row is-layout-flex wp-container-11 wp-block-columns-is-layout-flex\">\n<div class=\"wp-block-column timeline-col timeline-left is-layout-flow wp-block-column-is-layout-flow\">\n<h3 class=\"has-text-align-right wp-block-heading\">Gubitak prihoda od 100% <\/h3>\n\n\n\n<p class=\"has-text-align-right\">U o\u017eujku iste godine je Agenciju AM pogodio potpuni gubitak prihoda, \u0161to nas je natjeralo da razmi\u0161ljamo izvan okvira. Agencija AM iste godine osvaja izbor za kreativnu agenciju brenda Barcaffe.<\/p>\n\n\n\n<p class=\"timeline-year\">2020<\/p>\n<\/div>\n<\/div>\n\n\n\n<div class=\"wp-block-columns timeline-row timeline-row-right is-layout-flex wp-container-13 wp-block-columns-is-layout-flex\">\n<div class=\"wp-block-column timeline-col timeline-right is-layout-flow wp-block-column-is-layout-flow\">\n<h3 class=\"wp-block-heading\">Sve tjesnija suradnja izme\u0111u dviju agencija<\/h3>\n\n\n\n<p>Digitalni marketing za vrijeme korona krize postaje sve va\u017eniji, \u0161to je rezultiralo sve ve\u0107im brojem zajedni\u010dkih projekata, zbog \u010dega se pojavljuje sve vi\u0161e sinergija.<\/p>\n\n\n\n<p class=\"timeline-year\">2021<\/p>\n<\/div>\n<\/div>\n\n\n\n<div class=\"wp-block-columns timeline-row is-layout-flex wp-container-15 wp-block-columns-is-layout-flex\">\n<div class=\"wp-block-column timeline-col timeline-left is-layout-flow wp-block-column-is-layout-flow\">\n<h3 class=\"has-text-align-right wp-block-heading\">Nastanak grupe BOLD<\/h3>\n\n\n\n<p class=\"has-text-align-right\">Agencije AM i beglobal su se udru\u017eile pod zajedni\u010dkim imenom bold.grupa s vizijom da postanu vode\u0107om agencijom u regiji, pa i \u0161ire.<\/p>\n\n\n\n<p class=\"timeline-year\">2022<\/p>\n<\/div>\n<\/div>\n\n\n\n<div class=\"wp-block-group timeline-end is-layout-flow wp-block-group-is-layout-flow\"><div class=\"wp-block-group__inner-container\">\n<figure class=\"wp-block-image size-full dark-theme-element\"><img decoding=\"async\" src=\"http:\/\/boldgroup.agency\/wp-content\/uploads\/2022\/03\/bold-icon.svg\" alt=\"\" class=\"wp-image-819\"\/><\/figure>\n\n\n\n<figure class=\"wp-block-image size-full light-theme-element\"><img decoding=\"async\" src=\"http:\/\/boldgroup.agency\/wp-content\/uploads\/2022\/03\/logo-black.svg\" alt=\"\" class=\"wp-image-580\"\/><\/figure>\n\n\n\n<figure class=\"wp-block-image size-full timeline-end-underline\"><img decoding=\"async\" src=\"http:\/\/boldgroup.agency\/wp-content\/uploads\/2022\/03\/underline-bold.svg\" alt=\"\" class=\"wp-image-462\"\/><\/figure>\n<\/div><\/div>\n<\/div><\/section>\n\n\n\n<div class=\"wp-block-group our-values is-layout-flow wp-block-group-is-layout-flow\"><div class=\"wp-block-group__inner-container\">\n<h2 class=\"wp-block-heading\">Na\u0161e vrijednosti<\/h2>\n\n\n\n<div class=\"wp-block-columns our-values-row is-layout-flex wp-container-21 wp-block-columns-is-layout-flex\">\n<div class=\"wp-block-column is-layout-flow wp-block-column-is-layout-flow\">\n<h4 class=\"wp-block-heading\">Odgovornost<\/h4>\n\n\n\n<p>Prihva\u0107amo odgovornost za dosljedno izvr\u0161avanje dogovora prema partnerima, zaposlenicima i vlasnicima, \u0161to obe\u0107amo, to i ispunimo.<\/p>\n<\/div>\n\n\n\n<div class=\"wp-block-column is-layout-flow wp-block-column-is-layout-flow\">\n<h4 class=\"wp-block-heading\">Izvrsnost<\/h4>\n\n\n\n<p>Zadovoljni smo samo s najboljim, u svemu \u0161to radimo.<\/p>\n<\/div>\n\n\n\n<div class=\"wp-block-column is-layout-flow wp-block-column-is-layout-flow\">\n<h4 class=\"wp-block-heading\">Fleksibilnost<\/h4>\n\n\n\n<p>Spremni smo prilagoditi se budu\u0107im promjenama, trendovima i potrebama, tra\u017eimo prilike i promi\u0161ljeno riskiramo, otvoreni smo i spremni na cjelo\u017eivotno u\u010denje.<\/p>\n<\/div>\n<\/div>\n\n\n\n<div class=\"wp-block-columns our-values-row is-layout-flex wp-container-25 wp-block-columns-is-layout-flex\">\n<div class=\"wp-block-column is-layout-flow wp-block-column-is-layout-flow\">\n<h4 class=\"wp-block-heading\">U\u010dinkovitost<\/h4>\n\n\n\n<p>Snala\u017eljivo upravljamo izvorima, usredoto\u010deni smo na aktivnosti koje stvaraju vrijednost, jednostavno i u\u010dinkovito izvr\u0161avamo zadatke, dose\u017eemo rezultate s primjerenim tro\u0161kovima, brzinom i kvalitetom.<\/p>\n<\/div>\n\n\n\n<div class=\"wp-block-column is-layout-flow wp-block-column-is-layout-flow\">\n<h4 class=\"wp-block-heading\">Integritet<\/h4>\n\n\n\n<p>Po\u0161teni smo i pouzdani, pa\u017eljivo slu\u0161amo i primjereno komuniciramo, dajemo primjer, vjerujemo drugima i gradimo odnose pune povjerenja.<\/p>\n<\/div>\n\n\n\n<div class=\"wp-block-column is-layout-flow wp-block-column-is-layout-flow\">\n<h4 class=\"wp-block-heading\">Ambicioznost<\/h4>\n\n\n\n<p>Dozvoljavamo si hrabrost koja poti\u010de razvoj tr\u017ei\u0161ta, inovativnost, postavljamo prodorne ciljeve, stvaramo nove trendove te hrabro pomi\u010demo granice mogu\u0107eg.<\/p>\n<\/div>\n<\/div>\n\n\n\n<div class=\"wp-block-group is-layout-flow wp-block-group-is-layout-flow\"><div class=\"wp-block-group__inner-container\"><\/div><\/div>\n<\/div><\/div>\n\n\n\n<div class=\"wp-block-group more-boxes is-layout-flow wp-block-group-is-layout-flow\"><div class=\"wp-block-group__inner-container\">\n<div class=\"wp-block-columns more-boxes-row is-layout-flex wp-container-32 wp-block-columns-is-layout-flex\">\n<div class=\"wp-block-column more-boxes-col is-layout-flow wp-block-column-is-layout-flow\">\n<h2 class=\"wp-block-heading\">Na\u0161 tim<\/h2>\n\n\n\n<p>Ponosni smo \u0161to se na\u0161 tim sastoji od najrazli\u010ditijih talenata, koji stalno razmi\u0161ljaju izvan okvira. Svaki pojedinac je specijaliziran u svome podru\u010dju, a zajedno \u010dine cjelinu, koja se mo\u017ee nositi i s najve\u0107im izazovima. Upoznajte pojedince, koji stoje iza hrabrih projekata.<\/p>\n\n\n\n<div class=\"wp-block-group section-link is-layout-flow wp-block-group-is-layout-flow\"><div class=\"wp-block-group__inner-container\">\n<a href=\"https:\/\/boldgroup.agency\/hr\/nas-tim\/\"><i class=\"las la-arrow-right bold-arrow\"><\/i><span>\nPogledajte cijeli tim<\/span><\/a>\n<\/div><\/div>\n<\/div>\n\n\n\n<div class=\"wp-block-column more-boxes-col is-layout-flow wp-block-column-is-layout-flow\">\n<h2 class=\"wp-block-heading\">Karijera<\/h2>\n\n\n\n<p>Uvijek smo u potrazi za novim hrabrim pojedincima, koji \u0107e razvijati izvan okvira naizgled nemogu\u0107e ideje. Obo\u017eavamo nekonvencionalnost, zdravu mjeru tvrdoglavosti i disciplinu, koji zajedno s malo kreativnosti i timskim radom dovode do rezultata.<\/p>\n\n\n\n<div class=\"wp-block-group section-link is-layout-flow wp-block-group-is-layout-flow\"><div class=\"wp-block-group__inner-container\">\n<a href=\"https:\/\/boldgroup.agency\/hr\/karijera2\/\"><i class=\"las la-arrow-right bold-arrow\"><\/i><span>Pogledajte prilike za posao<\/span><\/a>\n<\/div><\/div>\n<\/div>\n<\/div>\n<\/div><\/div>\n\n\n\n<p><\/p>\n","protected":false},"excerpt":{"rendered":"<p>Mi smo produ\u017eena ruka va\u0161eg marketin\u0161kog tima, uz koji \u0107e \u010dak i najkompliciraniji problemi postati ma\u010dji ka\u0161alj. Zajedno razvijamo hrabre ideje, koje \u0107e oblikovati novi svijet 360\u00ba. Na\u0161a pri\u010da AM [&hellip;]<\/p>\n","protected":false},"author":1,"featured_media":1360,"parent":0,"menu_order":0,"comment_status":"closed","ping_status":"closed","template":"about-us.php","meta":{"ngg_post_thumbnail":0,"footnotes":""},"acf":[],"yoast_head":"<!-- This site is optimized with the Yoast SEO plugin v20.13 - https:\/\/yoast.com\/wordpress\/plugins\/seo\/ -->\n<title>O nama - Bold group HR<\/title>\n<meta name=\"robots\" content=\"index, follow, max-snippet:-1, max-image-preview:large, max-video-preview:-1\" \/>\n<link rel=\"canonical\" href=\"https:\/\/boldgroup.agency\/hr\/o-nama\/\" \/>\n<meta property=\"og:locale\" content=\"hr_HR\" \/>\n<meta property=\"og:type\" content=\"article\" \/>\n<meta property=\"og:title\" content=\"O nama - Bold group HR\" \/>\n<meta property=\"og:description\" content=\"Mi smo produ\u017eena ruka va\u0161eg marketin\u0161kog tima, uz koji \u0107e \u010dak i najkompliciraniji problemi postati ma\u010dji ka\u0161alj. Zajedno razvijamo hrabre ideje, koje \u0107e oblikovati novi svijet 360\u00ba. Na\u0161a pri\u010da AM [&hellip;]\" \/>\n<meta property=\"og:url\" content=\"https:\/\/boldgroup.agency\/hr\/o-nama\/\" \/>\n<meta property=\"og:site_name\" content=\"Bold group HR\" \/>\n<meta property=\"article:modified_time\" content=\"2022-07-27T10:50:20+00:00\" \/>\n<meta property=\"og:image\" content=\"https:\/\/boldgroup.agency\/wp-content\/uploads\/2022\/03\/about-kv.jpg\" \/>\n\t<meta property=\"og:image:width\" content=\"1879\" \/>\n\t<meta property=\"og:image:height\" content=\"818\" \/>\n\t<meta property=\"og:image:type\" content=\"image\/jpeg\" \/>\n<meta name=\"twitter:card\" content=\"summary_large_image\" \/>\n<meta name=\"twitter:label1\" content=\"Procijenjeno vrijeme \u010ditanja\" \/>\n\t<meta name=\"twitter:data1\" content=\"3 minute\" \/>\n<script type=\"application\/ld+json\" class=\"yoast-schema-graph\">{\"@context\":\"https:\/\/schema.org\",\"@graph\":[{\"@type\":\"WebPage\",\"@id\":\"https:\/\/boldgroup.agency\/hr\/o-nama\/\",\"url\":\"https:\/\/boldgroup.agency\/hr\/o-nama\/\",\"name\":\"O nama - Bold group HR\",\"isPartOf\":{\"@id\":\"https:\/\/boldgroup.agency\/#website\"},\"datePublished\":\"2022-03-16T14:26:59+00:00\",\"dateModified\":\"2022-07-27T10:50:20+00:00\",\"inLanguage\":\"hr\",\"potentialAction\":[{\"@type\":\"ReadAction\",\"target\":[\"https:\/\/boldgroup.agency\/hr\/o-nama\/\"]}]},{\"@type\":\"WebSite\",\"@id\":\"https:\/\/boldgroup.agency\/#website\",\"url\":\"https:\/\/boldgroup.agency\/\",\"name\":\"Bold group HR\",\"description\":\"Skupaj razvijamo drzne ideje, ki oblikujejo nov 360\u00ba svet.\",\"potentialAction\":[{\"@type\":\"SearchAction\",\"target\":{\"@type\":\"EntryPoint\",\"urlTemplate\":\"https:\/\/boldgroup.agency\/?s={search_term_string}\"},\"query-input\":\"required name=search_term_string\"}],\"inLanguage\":\"hr\"}]}<\/script>\n<!-- \/ Yoast SEO plugin. -->","yoast_head_json":{"title":"O nama - Bold group HR","robots":{"index":"index","follow":"follow","max-snippet":"max-snippet:-1","max-image-preview":"max-image-preview:large","max-video-preview":"max-video-preview:-1"},"canonical":"https:\/\/boldgroup.agency\/hr\/o-nama\/","og_locale":"hr_HR","og_type":"article","og_title":"O nama - Bold group HR","og_description":"Mi smo produ\u017eena ruka va\u0161eg marketin\u0161kog tima, uz koji \u0107e \u010dak i najkompliciraniji problemi postati ma\u010dji ka\u0161alj. Zajedno razvijamo hrabre ideje, koje \u0107e oblikovati novi svijet 360\u00ba. Na\u0161a pri\u010da AM [&hellip;]","og_url":"https:\/\/boldgroup.agency\/hr\/o-nama\/","og_site_name":"Bold group HR","article_modified_time":"2022-07-27T10:50:20+00:00","og_image":[{"width":1879,"height":818,"url":"https:\/\/boldgroup.agency\/wp-content\/uploads\/2022\/03\/about-kv.jpg","type":"image\/jpeg"}],"twitter_card":"summary_large_image","twitter_misc":{"Procijenjeno vrijeme \u010ditanja":"3 minute"},"schema":{"@context":"https:\/\/schema.org","@graph":[{"@type":"WebPage","@id":"https:\/\/boldgroup.agency\/hr\/o-nama\/","url":"https:\/\/boldgroup.agency\/hr\/o-nama\/","name":"O nama - Bold group HR","isPartOf":{"@id":"https:\/\/boldgroup.agency\/#website"},"datePublished":"2022-03-16T14:26:59+00:00","dateModified":"2022-07-27T10:50:20+00:00","inLanguage":"hr","potentialAction":[{"@type":"ReadAction","target":["https:\/\/boldgroup.agency\/hr\/o-nama\/"]}]},{"@type":"WebSite","@id":"https:\/\/boldgroup.agency\/#website","url":"https:\/\/boldgroup.agency\/","name":"Bold group HR","description":"Skupaj razvijamo drzne ideje, ki oblikujejo nov 360\u00ba svet.","potentialAction":[{"@type":"SearchAction","target":{"@type":"EntryPoint","urlTemplate":"https:\/\/boldgroup.agency\/?s={search_term_string}"},"query-input":"required name=search_term_string"}],"inLanguage":"hr"}]}},"_links":{"self":[{"href":"https:\/\/boldgroup.agency\/hr\/wp-json\/wp\/v2\/pages\/1465"}],"collection":[{"href":"https:\/\/boldgroup.agency\/hr\/wp-json\/wp\/v2\/pages"}],"about":[{"href":"https:\/\/boldgroup.agency\/hr\/wp-json\/wp\/v2\/types\/page"}],"author":[{"embeddable":true,"href":"https:\/\/boldgroup.agency\/hr\/wp-json\/wp\/v2\/users\/1"}],"replies":[{"embeddable":true,"href":"https:\/\/boldgroup.agency\/hr\/wp-json\/wp\/v2\/comments?post=1465"}],"version-history":[{"count":0,"href":"https:\/\/boldgroup.agency\/hr\/wp-json\/wp\/v2\/pages\/1465\/revisions"}],"wp:featuredmedia":[{"embeddable":true,"href":"https:\/\/boldgroup.agency\/hr\/wp-json\/wp\/v2\/media\/1360"}],"wp:attachment":[{"href":"https:\/\/boldgroup.agency\/hr\/wp-json\/wp\/v2\/media?parent=1465"}],"curies":[{"name":"wp","href":"https:\/\/api.w.org\/{rel}","templated":true}]}}